{"id":198,"date":"2020-04-15T10:58:08","date_gmt":"2020-04-15T10:58:08","guid":{"rendered":"http:\/\/habitation-saint-charles.ms.decms.eu\/mentions-legales\/"},"modified":"2025-11-05T23:39:18","modified_gmt":"2025-11-05T23:39:18","slug":"mencoes-legais","status":"publish","type":"page","link":"https:\/\/www.habitation-saint-charles.com\/pt-br\/mencoes-legais\/","title":{"rendered":"MEN\u00c7\u00d5ES LEGAIS"},"content":{"rendered":"<p style=\"font-weight: 400\">De acordo com o disposto nos artigos 6-III e 19 da Lei n\u00ba 2004-575, de 21 de junho de 2004, sobre Confian\u00e7a na economia digital, conhecida como LCEN, ela \u00e9 trazida \u00e0 aten\u00e7\u00e3o dos Usu\u00e1rios do site\u00a0<a href=\"http:\/\/www.habitation-saint-charles.com\/\" data-saferedirecturl=\"https:\/\/www.google.com\/url?q=http:\/\/www.habitation-saint-charles.com&amp;source=gmail&amp;ust=1600984131901000&amp;usg=AFQjCNFKOY7-J7cXzwEDsfps8wKAUyOTzA\">www.habitation-saint-charles.com<\/a> estes avisos legais.<\/p>\n<p style=\"font-weight: 400\">A conex\u00e3o e navega\u00e7\u00e3o no website pelo Usu\u00e1rio implica na aceita\u00e7\u00e3o total e sem reservas desses avisos legais.<\/p>\n<p style=\"font-weight: 400\">Estes est\u00e3o acess\u00edveis no website sob o t\u00edtulo &#8220;Avisos legais&#8221;.<\/p>\n<p>&nbsp;<\/p>\n<p style=\"font-weight: 400\"><strong>ARTIGO 1: O editor<\/strong><strong><br \/>\n<\/strong><\/p>\n<p style=\"font-weight: 400\">O website\u00a0<a href=\"http:\/\/www.habitation-saint-charles.com\/\" data-saferedirecturl=\"https:\/\/www.google.com\/url?q=http:\/\/www.habitation-saint-charles.com&amp;source=gmail&amp;ust=1600984131901000&amp;usg=AFQjCNFKOY7-J7cXzwEDsfps8wKAUyOTzA\">www.habitation-saint-charles.com<\/a>\u00a0\u00e9 editado pela SAS Les Villas de Grippiere com um capital de 600 euros, registrado no RCS de Pointe-\u00e0-Pitre sob o n\u00famero 829 321 645, cuja sede est\u00e1 localizada em l&#8217;Habitation Jaula, 97 129 Lamentin &#8211; Guadalupe, n\u00famero de telefone + (33) 06 90 41 28 74, endere\u00e7o de e-mail:\u00a0<a href=\"mailto:contact@habitation-saint-charles.com\">contact@habitation-saint-charles.com<\/a><br \/>\nN\u00famero intracomunit\u00e1rio de IVA: FR016829321645<br \/>\nO diretor da publica\u00e7\u00e3o \u00e9 Christophe Sans<\/p>\n<p style=\"font-weight: 400\"><strong>Artigo 2: O anfitri\u00e3o<\/strong><strong><br \/>\n<\/strong><\/p>\n<p style=\"font-weight: 400\">O anfitri\u00e3o do site\u00a0<a href=\"http:\/\/www.habitation-saint-charles.com\/\" data-saferedirecturl=\"https:\/\/www.google.com\/url?q=http:\/\/www.habitation-saint-charles.com&amp;source=gmail&amp;ust=1600984131901000&amp;usg=AFQjCNFKOY7-J7cXzwEDsfps8wKAUyOTzA\">www.habitation-saint-charles.com<\/a>\u00a0\u00e9 a Empresa:<br \/>\nWPEngine, Inc.<br \/>\nIrongate House, 22-30 Duke&#8217;s Place<br \/>\nLondres, EC3A 7LP, Reino Unido<br \/>\nTelefone: 08 00 50 53 049<\/p>\n<p>&nbsp;<\/p>\n<p style=\"font-weight: 400\"><strong>ARTIGO 3: Projeto, desenvolvimento e acesso ao website<br \/>\n<\/strong><\/p>\n<p style=\"font-weight: 400\">O design e desenvolvimento do website s\u00e3o fornecidos pela empresa D-EDGE:<br \/>\n<a href=\"https:\/\/www.d-edge.com\/fr\/\" data-saferedirecturl=\"https:\/\/www.google.com\/url?q=https:\/\/www.d-edge.com\/fr\/&amp;source=gmail&amp;ust=1600984131902000&amp;usg=AFQjCNHtMHCteCRL6K0SCnlyp-IggKMOFQ\">https:\/\/www.d-edge.com\/fr\/<\/a><br \/>\nEndere\u00e7o: 14\/16, boulevard Poissonni\u00e8re, 75 009 Paris<br \/>\nTelefone: +33 1 44 71 05 05<br \/>\nSIREN: 431 513 852<br \/>\nO website \u00e9 acess\u00edvel a partir de qualquer local, 7 dias por semana, 24 horas por dia, exceto em casos de for\u00e7a maior, interrup\u00e7\u00e3o planejada ou n\u00e3o programada e que podem resultar da necessidade de manuten\u00e7\u00e3o.<br \/>\nNo caso de modifica\u00e7\u00e3o, interrup\u00e7\u00e3o ou suspens\u00e3o de servi\u00e7os, o website\u00a0<a href=\"http:\/\/www.habitation-saint-charles.com\/\" data-saferedirecturl=\"https:\/\/www.google.com\/url?q=http:\/\/www.habitation-saint-charles.com&amp;source=gmail&amp;ust=1600984131902000&amp;usg=AFQjCNFO66i1qz0YsPyzXz77pzUdWt7dAQ\">www.habitation-saint-charles.com<\/a>\u00a0n\u00e3o pode ser responsabilizado.<\/p>\n<p style=\"font-weight: 400\"><strong>ARTIGO 4: Coleta de dados<br \/>\n<\/strong><\/p>\n<p style=\"font-weight: 400\">O website est\u00e1 isento de declara\u00e7\u00e3o \u00e0 Comiss\u00e3o Nacional de Inform\u00e1tica e Liberdades (CNIL), na medida em que n\u00e3o coleta nenhum dado referente aos usu\u00e1rios.<\/p>\n<p style=\"font-weight: 400\"><strong>Artigo 5: Cookies<br \/>\n<\/strong><\/p>\n<p style=\"font-weight: 400\">O usu\u00e1rio \u00e9 informado de que, durante suas visitas ao site, um cookie pode ser instalado automaticamente no software do navegador.<br \/>\nAo navegar no site, ele os aceita.<br \/>\nUm cookie \u00e9 um elemento que n\u00e3o identifica o Usu\u00e1rio, mas \u00e9 usado para registrar informa\u00e7\u00f5es relacionadas \u00e0 navega\u00e7\u00e3o do usu\u00e1rio no website. O usu\u00e1rio pode desativar este cookie atrav\u00e9s dos par\u00e2metros que aparecem no software do navegador.<\/p>\n<p style=\"font-weight: 400\"><strong>ARTIGO 6: Propriedade intelectual<br \/>\n<\/strong><\/p>\n<p style=\"font-weight: 400\">Qualquer uso, reprodu\u00e7\u00e3o, distribui\u00e7\u00e3o, marketing, modifica\u00e7\u00e3o de todo ou parte do website\u00a0<a href=\"http:\/\/www.habitation-saint-charles.com\/\" data-saferedirecturl=\"https:\/\/www.google.com\/url?q=http:\/\/www.habitation-saint-charles.com&amp;source=gmail&amp;ust=1600984131902000&amp;usg=AFQjCNFO66i1qz0YsPyzXz77pzUdWt7dAQ\">www.habitation-saint-charles.com<\/a>, sem a permiss\u00e3o do Editor, \u00e9 proibido e pode resultar em a\u00e7\u00f5es e procedimentos legais, conforme previsto especialmente no C\u00f3digo de propriedade intelectual e o C\u00f3digo Civil.<\/p>\n","protected":false},"excerpt":{"rendered":"<p>De acordo com o disposto nos artigos 6-III e 19 da Lei n\u00ba 2004-575, de 21 de junho de 2004, sobre Confian\u00e7a na economia digital, conhecida como LCEN, ela \u00e9 trazida \u00e0 aten\u00e7\u00e3o dos Usu\u00e1rios do site\u00a0www.habitation-saint-charles.com estes avisos legais. A conex\u00e3o e navega\u00e7\u00e3o no website pelo Usu\u00e1rio implica na aceita\u00e7\u00e3o total e sem reservas [&hellip;]<\/p>\n","protected":false},"author":137,"featured_media":0,"parent":0,"menu_order":350,"comment_status":"closed","ping_status":"closed","template":"","meta":{"footnotes":""},"class_list":["post-198","page","type-page","status-publish","hentry"],"yoast_head":"<!-- This site is optimized with the Yoast SEO plugin v26.9 - https:\/\/yoast.com\/product\/yoast-seo-wordpress\/ -->\n<title>MEN\u00c7\u00d5ES LEGAIS - Habitation Saint Charles<\/title>\n<meta name=\"robots\" content=\"noindex, follow\" \/>\n<meta property=\"og:locale\" content=\"pt_BR\" \/>\n<meta property=\"og:type\" content=\"article\" \/>\n<meta property=\"og:title\" content=\"MEN\u00c7\u00d5ES LEGAIS - Habitation Saint Charles\" \/>\n<meta property=\"og:description\" content=\"De acordo com o disposto nos artigos 6-III e 19 da Lei n\u00ba 2004-575, de 21 de junho de 2004, sobre Confian\u00e7a na economia digital, conhecida como LCEN, ela \u00e9 trazida \u00e0 aten\u00e7\u00e3o dos Usu\u00e1rios do site\u00a0www.habitation-saint-charles.com estes avisos legais. A conex\u00e3o e navega\u00e7\u00e3o no website pelo Usu\u00e1rio implica na aceita\u00e7\u00e3o total e sem reservas [&hellip;]\" \/>\n<meta property=\"og:url\" content=\"https:\/\/www.habitation-saint-charles.com\/pt-br\/mencoes-legais\/\" \/>\n<meta property=\"og:site_name\" content=\"Habitation Saint Charles\" \/>\n<meta property=\"article:modified_time\" content=\"2025-11-05T23:39:18+00:00\" \/>\n<meta property=\"og:image\" content=\"https:\/\/www.habitation-saint-charles.com\/wp-content\/uploads\/sites\/164\/2023\/01\/Cohen-HABITATION-ST-CHARLES-51-2.jpg\" \/>\n\t<meta property=\"og:image:width\" content=\"2017\" \/>\n\t<meta property=\"og:image:height\" content=\"1200\" \/>\n\t<meta property=\"og:image:type\" content=\"image\/jpeg\" \/>\n<meta name=\"twitter:card\" content=\"summary_large_image\" \/>\n<meta name=\"twitter:label1\" content=\"Est. tempo de leitura\" \/>\n\t<meta name=\"twitter:data1\" content=\"2 minutos\" \/>\n<script type=\"application\/ld+json\" class=\"yoast-schema-graph\">{\"@context\":\"https:\/\/schema.org\",\"@graph\":[{\"@type\":\"WebPage\",\"@id\":\"https:\/\/www.habitation-saint-charles.com\/pt-br\/mencoes-legais\/\",\"url\":\"https:\/\/www.habitation-saint-charles.com\/pt-br\/mencoes-legais\/\",\"name\":\"MEN\u00c7\u00d5ES LEGAIS - Habitation Saint Charles\",\"isPartOf\":{\"@id\":\"https:\/\/www.habitation-saint-charles.com\/pt-br\/#website\"},\"datePublished\":\"2020-04-15T10:58:08+00:00\",\"dateModified\":\"2025-11-05T23:39:18+00:00\",\"breadcrumb\":{\"@id\":\"https:\/\/www.habitation-saint-charles.com\/pt-br\/mencoes-legais\/#breadcrumb\"},\"inLanguage\":\"pt-BR\",\"potentialAction\":[{\"@type\":\"ReadAction\",\"target\":[\"https:\/\/www.habitation-saint-charles.com\/pt-br\/mencoes-legais\/\"]}]},{\"@type\":\"BreadcrumbList\",\"@id\":\"https:\/\/www.habitation-saint-charles.com\/pt-br\/mencoes-legais\/#breadcrumb\",\"itemListElement\":[{\"@type\":\"ListItem\",\"position\":1,\"name\":\"Home\",\"item\":\"https:\/\/www.habitation-saint-charles.com\/pt-br\/\"},{\"@type\":\"ListItem\",\"position\":2,\"name\":\"MEN\u00c7\u00d5ES LEGAIS\"}]},{\"@type\":\"WebSite\",\"@id\":\"https:\/\/www.habitation-saint-charles.com\/pt-br\/#website\",\"url\":\"https:\/\/www.habitation-saint-charles.com\/pt-br\/\",\"name\":\"Habitation Saint Charles\",\"description\":\"\",\"publisher\":{\"@id\":\"https:\/\/www.habitation-saint-charles.com\/pt-br\/#organization\"},\"potentialAction\":[{\"@type\":\"SearchAction\",\"target\":{\"@type\":\"EntryPoint\",\"urlTemplate\":\"https:\/\/www.habitation-saint-charles.com\/pt-br\/?s={search_term_string}\"},\"query-input\":{\"@type\":\"PropertyValueSpecification\",\"valueRequired\":true,\"valueName\":\"search_term_string\"}}],\"inLanguage\":\"pt-BR\"},{\"@type\":\"Organization\",\"@id\":\"https:\/\/www.habitation-saint-charles.com\/pt-br\/#organization\",\"name\":\"Habitation Saint Charles\",\"url\":\"https:\/\/www.habitation-saint-charles.com\/pt-br\/\",\"logo\":{\"@type\":\"ImageObject\",\"inLanguage\":\"pt-BR\",\"@id\":\"https:\/\/www.habitation-saint-charles.com\/pt-br\/#\/schema\/logo\/image\/\",\"url\":\"https:\/\/www.habitation-saint-charles.com\/wp-content\/uploads\/sites\/164\/2020\/08\/Logo-Habitation-Saint-Charles-2.png\",\"contentUrl\":\"https:\/\/www.habitation-saint-charles.com\/wp-content\/uploads\/sites\/164\/2020\/08\/Logo-Habitation-Saint-Charles-2.png\",\"width\":799,\"height\":609,\"caption\":\"Habitation Saint Charles\"},\"image\":{\"@id\":\"https:\/\/www.habitation-saint-charles.com\/pt-br\/#\/schema\/logo\/image\/\"}}]}<\/script>\n<!-- \/ Yoast SEO plugin. -->","yoast_head_json":{"title":"MEN\u00c7\u00d5ES LEGAIS - Habitation Saint Charles","robots":{"index":"noindex","follow":"follow"},"og_locale":"pt_BR","og_type":"article","og_title":"MEN\u00c7\u00d5ES LEGAIS - Habitation Saint Charles","og_description":"De acordo com o disposto nos artigos 6-III e 19 da Lei n\u00ba 2004-575, de 21 de junho de 2004, sobre Confian\u00e7a na economia digital, conhecida como LCEN, ela \u00e9 trazida \u00e0 aten\u00e7\u00e3o dos Usu\u00e1rios do site\u00a0www.habitation-saint-charles.com estes avisos legais. A conex\u00e3o e navega\u00e7\u00e3o no website pelo Usu\u00e1rio implica na aceita\u00e7\u00e3o total e sem reservas [&hellip;]","og_url":"https:\/\/www.habitation-saint-charles.com\/pt-br\/mencoes-legais\/","og_site_name":"Habitation Saint Charles","article_modified_time":"2025-11-05T23:39:18+00:00","og_image":[{"width":2017,"height":1200,"url":"https:\/\/www.habitation-saint-charles.com\/wp-content\/uploads\/sites\/164\/2023\/01\/Cohen-HABITATION-ST-CHARLES-51-2.jpg","type":"image\/jpeg"}],"twitter_card":"summary_large_image","twitter_misc":{"Est. tempo de leitura":"2 minutos"},"schema":{"@context":"https:\/\/schema.org","@graph":[{"@type":"WebPage","@id":"https:\/\/www.habitation-saint-charles.com\/pt-br\/mencoes-legais\/","url":"https:\/\/www.habitation-saint-charles.com\/pt-br\/mencoes-legais\/","name":"MEN\u00c7\u00d5ES LEGAIS - Habitation Saint Charles","isPartOf":{"@id":"https:\/\/www.habitation-saint-charles.com\/pt-br\/#website"},"datePublished":"2020-04-15T10:58:08+00:00","dateModified":"2025-11-05T23:39:18+00:00","breadcrumb":{"@id":"https:\/\/www.habitation-saint-charles.com\/pt-br\/mencoes-legais\/#breadcrumb"},"inLanguage":"pt-BR","potentialAction":[{"@type":"ReadAction","target":["https:\/\/www.habitation-saint-charles.com\/pt-br\/mencoes-legais\/"]}]},{"@type":"BreadcrumbList","@id":"https:\/\/www.habitation-saint-charles.com\/pt-br\/mencoes-legais\/#breadcrumb","itemListElement":[{"@type":"ListItem","position":1,"name":"Home","item":"https:\/\/www.habitation-saint-charles.com\/pt-br\/"},{"@type":"ListItem","position":2,"name":"MEN\u00c7\u00d5ES LEGAIS"}]},{"@type":"WebSite","@id":"https:\/\/www.habitation-saint-charles.com\/pt-br\/#website","url":"https:\/\/www.habitation-saint-charles.com\/pt-br\/","name":"Habitation Saint Charles","description":"","publisher":{"@id":"https:\/\/www.habitation-saint-charles.com\/pt-br\/#organization"},"potentialAction":[{"@type":"SearchAction","target":{"@type":"EntryPoint","urlTemplate":"https:\/\/www.habitation-saint-charles.com\/pt-br\/?s={search_term_string}"},"query-input":{"@type":"PropertyValueSpecification","valueRequired":true,"valueName":"search_term_string"}}],"inLanguage":"pt-BR"},{"@type":"Organization","@id":"https:\/\/www.habitation-saint-charles.com\/pt-br\/#organization","name":"Habitation Saint Charles","url":"https:\/\/www.habitation-saint-charles.com\/pt-br\/","logo":{"@type":"ImageObject","inLanguage":"pt-BR","@id":"https:\/\/www.habitation-saint-charles.com\/pt-br\/#\/schema\/logo\/image\/","url":"https:\/\/www.habitation-saint-charles.com\/wp-content\/uploads\/sites\/164\/2020\/08\/Logo-Habitation-Saint-Charles-2.png","contentUrl":"https:\/\/www.habitation-saint-charles.com\/wp-content\/uploads\/sites\/164\/2020\/08\/Logo-Habitation-Saint-Charles-2.png","width":799,"height":609,"caption":"Habitation Saint Charles"},"image":{"@id":"https:\/\/www.habitation-saint-charles.com\/pt-br\/#\/schema\/logo\/image\/"}}]}},"acf":[],"_links":{"self":[{"href":"https:\/\/www.habitation-saint-charles.com\/pt-br\/wp-json\/wp\/v2\/pages\/198","targetHints":{"allow":["GET"]}}],"collection":[{"href":"https:\/\/www.habitation-saint-charles.com\/pt-br\/wp-json\/wp\/v2\/pages"}],"about":[{"href":"https:\/\/www.habitation-saint-charles.com\/pt-br\/wp-json\/wp\/v2\/types\/page"}],"author":[{"embeddable":true,"href":"https:\/\/www.habitation-saint-charles.com\/pt-br\/wp-json\/wp\/v2\/users\/137"}],"replies":[{"embeddable":true,"href":"https:\/\/www.habitation-saint-charles.com\/pt-br\/wp-json\/wp\/v2\/comments?post=198"}],"version-history":[{"count":0,"href":"https:\/\/www.habitation-saint-charles.com\/pt-br\/wp-json\/wp\/v2\/pages\/198\/revisions"}],"wp:attachment":[{"href":"https:\/\/www.habitation-saint-charles.com\/pt-br\/wp-json\/wp\/v2\/media?parent=198"}],"curies":[{"name":"wp","href":"https:\/\/api.w.org\/{rel}","templated":true}]}}