{"id":194,"date":"2020-04-15T10:12:29","date_gmt":"2020-04-15T10:12:29","guid":{"rendered":"http:\/\/habitation-saint-charles.ms.decms.eu\/offres-speciales\/love-forever\/"},"modified":"2020-09-23T17:33:21","modified_gmt":"2020-09-23T17:33:21","slug":"o-amor-para-sempre","status":"publish","type":"page","link":"https:\/\/www.habitation-saint-charles.com\/pt-br\/ofertas-especiais\/o-amor-para-sempre\/","title":{"rendered":"\u00ab O amor para sempre\u2026 \u00bb"},"content":{"rendered":"<p>Partilhar uma experi\u00eancia inesquec\u00edvel de Namorados, oferecendo-lhe esta estadia rom\u00e2ntica em Bungalows com Jacuzzi, Champagne, Flores, Chocolates, Duo de massagens no spa <strong><a href=\"\/spa\"><span style=\"font-family: Lucida Calligraphy; font-style: italic; color: #a700a7;\">Les Aliz\u00e9s <\/span><\/a><\/strong>e um Jantar rom\u00e2ntico no restaurante <strong><a href=\"\/restaurant-bar\/\"><span style=\"font-family: Lucida Calligraphy; font-style: italic; color: #a700a7;\">L&#8217;Amiral<\/span><\/a><\/strong>.<\/p>\n<p>O quarto Saint-Charles oferece-lhe esta estadia &#8220;O amor para sempre&#8221;&#8230; em v\u00e1rias f\u00f3rmulas<\/p>\n<p><strong>1 Noite<\/strong>: xxx Euros<\/p>\n<p><strong>2 Noites<\/strong>: yyy Euros<\/p>\n<p><strong>3 Noites<\/strong>: zzz Euros<\/p>\n","protected":false},"excerpt":{"rendered":"<p>Partilhar uma experi\u00eancia inesquec\u00edvel de Namorados, oferecendo-lhe esta estadia rom\u00e2ntica em Bungalows com Jacuzzi, Champagne, Flores, Chocolates, Duo de massagens no spa Les Aliz\u00e9s e um Jantar rom\u00e2ntico no restaurante L&#8217;Amiral. O quarto Saint-Charles oferece-lhe esta estadia &#8220;O amor para sempre&#8221;&#8230; em v\u00e1rias f\u00f3rmulas 1 Noite: xxx Euros 2 Noites: yyy Euros 3 Noites: zzz [&hellip;]<\/p>\n","protected":false},"author":137,"featured_media":0,"parent":191,"menu_order":230,"comment_status":"closed","ping_status":"closed","template":"","meta":{"footnotes":""},"class_list":["post-194","page","type-page","status-publish","hentry"],"yoast_head":"<!-- This site is optimized with the Yoast SEO plugin v26.9 - https:\/\/yoast.com\/product\/yoast-seo-wordpress\/ -->\n<title>Oferta Especial &quot; O amor para sempre &quot; | Habitation Saint-Charles<\/title>\n<meta name=\"description\" content=\"Partilhe uma experi\u00eancia rom\u00e2ntica inesquec\u00edvel, oferecendo esta estadia de sonho num bungalow com jacuzzi, champagne, flores, chocolates, duo de massagens no Aliz\u00e9 e um jantar no Amiral.\" \/>\n<meta name=\"robots\" content=\"index, follow, max-snippet:-1, max-image-preview:large, max-video-preview:-1\" \/>\n<link rel=\"canonical\" href=\"https:\/\/www.habitation-saint-charles.com\/pt-br\/ofertas-especiais\/o-amor-para-sempre\/\" \/>\n<meta property=\"og:locale\" content=\"pt_BR\" \/>\n<meta property=\"og:type\" content=\"article\" \/>\n<meta property=\"og:title\" content=\"Oferta Especial &quot; O amor para sempre &quot; | Habitation Saint-Charles\" \/>\n<meta property=\"og:description\" content=\"Partilhe uma experi\u00eancia rom\u00e2ntica inesquec\u00edvel, oferecendo esta estadia de sonho num bungalow com jacuzzi, champagne, flores, chocolates, duo de massagens no Aliz\u00e9 e um jantar no Amiral.\" \/>\n<meta property=\"og:url\" content=\"https:\/\/www.habitation-saint-charles.com\/pt-br\/ofertas-especiais\/o-amor-para-sempre\/\" \/>\n<meta property=\"og:site_name\" content=\"Habitation Saint Charles\" \/>\n<meta property=\"article:modified_time\" content=\"2020-09-23T17:33:21+00:00\" \/>\n<meta property=\"og:image\" content=\"https:\/\/www.habitation-saint-charles.com\/wp-content\/uploads\/sites\/164\/2023\/01\/Cohen-HABITATION-ST-CHARLES-51-2.jpg\" \/>\n\t<meta property=\"og:image:width\" content=\"2017\" \/>\n\t<meta property=\"og:image:height\" content=\"1200\" \/>\n\t<meta property=\"og:image:type\" content=\"image\/jpeg\" \/>\n<meta name=\"twitter:card\" content=\"summary_large_image\" \/>\n<script type=\"application\/ld+json\" class=\"yoast-schema-graph\">{\"@context\":\"https:\/\/schema.org\",\"@graph\":[{\"@type\":\"WebPage\",\"@id\":\"https:\/\/www.habitation-saint-charles.com\/pt-br\/ofertas-especiais\/o-amor-para-sempre\/\",\"url\":\"https:\/\/www.habitation-saint-charles.com\/pt-br\/ofertas-especiais\/o-amor-para-sempre\/\",\"name\":\"Oferta Especial \\\" O amor para sempre \\\" | Habitation Saint-Charles\",\"isPartOf\":{\"@id\":\"https:\/\/www.habitation-saint-charles.com\/pt-br\/#website\"},\"datePublished\":\"2020-04-15T10:12:29+00:00\",\"dateModified\":\"2020-09-23T17:33:21+00:00\",\"description\":\"Partilhe uma experi\u00eancia rom\u00e2ntica inesquec\u00edvel, oferecendo esta estadia de sonho num bungalow com jacuzzi, champagne, flores, chocolates, duo de massagens no Aliz\u00e9 e um jantar no Amiral.\",\"breadcrumb\":{\"@id\":\"https:\/\/www.habitation-saint-charles.com\/pt-br\/ofertas-especiais\/o-amor-para-sempre\/#breadcrumb\"},\"inLanguage\":\"pt-BR\",\"potentialAction\":[{\"@type\":\"ReadAction\",\"target\":[\"https:\/\/www.habitation-saint-charles.com\/pt-br\/ofertas-especiais\/o-amor-para-sempre\/\"]}]},{\"@type\":\"BreadcrumbList\",\"@id\":\"https:\/\/www.habitation-saint-charles.com\/pt-br\/ofertas-especiais\/o-amor-para-sempre\/#breadcrumb\",\"itemListElement\":[{\"@type\":\"ListItem\",\"position\":1,\"name\":\"Home\",\"item\":\"https:\/\/www.habitation-saint-charles.com\/pt-br\/\"},{\"@type\":\"ListItem\",\"position\":2,\"name\":\"\u00ab O amor para sempre\u2026 \u00bb\"}]},{\"@type\":\"WebSite\",\"@id\":\"https:\/\/www.habitation-saint-charles.com\/pt-br\/#website\",\"url\":\"https:\/\/www.habitation-saint-charles.com\/pt-br\/\",\"name\":\"Habitation Saint Charles\",\"description\":\"\",\"publisher\":{\"@id\":\"https:\/\/www.habitation-saint-charles.com\/pt-br\/#organization\"},\"potentialAction\":[{\"@type\":\"SearchAction\",\"target\":{\"@type\":\"EntryPoint\",\"urlTemplate\":\"https:\/\/www.habitation-saint-charles.com\/pt-br\/?s={search_term_string}\"},\"query-input\":{\"@type\":\"PropertyValueSpecification\",\"valueRequired\":true,\"valueName\":\"search_term_string\"}}],\"inLanguage\":\"pt-BR\"},{\"@type\":\"Organization\",\"@id\":\"https:\/\/www.habitation-saint-charles.com\/pt-br\/#organization\",\"name\":\"Habitation Saint Charles\",\"url\":\"https:\/\/www.habitation-saint-charles.com\/pt-br\/\",\"logo\":{\"@type\":\"ImageObject\",\"inLanguage\":\"pt-BR\",\"@id\":\"https:\/\/www.habitation-saint-charles.com\/pt-br\/#\/schema\/logo\/image\/\",\"url\":\"https:\/\/www.habitation-saint-charles.com\/wp-content\/uploads\/sites\/164\/2020\/08\/Logo-Habitation-Saint-Charles-2.png\",\"contentUrl\":\"https:\/\/www.habitation-saint-charles.com\/wp-content\/uploads\/sites\/164\/2020\/08\/Logo-Habitation-Saint-Charles-2.png\",\"width\":799,\"height\":609,\"caption\":\"Habitation Saint Charles\"},\"image\":{\"@id\":\"https:\/\/www.habitation-saint-charles.com\/pt-br\/#\/schema\/logo\/image\/\"}}]}<\/script>\n<!-- \/ Yoast SEO plugin. -->","yoast_head_json":{"title":"Oferta Especial \" O amor para sempre \" | Habitation Saint-Charles","description":"Partilhe uma experi\u00eancia rom\u00e2ntica inesquec\u00edvel, oferecendo esta estadia de sonho num bungalow com jacuzzi, champagne, flores, chocolates, duo de massagens no Aliz\u00e9 e um jantar no Amiral.","robots":{"index":"index","follow":"follow","max-snippet":"max-snippet:-1","max-image-preview":"max-image-preview:large","max-video-preview":"max-video-preview:-1"},"canonical":"https:\/\/www.habitation-saint-charles.com\/pt-br\/ofertas-especiais\/o-amor-para-sempre\/","og_locale":"pt_BR","og_type":"article","og_title":"Oferta Especial \" O amor para sempre \" | Habitation Saint-Charles","og_description":"Partilhe uma experi\u00eancia rom\u00e2ntica inesquec\u00edvel, oferecendo esta estadia de sonho num bungalow com jacuzzi, champagne, flores, chocolates, duo de massagens no Aliz\u00e9 e um jantar no Amiral.","og_url":"https:\/\/www.habitation-saint-charles.com\/pt-br\/ofertas-especiais\/o-amor-para-sempre\/","og_site_name":"Habitation Saint Charles","article_modified_time":"2020-09-23T17:33:21+00:00","og_image":[{"width":2017,"height":1200,"url":"https:\/\/www.habitation-saint-charles.com\/wp-content\/uploads\/sites\/164\/2023\/01\/Cohen-HABITATION-ST-CHARLES-51-2.jpg","type":"image\/jpeg"}],"twitter_card":"summary_large_image","schema":{"@context":"https:\/\/schema.org","@graph":[{"@type":"WebPage","@id":"https:\/\/www.habitation-saint-charles.com\/pt-br\/ofertas-especiais\/o-amor-para-sempre\/","url":"https:\/\/www.habitation-saint-charles.com\/pt-br\/ofertas-especiais\/o-amor-para-sempre\/","name":"Oferta Especial \" O amor para sempre \" | Habitation Saint-Charles","isPartOf":{"@id":"https:\/\/www.habitation-saint-charles.com\/pt-br\/#website"},"datePublished":"2020-04-15T10:12:29+00:00","dateModified":"2020-09-23T17:33:21+00:00","description":"Partilhe uma experi\u00eancia rom\u00e2ntica inesquec\u00edvel, oferecendo esta estadia de sonho num bungalow com jacuzzi, champagne, flores, chocolates, duo de massagens no Aliz\u00e9 e um jantar no Amiral.","breadcrumb":{"@id":"https:\/\/www.habitation-saint-charles.com\/pt-br\/ofertas-especiais\/o-amor-para-sempre\/#breadcrumb"},"inLanguage":"pt-BR","potentialAction":[{"@type":"ReadAction","target":["https:\/\/www.habitation-saint-charles.com\/pt-br\/ofertas-especiais\/o-amor-para-sempre\/"]}]},{"@type":"BreadcrumbList","@id":"https:\/\/www.habitation-saint-charles.com\/pt-br\/ofertas-especiais\/o-amor-para-sempre\/#breadcrumb","itemListElement":[{"@type":"ListItem","position":1,"name":"Home","item":"https:\/\/www.habitation-saint-charles.com\/pt-br\/"},{"@type":"ListItem","position":2,"name":"\u00ab O amor para sempre\u2026 \u00bb"}]},{"@type":"WebSite","@id":"https:\/\/www.habitation-saint-charles.com\/pt-br\/#website","url":"https:\/\/www.habitation-saint-charles.com\/pt-br\/","name":"Habitation Saint Charles","description":"","publisher":{"@id":"https:\/\/www.habitation-saint-charles.com\/pt-br\/#organization"},"potentialAction":[{"@type":"SearchAction","target":{"@type":"EntryPoint","urlTemplate":"https:\/\/www.habitation-saint-charles.com\/pt-br\/?s={search_term_string}"},"query-input":{"@type":"PropertyValueSpecification","valueRequired":true,"valueName":"search_term_string"}}],"inLanguage":"pt-BR"},{"@type":"Organization","@id":"https:\/\/www.habitation-saint-charles.com\/pt-br\/#organization","name":"Habitation Saint Charles","url":"https:\/\/www.habitation-saint-charles.com\/pt-br\/","logo":{"@type":"ImageObject","inLanguage":"pt-BR","@id":"https:\/\/www.habitation-saint-charles.com\/pt-br\/#\/schema\/logo\/image\/","url":"https:\/\/www.habitation-saint-charles.com\/wp-content\/uploads\/sites\/164\/2020\/08\/Logo-Habitation-Saint-Charles-2.png","contentUrl":"https:\/\/www.habitation-saint-charles.com\/wp-content\/uploads\/sites\/164\/2020\/08\/Logo-Habitation-Saint-Charles-2.png","width":799,"height":609,"caption":"Habitation Saint Charles"},"image":{"@id":"https:\/\/www.habitation-saint-charles.com\/pt-br\/#\/schema\/logo\/image\/"}}]}},"acf":[],"_links":{"self":[{"href":"https:\/\/www.habitation-saint-charles.com\/pt-br\/wp-json\/wp\/v2\/pages\/194","targetHints":{"allow":["GET"]}}],"collection":[{"href":"https:\/\/www.habitation-saint-charles.com\/pt-br\/wp-json\/wp\/v2\/pages"}],"about":[{"href":"https:\/\/www.habitation-saint-charles.com\/pt-br\/wp-json\/wp\/v2\/types\/page"}],"author":[{"embeddable":true,"href":"https:\/\/www.habitation-saint-charles.com\/pt-br\/wp-json\/wp\/v2\/users\/137"}],"replies":[{"embeddable":true,"href":"https:\/\/www.habitation-saint-charles.com\/pt-br\/wp-json\/wp\/v2\/comments?post=194"}],"version-history":[{"count":0,"href":"https:\/\/www.habitation-saint-charles.com\/pt-br\/wp-json\/wp\/v2\/pages\/194\/revisions"}],"up":[{"embeddable":true,"href":"https:\/\/www.habitation-saint-charles.com\/pt-br\/wp-json\/wp\/v2\/pages\/191"}],"wp:attachment":[{"href":"https:\/\/www.habitation-saint-charles.com\/pt-br\/wp-json\/wp\/v2\/media?parent=194"}],"curies":[{"name":"wp","href":"https:\/\/api.w.org\/{rel}","templated":true}]}}