{"id":188,"date":"2020-04-15T10:00:06","date_gmt":"2020-04-15T10:00:06","guid":{"rendered":"http:\/\/habitation-saint-charles.ms.decms.eu\/mariages-evenements\/"},"modified":"2021-07-20T16:47:32","modified_gmt":"2021-07-20T16:47:32","slug":"casamentos-eventos","status":"publish","type":"page","link":"https:\/\/www.habitation-saint-charles.com\/pt-br\/casamentos-eventos\/","title":{"rendered":"Casamentos &#8211; Eventos"},"content":{"rendered":"<p style=\"text-align: center;\">A Habitation Saint-Charles, a apenas 10 minutos de Jarry, oferece-lhe o local ideal para organizar os seus eventos e celebra\u00e7\u00f5es (casamentos, anivers\u00e1rios, reuni\u00f5es familiares, banquetes, &#8230;).<\/p>\n<p style=\"text-align: center;\">O seu parque natural, as sua piscina, a sofisticada gastronomia do seu restaurante la <strong><a href=\"https:\/\/habitation-saint-charles.ms.decms.eu\/pt-br\/restaurante-bar\/\">Table Saint Charles<\/a><\/strong> e a sua equipa dedicada a estes momentos excepcionais v\u00e3o deix\u00e1-lo com mem\u00f3rias e epis\u00f3dios inesquec\u00edveis cheios de alegria e felicidade.<\/p>\n<p style=\"text-align: center;\">A fim de organizar o seu evento \u00e0 sua medida, convidamo-lo a comunicar os seus desejos:<\/p>\n<p style=\"text-align: center;\"><a href=\"mailto:contact@habitation-saint-charles.com\">contact@habitation-saint-charles.com<\/a><br \/>\n<a href=\"tel:+590690412874\">+590 690 41 28 74<\/a><\/p>\n","protected":false},"excerpt":{"rendered":"<p>A Habitation Saint-Charles, a apenas 10 minutos de Jarry, oferece-lhe o local ideal para organizar os seus eventos e celebra\u00e7\u00f5es (casamentos, anivers\u00e1rios, reuni\u00f5es familiares, banquetes, &#8230;). O seu parque natural, as sua piscina, a sofisticada gastronomia do seu restaurante la Table Saint Charles e a sua equipa dedicada a estes momentos excepcionais v\u00e3o deix\u00e1-lo com [&hellip;]<\/p>\n","protected":false},"author":137,"featured_media":0,"parent":0,"menu_order":200,"comment_status":"closed","ping_status":"closed","template":"template-events.php","meta":{"footnotes":""},"class_list":["post-188","page","type-page","status-publish","hentry"],"yoast_head":"<!-- This site is optimized with the Yoast SEO plugin v26.9 - https:\/\/yoast.com\/product\/yoast-seo-wordpress\/ -->\n<title>Casamentos e Eventos nas Antilhas Francesas | Habitation Saint-Charles<\/title>\n<meta name=\"description\" content=\"A Habitation Saint-Charles, a apenas 10 minutos de Jarry,oferece-lhe o local ideal para organizar os seus eventos e celebra\u00e7\u00f5es (casamentos, anivers\u00e1rios, reuni\u00f5es familiares, banquetes, ...\" \/>\n<meta name=\"robots\" content=\"index, follow, max-snippet:-1, max-image-preview:large, max-video-preview:-1\" \/>\n<link rel=\"canonical\" href=\"https:\/\/www.habitation-saint-charles.com\/pt-br\/casamentos-eventos\/\" \/>\n<meta property=\"og:locale\" content=\"pt_BR\" \/>\n<meta property=\"og:type\" content=\"article\" \/>\n<meta property=\"og:title\" content=\"Casamentos e Eventos nas Antilhas Francesas | Habitation Saint-Charles\" \/>\n<meta property=\"og:description\" content=\"A Habitation Saint-Charles, a apenas 10 minutos de Jarry,oferece-lhe o local ideal para organizar os seus eventos e celebra\u00e7\u00f5es (casamentos, anivers\u00e1rios, reuni\u00f5es familiares, banquetes, ...\" \/>\n<meta property=\"og:url\" content=\"https:\/\/www.habitation-saint-charles.com\/pt-br\/casamentos-eventos\/\" \/>\n<meta property=\"og:site_name\" content=\"Habitation Saint Charles\" \/>\n<meta property=\"article:modified_time\" content=\"2021-07-20T16:47:32+00:00\" \/>\n<meta property=\"og:image\" content=\"https:\/\/www.habitation-saint-charles.com\/wp-content\/uploads\/sites\/164\/2023\/01\/Cohen-HABITATION-ST-CHARLES-51-2.jpg\" \/>\n\t<meta property=\"og:image:width\" content=\"2017\" \/>\n\t<meta property=\"og:image:height\" content=\"1200\" \/>\n\t<meta property=\"og:image:type\" content=\"image\/jpeg\" \/>\n<meta name=\"twitter:card\" content=\"summary_large_image\" \/>\n<script type=\"application\/ld+json\" class=\"yoast-schema-graph\">{\"@context\":\"https:\/\/schema.org\",\"@graph\":[{\"@type\":\"WebPage\",\"@id\":\"https:\/\/www.habitation-saint-charles.com\/pt-br\/casamentos-eventos\/\",\"url\":\"https:\/\/www.habitation-saint-charles.com\/pt-br\/casamentos-eventos\/\",\"name\":\"Casamentos e Eventos nas Antilhas Francesas | Habitation Saint-Charles\",\"isPartOf\":{\"@id\":\"https:\/\/www.habitation-saint-charles.com\/pt-br\/#website\"},\"datePublished\":\"2020-04-15T10:00:06+00:00\",\"dateModified\":\"2021-07-20T16:47:32+00:00\",\"description\":\"A Habitation Saint-Charles, a apenas 10 minutos de Jarry,oferece-lhe o local ideal para organizar os seus eventos e celebra\u00e7\u00f5es (casamentos, anivers\u00e1rios, reuni\u00f5es familiares, banquetes, ...\",\"breadcrumb\":{\"@id\":\"https:\/\/www.habitation-saint-charles.com\/pt-br\/casamentos-eventos\/#breadcrumb\"},\"inLanguage\":\"pt-BR\",\"potentialAction\":[{\"@type\":\"ReadAction\",\"target\":[\"https:\/\/www.habitation-saint-charles.com\/pt-br\/casamentos-eventos\/\"]}]},{\"@type\":\"BreadcrumbList\",\"@id\":\"https:\/\/www.habitation-saint-charles.com\/pt-br\/casamentos-eventos\/#breadcrumb\",\"itemListElement\":[{\"@type\":\"ListItem\",\"position\":1,\"name\":\"Home\",\"item\":\"https:\/\/www.habitation-saint-charles.com\/pt-br\/\"},{\"@type\":\"ListItem\",\"position\":2,\"name\":\"Casamentos &#8211; Eventos\"}]},{\"@type\":\"WebSite\",\"@id\":\"https:\/\/www.habitation-saint-charles.com\/pt-br\/#website\",\"url\":\"https:\/\/www.habitation-saint-charles.com\/pt-br\/\",\"name\":\"Habitation Saint Charles\",\"description\":\"\",\"publisher\":{\"@id\":\"https:\/\/www.habitation-saint-charles.com\/pt-br\/#organization\"},\"potentialAction\":[{\"@type\":\"SearchAction\",\"target\":{\"@type\":\"EntryPoint\",\"urlTemplate\":\"https:\/\/www.habitation-saint-charles.com\/pt-br\/?s={search_term_string}\"},\"query-input\":{\"@type\":\"PropertyValueSpecification\",\"valueRequired\":true,\"valueName\":\"search_term_string\"}}],\"inLanguage\":\"pt-BR\"},{\"@type\":\"Organization\",\"@id\":\"https:\/\/www.habitation-saint-charles.com\/pt-br\/#organization\",\"name\":\"Habitation Saint Charles\",\"url\":\"https:\/\/www.habitation-saint-charles.com\/pt-br\/\",\"logo\":{\"@type\":\"ImageObject\",\"inLanguage\":\"pt-BR\",\"@id\":\"https:\/\/www.habitation-saint-charles.com\/pt-br\/#\/schema\/logo\/image\/\",\"url\":\"https:\/\/www.habitation-saint-charles.com\/wp-content\/uploads\/sites\/164\/2020\/08\/Logo-Habitation-Saint-Charles-2.png\",\"contentUrl\":\"https:\/\/www.habitation-saint-charles.com\/wp-content\/uploads\/sites\/164\/2020\/08\/Logo-Habitation-Saint-Charles-2.png\",\"width\":799,\"height\":609,\"caption\":\"Habitation Saint Charles\"},\"image\":{\"@id\":\"https:\/\/www.habitation-saint-charles.com\/pt-br\/#\/schema\/logo\/image\/\"}}]}<\/script>\n<!-- \/ Yoast SEO plugin. -->","yoast_head_json":{"title":"Casamentos e Eventos nas Antilhas Francesas | Habitation Saint-Charles","description":"A Habitation Saint-Charles, a apenas 10 minutos de Jarry,oferece-lhe o local ideal para organizar os seus eventos e celebra\u00e7\u00f5es (casamentos, anivers\u00e1rios, reuni\u00f5es familiares, banquetes, ...","robots":{"index":"index","follow":"follow","max-snippet":"max-snippet:-1","max-image-preview":"max-image-preview:large","max-video-preview":"max-video-preview:-1"},"canonical":"https:\/\/www.habitation-saint-charles.com\/pt-br\/casamentos-eventos\/","og_locale":"pt_BR","og_type":"article","og_title":"Casamentos e Eventos nas Antilhas Francesas | Habitation Saint-Charles","og_description":"A Habitation Saint-Charles, a apenas 10 minutos de Jarry,oferece-lhe o local ideal para organizar os seus eventos e celebra\u00e7\u00f5es (casamentos, anivers\u00e1rios, reuni\u00f5es familiares, banquetes, ...","og_url":"https:\/\/www.habitation-saint-charles.com\/pt-br\/casamentos-eventos\/","og_site_name":"Habitation Saint Charles","article_modified_time":"2021-07-20T16:47:32+00:00","og_image":[{"width":2017,"height":1200,"url":"https:\/\/www.habitation-saint-charles.com\/wp-content\/uploads\/sites\/164\/2023\/01\/Cohen-HABITATION-ST-CHARLES-51-2.jpg","type":"image\/jpeg"}],"twitter_card":"summary_large_image","schema":{"@context":"https:\/\/schema.org","@graph":[{"@type":"WebPage","@id":"https:\/\/www.habitation-saint-charles.com\/pt-br\/casamentos-eventos\/","url":"https:\/\/www.habitation-saint-charles.com\/pt-br\/casamentos-eventos\/","name":"Casamentos e Eventos nas Antilhas Francesas | Habitation Saint-Charles","isPartOf":{"@id":"https:\/\/www.habitation-saint-charles.com\/pt-br\/#website"},"datePublished":"2020-04-15T10:00:06+00:00","dateModified":"2021-07-20T16:47:32+00:00","description":"A Habitation Saint-Charles, a apenas 10 minutos de Jarry,oferece-lhe o local ideal para organizar os seus eventos e celebra\u00e7\u00f5es (casamentos, anivers\u00e1rios, reuni\u00f5es familiares, banquetes, ...","breadcrumb":{"@id":"https:\/\/www.habitation-saint-charles.com\/pt-br\/casamentos-eventos\/#breadcrumb"},"inLanguage":"pt-BR","potentialAction":[{"@type":"ReadAction","target":["https:\/\/www.habitation-saint-charles.com\/pt-br\/casamentos-eventos\/"]}]},{"@type":"BreadcrumbList","@id":"https:\/\/www.habitation-saint-charles.com\/pt-br\/casamentos-eventos\/#breadcrumb","itemListElement":[{"@type":"ListItem","position":1,"name":"Home","item":"https:\/\/www.habitation-saint-charles.com\/pt-br\/"},{"@type":"ListItem","position":2,"name":"Casamentos &#8211; Eventos"}]},{"@type":"WebSite","@id":"https:\/\/www.habitation-saint-charles.com\/pt-br\/#website","url":"https:\/\/www.habitation-saint-charles.com\/pt-br\/","name":"Habitation Saint Charles","description":"","publisher":{"@id":"https:\/\/www.habitation-saint-charles.com\/pt-br\/#organization"},"potentialAction":[{"@type":"SearchAction","target":{"@type":"EntryPoint","urlTemplate":"https:\/\/www.habitation-saint-charles.com\/pt-br\/?s={search_term_string}"},"query-input":{"@type":"PropertyValueSpecification","valueRequired":true,"valueName":"search_term_string"}}],"inLanguage":"pt-BR"},{"@type":"Organization","@id":"https:\/\/www.habitation-saint-charles.com\/pt-br\/#organization","name":"Habitation Saint Charles","url":"https:\/\/www.habitation-saint-charles.com\/pt-br\/","logo":{"@type":"ImageObject","inLanguage":"pt-BR","@id":"https:\/\/www.habitation-saint-charles.com\/pt-br\/#\/schema\/logo\/image\/","url":"https:\/\/www.habitation-saint-charles.com\/wp-content\/uploads\/sites\/164\/2020\/08\/Logo-Habitation-Saint-Charles-2.png","contentUrl":"https:\/\/www.habitation-saint-charles.com\/wp-content\/uploads\/sites\/164\/2020\/08\/Logo-Habitation-Saint-Charles-2.png","width":799,"height":609,"caption":"Habitation Saint Charles"},"image":{"@id":"https:\/\/www.habitation-saint-charles.com\/pt-br\/#\/schema\/logo\/image\/"}}]}},"acf":[],"_links":{"self":[{"href":"https:\/\/www.habitation-saint-charles.com\/pt-br\/wp-json\/wp\/v2\/pages\/188","targetHints":{"allow":["GET"]}}],"collection":[{"href":"https:\/\/www.habitation-saint-charles.com\/pt-br\/wp-json\/wp\/v2\/pages"}],"about":[{"href":"https:\/\/www.habitation-saint-charles.com\/pt-br\/wp-json\/wp\/v2\/types\/page"}],"author":[{"embeddable":true,"href":"https:\/\/www.habitation-saint-charles.com\/pt-br\/wp-json\/wp\/v2\/users\/137"}],"replies":[{"embeddable":true,"href":"https:\/\/www.habitation-saint-charles.com\/pt-br\/wp-json\/wp\/v2\/comments?post=188"}],"version-history":[{"count":0,"href":"https:\/\/www.habitation-saint-charles.com\/pt-br\/wp-json\/wp\/v2\/pages\/188\/revisions"}],"wp:attachment":[{"href":"https:\/\/www.habitation-saint-charles.com\/pt-br\/wp-json\/wp\/v2\/media?parent=188"}],"curies":[{"name":"wp","href":"https:\/\/api.w.org\/{rel}","templated":true}]}}