{"id":176,"date":"2020-04-15T09:36:39","date_gmt":"2020-04-15T09:36:39","guid":{"rendered":"http:\/\/habitation-saint-charles.ms.decms.eu\/services\/excursions\/"},"modified":"2020-08-04T14:48:01","modified_gmt":"2020-08-04T14:48:01","slug":"excursoes","status":"publish","type":"page","link":"https:\/\/www.habitation-saint-charles.com\/pt-br\/servicos\/excursoes\/","title":{"rendered":"Excurs\u00f5es"},"content":{"rendered":"<p>A riqueza da heran\u00e7a Cr\u00e9ole e os s\u00edtios paradis\u00edacos de Guadalupe v\u00e3o suscitar emo\u00e7\u00f5es intensas entre aqueles que v\u00e3o descobrir a nossa ilha.<\/p>\n<p>O mar turquesa embalado pelos suaves ventos Al\u00edsios deliciar\u00e1 os amantes dos esportes aqu\u00e1ticos.<\/p>\n<p>Se voc\u00ea preferir manter os p\u00e9s no ch\u00e3o ou a cabe\u00e7a no ar, a nossa Recep\u00e7\u00e3o ter\u00e1 todo o prazer em reservar-lhe um tee time no Golfe ou um passeio de helic\u00f3ptero &#8230;<\/p>\n","protected":false},"excerpt":{"rendered":"<p>A riqueza da heran\u00e7a Cr\u00e9ole e os s\u00edtios paradis\u00edacos de Guadalupe v\u00e3o suscitar emo\u00e7\u00f5es intensas entre aqueles que v\u00e3o descobrir a nossa ilha. O mar turquesa embalado pelos suaves ventos Al\u00edsios deliciar\u00e1 os amantes dos esportes aqu\u00e1ticos. Se voc\u00ea preferir manter os p\u00e9s no ch\u00e3o ou a cabe\u00e7a no ar, a nossa Recep\u00e7\u00e3o ter\u00e1 todo [&hellip;]<\/p>\n","protected":false},"author":137,"featured_media":0,"parent":164,"menu_order":180,"comment_status":"closed","ping_status":"closed","template":"","meta":{"footnotes":""},"class_list":["post-176","page","type-page","status-publish","hentry"],"yoast_head":"<!-- This site is optimized with the Yoast SEO plugin v26.9 - https:\/\/yoast.com\/product\/yoast-seo-wordpress\/ -->\n<title>Excurs\u00f5es - Habitation Saint Charles<\/title>\n<meta name=\"robots\" content=\"index, follow, max-snippet:-1, max-image-preview:large, max-video-preview:-1\" \/>\n<link rel=\"canonical\" href=\"https:\/\/www.habitation-saint-charles.com\/pt-br\/servicos\/excursoes\/\" \/>\n<meta property=\"og:locale\" content=\"pt_BR\" \/>\n<meta property=\"og:type\" content=\"article\" \/>\n<meta property=\"og:title\" content=\"Excurs\u00f5es - Habitation Saint Charles\" \/>\n<meta property=\"og:description\" content=\"A riqueza da heran\u00e7a Cr\u00e9ole e os s\u00edtios paradis\u00edacos de Guadalupe v\u00e3o suscitar emo\u00e7\u00f5es intensas entre aqueles que v\u00e3o descobrir a nossa ilha. O mar turquesa embalado pelos suaves ventos Al\u00edsios deliciar\u00e1 os amantes dos esportes aqu\u00e1ticos. Se voc\u00ea preferir manter os p\u00e9s no ch\u00e3o ou a cabe\u00e7a no ar, a nossa Recep\u00e7\u00e3o ter\u00e1 todo [&hellip;]\" \/>\n<meta property=\"og:url\" content=\"https:\/\/www.habitation-saint-charles.com\/pt-br\/servicos\/excursoes\/\" \/>\n<meta property=\"og:site_name\" content=\"Habitation Saint Charles\" \/>\n<meta property=\"article:modified_time\" content=\"2020-08-04T14:48:01+00:00\" \/>\n<meta property=\"og:image\" content=\"https:\/\/www.habitation-saint-charles.com\/wp-content\/uploads\/sites\/164\/2023\/01\/Cohen-HABITATION-ST-CHARLES-51-2.jpg\" \/>\n\t<meta property=\"og:image:width\" content=\"2017\" \/>\n\t<meta property=\"og:image:height\" content=\"1200\" \/>\n\t<meta property=\"og:image:type\" content=\"image\/jpeg\" \/>\n<meta name=\"twitter:card\" content=\"summary_large_image\" \/>\n<script type=\"application\/ld+json\" class=\"yoast-schema-graph\">{\"@context\":\"https:\/\/schema.org\",\"@graph\":[{\"@type\":\"WebPage\",\"@id\":\"https:\/\/www.habitation-saint-charles.com\/pt-br\/servicos\/excursoes\/\",\"url\":\"https:\/\/www.habitation-saint-charles.com\/pt-br\/servicos\/excursoes\/\",\"name\":\"Excurs\u00f5es - Habitation Saint Charles\",\"isPartOf\":{\"@id\":\"https:\/\/www.habitation-saint-charles.com\/pt-br\/#website\"},\"datePublished\":\"2020-04-15T09:36:39+00:00\",\"dateModified\":\"2020-08-04T14:48:01+00:00\",\"breadcrumb\":{\"@id\":\"https:\/\/www.habitation-saint-charles.com\/pt-br\/servicos\/excursoes\/#breadcrumb\"},\"inLanguage\":\"pt-BR\",\"potentialAction\":[{\"@type\":\"ReadAction\",\"target\":[\"https:\/\/www.habitation-saint-charles.com\/pt-br\/servicos\/excursoes\/\"]}]},{\"@type\":\"BreadcrumbList\",\"@id\":\"https:\/\/www.habitation-saint-charles.com\/pt-br\/servicos\/excursoes\/#breadcrumb\",\"itemListElement\":[{\"@type\":\"ListItem\",\"position\":1,\"name\":\"Home\",\"item\":\"https:\/\/www.habitation-saint-charles.com\/pt-br\/\"},{\"@type\":\"ListItem\",\"position\":2,\"name\":\"Servi\u00e7os\",\"item\":\"https:\/\/www.habitation-saint-charles.com\/pt-br\/services\/\"},{\"@type\":\"ListItem\",\"position\":3,\"name\":\"Excurs\u00f5es\"}]},{\"@type\":\"WebSite\",\"@id\":\"https:\/\/www.habitation-saint-charles.com\/pt-br\/#website\",\"url\":\"https:\/\/www.habitation-saint-charles.com\/pt-br\/\",\"name\":\"Habitation Saint Charles\",\"description\":\"\",\"publisher\":{\"@id\":\"https:\/\/www.habitation-saint-charles.com\/pt-br\/#organization\"},\"potentialAction\":[{\"@type\":\"SearchAction\",\"target\":{\"@type\":\"EntryPoint\",\"urlTemplate\":\"https:\/\/www.habitation-saint-charles.com\/pt-br\/?s={search_term_string}\"},\"query-input\":{\"@type\":\"PropertyValueSpecification\",\"valueRequired\":true,\"valueName\":\"search_term_string\"}}],\"inLanguage\":\"pt-BR\"},{\"@type\":\"Organization\",\"@id\":\"https:\/\/www.habitation-saint-charles.com\/pt-br\/#organization\",\"name\":\"Habitation Saint Charles\",\"url\":\"https:\/\/www.habitation-saint-charles.com\/pt-br\/\",\"logo\":{\"@type\":\"ImageObject\",\"inLanguage\":\"pt-BR\",\"@id\":\"https:\/\/www.habitation-saint-charles.com\/pt-br\/#\/schema\/logo\/image\/\",\"url\":\"https:\/\/www.habitation-saint-charles.com\/wp-content\/uploads\/sites\/164\/2020\/08\/Logo-Habitation-Saint-Charles-2.png\",\"contentUrl\":\"https:\/\/www.habitation-saint-charles.com\/wp-content\/uploads\/sites\/164\/2020\/08\/Logo-Habitation-Saint-Charles-2.png\",\"width\":799,\"height\":609,\"caption\":\"Habitation Saint Charles\"},\"image\":{\"@id\":\"https:\/\/www.habitation-saint-charles.com\/pt-br\/#\/schema\/logo\/image\/\"}}]}<\/script>\n<!-- \/ Yoast SEO plugin. -->","yoast_head_json":{"title":"Excurs\u00f5es - Habitation Saint Charles","robots":{"index":"index","follow":"follow","max-snippet":"max-snippet:-1","max-image-preview":"max-image-preview:large","max-video-preview":"max-video-preview:-1"},"canonical":"https:\/\/www.habitation-saint-charles.com\/pt-br\/servicos\/excursoes\/","og_locale":"pt_BR","og_type":"article","og_title":"Excurs\u00f5es - Habitation Saint Charles","og_description":"A riqueza da heran\u00e7a Cr\u00e9ole e os s\u00edtios paradis\u00edacos de Guadalupe v\u00e3o suscitar emo\u00e7\u00f5es intensas entre aqueles que v\u00e3o descobrir a nossa ilha. O mar turquesa embalado pelos suaves ventos Al\u00edsios deliciar\u00e1 os amantes dos esportes aqu\u00e1ticos. Se voc\u00ea preferir manter os p\u00e9s no ch\u00e3o ou a cabe\u00e7a no ar, a nossa Recep\u00e7\u00e3o ter\u00e1 todo [&hellip;]","og_url":"https:\/\/www.habitation-saint-charles.com\/pt-br\/servicos\/excursoes\/","og_site_name":"Habitation Saint Charles","article_modified_time":"2020-08-04T14:48:01+00:00","og_image":[{"width":2017,"height":1200,"url":"https:\/\/www.habitation-saint-charles.com\/wp-content\/uploads\/sites\/164\/2023\/01\/Cohen-HABITATION-ST-CHARLES-51-2.jpg","type":"image\/jpeg"}],"twitter_card":"summary_large_image","schema":{"@context":"https:\/\/schema.org","@graph":[{"@type":"WebPage","@id":"https:\/\/www.habitation-saint-charles.com\/pt-br\/servicos\/excursoes\/","url":"https:\/\/www.habitation-saint-charles.com\/pt-br\/servicos\/excursoes\/","name":"Excurs\u00f5es - Habitation Saint Charles","isPartOf":{"@id":"https:\/\/www.habitation-saint-charles.com\/pt-br\/#website"},"datePublished":"2020-04-15T09:36:39+00:00","dateModified":"2020-08-04T14:48:01+00:00","breadcrumb":{"@id":"https:\/\/www.habitation-saint-charles.com\/pt-br\/servicos\/excursoes\/#breadcrumb"},"inLanguage":"pt-BR","potentialAction":[{"@type":"ReadAction","target":["https:\/\/www.habitation-saint-charles.com\/pt-br\/servicos\/excursoes\/"]}]},{"@type":"BreadcrumbList","@id":"https:\/\/www.habitation-saint-charles.com\/pt-br\/servicos\/excursoes\/#breadcrumb","itemListElement":[{"@type":"ListItem","position":1,"name":"Home","item":"https:\/\/www.habitation-saint-charles.com\/pt-br\/"},{"@type":"ListItem","position":2,"name":"Servi\u00e7os","item":"https:\/\/www.habitation-saint-charles.com\/pt-br\/services\/"},{"@type":"ListItem","position":3,"name":"Excurs\u00f5es"}]},{"@type":"WebSite","@id":"https:\/\/www.habitation-saint-charles.com\/pt-br\/#website","url":"https:\/\/www.habitation-saint-charles.com\/pt-br\/","name":"Habitation Saint Charles","description":"","publisher":{"@id":"https:\/\/www.habitation-saint-charles.com\/pt-br\/#organization"},"potentialAction":[{"@type":"SearchAction","target":{"@type":"EntryPoint","urlTemplate":"https:\/\/www.habitation-saint-charles.com\/pt-br\/?s={search_term_string}"},"query-input":{"@type":"PropertyValueSpecification","valueRequired":true,"valueName":"search_term_string"}}],"inLanguage":"pt-BR"},{"@type":"Organization","@id":"https:\/\/www.habitation-saint-charles.com\/pt-br\/#organization","name":"Habitation Saint Charles","url":"https:\/\/www.habitation-saint-charles.com\/pt-br\/","logo":{"@type":"ImageObject","inLanguage":"pt-BR","@id":"https:\/\/www.habitation-saint-charles.com\/pt-br\/#\/schema\/logo\/image\/","url":"https:\/\/www.habitation-saint-charles.com\/wp-content\/uploads\/sites\/164\/2020\/08\/Logo-Habitation-Saint-Charles-2.png","contentUrl":"https:\/\/www.habitation-saint-charles.com\/wp-content\/uploads\/sites\/164\/2020\/08\/Logo-Habitation-Saint-Charles-2.png","width":799,"height":609,"caption":"Habitation Saint Charles"},"image":{"@id":"https:\/\/www.habitation-saint-charles.com\/pt-br\/#\/schema\/logo\/image\/"}}]}},"acf":[],"_links":{"self":[{"href":"https:\/\/www.habitation-saint-charles.com\/pt-br\/wp-json\/wp\/v2\/pages\/176","targetHints":{"allow":["GET"]}}],"collection":[{"href":"https:\/\/www.habitation-saint-charles.com\/pt-br\/wp-json\/wp\/v2\/pages"}],"about":[{"href":"https:\/\/www.habitation-saint-charles.com\/pt-br\/wp-json\/wp\/v2\/types\/page"}],"author":[{"embeddable":true,"href":"https:\/\/www.habitation-saint-charles.com\/pt-br\/wp-json\/wp\/v2\/users\/137"}],"replies":[{"embeddable":true,"href":"https:\/\/www.habitation-saint-charles.com\/pt-br\/wp-json\/wp\/v2\/comments?post=176"}],"version-history":[{"count":0,"href":"https:\/\/www.habitation-saint-charles.com\/pt-br\/wp-json\/wp\/v2\/pages\/176\/revisions"}],"up":[{"embeddable":true,"href":"https:\/\/www.habitation-saint-charles.com\/pt-br\/wp-json\/wp\/v2\/pages\/164"}],"wp:attachment":[{"href":"https:\/\/www.habitation-saint-charles.com\/pt-br\/wp-json\/wp\/v2\/media?parent=176"}],"curies":[{"name":"wp","href":"https:\/\/api.w.org\/{rel}","templated":true}]}}