{"id":173,"date":"2020-04-15T09:55:23","date_gmt":"2020-04-15T09:55:23","guid":{"rendered":"http:\/\/habitation-saint-charles.ms.decms.eu\/services\/sortie-privee-en-bateau\/"},"modified":"2020-08-04T14:47:26","modified_gmt":"2020-08-04T14:47:26","slug":"passeio-em-barco-privado","status":"publish","type":"page","link":"https:\/\/www.habitation-saint-charles.com\/pt-br\/servicos\/passeio-em-barco-privado\/","title":{"rendered":"Passeio em barco privado"},"content":{"rendered":"<p>Descubra os locais paradis\u00edacos e as ilhas de Guadalupe a bordo do nosso Marl&#8217;o equipado com 2 motores Mercury de 350 cv.<\/p>\n<p>V\u00e1rias sa\u00eddas s\u00e3o propostas e a nossa Recep\u00e7\u00e3o ter\u00e1 todo o prazer em inform\u00e1-lo e reservar a sua evas\u00e3o n\u00e1utica.<\/p>\n<p>Ar fresco, snorkelling, bebidas tornar\u00e3o a sua excurs\u00e3o em barco de meio dia a dia completo inesquec\u00edvel. Em Port Louis, ou Ile Caret ou Ile Blanche, situada no &#8220;Grand cul de sac marin&#8221;, o maior recife de corais das Antilhas Menores.<\/p>\n<p>\u00c9 absolutamente para descobrir&#8230;<\/p>\n","protected":false},"excerpt":{"rendered":"<p>Descubra os locais paradis\u00edacos e as ilhas de Guadalupe a bordo do nosso Marl&#8217;o equipado com 2 motores Mercury de 350 cv. V\u00e1rias sa\u00eddas s\u00e3o propostas e a nossa Recep\u00e7\u00e3o ter\u00e1 todo o prazer em inform\u00e1-lo e reservar a sua evas\u00e3o n\u00e1utica. Ar fresco, snorkelling, bebidas tornar\u00e3o a sua excurs\u00e3o em barco de meio dia [&hellip;]<\/p>\n","protected":false},"author":137,"featured_media":0,"parent":164,"menu_order":175,"comment_status":"closed","ping_status":"closed","template":"","meta":{"footnotes":""},"class_list":["post-173","page","type-page","status-publish","hentry"],"yoast_head":"<!-- This site is optimized with the Yoast SEO plugin v26.9 - https:\/\/yoast.com\/product\/yoast-seo-wordpress\/ -->\n<title>Passeio em barco privado - Habitation Saint Charles<\/title>\n<meta name=\"robots\" content=\"index, follow, max-snippet:-1, max-image-preview:large, max-video-preview:-1\" \/>\n<link rel=\"canonical\" href=\"https:\/\/www.habitation-saint-charles.com\/pt-br\/servicos\/passeio-em-barco-privado\/\" \/>\n<meta property=\"og:locale\" content=\"pt_BR\" \/>\n<meta property=\"og:type\" content=\"article\" \/>\n<meta property=\"og:title\" content=\"Passeio em barco privado - Habitation Saint Charles\" \/>\n<meta property=\"og:description\" content=\"Descubra os locais paradis\u00edacos e as ilhas de Guadalupe a bordo do nosso Marl&#8217;o equipado com 2 motores Mercury de 350 cv. V\u00e1rias sa\u00eddas s\u00e3o propostas e a nossa Recep\u00e7\u00e3o ter\u00e1 todo o prazer em inform\u00e1-lo e reservar a sua evas\u00e3o n\u00e1utica. Ar fresco, snorkelling, bebidas tornar\u00e3o a sua excurs\u00e3o em barco de meio dia [&hellip;]\" \/>\n<meta property=\"og:url\" content=\"https:\/\/www.habitation-saint-charles.com\/pt-br\/servicos\/passeio-em-barco-privado\/\" \/>\n<meta property=\"og:site_name\" content=\"Habitation Saint Charles\" \/>\n<meta property=\"article:modified_time\" content=\"2020-08-04T14:47:26+00:00\" \/>\n<meta property=\"og:image\" content=\"https:\/\/www.habitation-saint-charles.com\/wp-content\/uploads\/sites\/164\/2023\/01\/Cohen-HABITATION-ST-CHARLES-51-2.jpg\" \/>\n\t<meta property=\"og:image:width\" content=\"2017\" \/>\n\t<meta property=\"og:image:height\" content=\"1200\" \/>\n\t<meta property=\"og:image:type\" content=\"image\/jpeg\" \/>\n<meta name=\"twitter:card\" content=\"summary_large_image\" \/>\n<script type=\"application\/ld+json\" class=\"yoast-schema-graph\">{\"@context\":\"https:\/\/schema.org\",\"@graph\":[{\"@type\":\"WebPage\",\"@id\":\"https:\/\/www.habitation-saint-charles.com\/pt-br\/servicos\/passeio-em-barco-privado\/\",\"url\":\"https:\/\/www.habitation-saint-charles.com\/pt-br\/servicos\/passeio-em-barco-privado\/\",\"name\":\"Passeio em barco privado - Habitation Saint Charles\",\"isPartOf\":{\"@id\":\"https:\/\/www.habitation-saint-charles.com\/pt-br\/#website\"},\"datePublished\":\"2020-04-15T09:55:23+00:00\",\"dateModified\":\"2020-08-04T14:47:26+00:00\",\"breadcrumb\":{\"@id\":\"https:\/\/www.habitation-saint-charles.com\/pt-br\/servicos\/passeio-em-barco-privado\/#breadcrumb\"},\"inLanguage\":\"pt-BR\",\"potentialAction\":[{\"@type\":\"ReadAction\",\"target\":[\"https:\/\/www.habitation-saint-charles.com\/pt-br\/servicos\/passeio-em-barco-privado\/\"]}]},{\"@type\":\"BreadcrumbList\",\"@id\":\"https:\/\/www.habitation-saint-charles.com\/pt-br\/servicos\/passeio-em-barco-privado\/#breadcrumb\",\"itemListElement\":[{\"@type\":\"ListItem\",\"position\":1,\"name\":\"Home\",\"item\":\"https:\/\/www.habitation-saint-charles.com\/pt-br\/\"},{\"@type\":\"ListItem\",\"position\":2,\"name\":\"Servi\u00e7os\",\"item\":\"https:\/\/www.habitation-saint-charles.com\/pt-br\/services\/\"},{\"@type\":\"ListItem\",\"position\":3,\"name\":\"Passeio em barco privado\"}]},{\"@type\":\"WebSite\",\"@id\":\"https:\/\/www.habitation-saint-charles.com\/pt-br\/#website\",\"url\":\"https:\/\/www.habitation-saint-charles.com\/pt-br\/\",\"name\":\"Habitation Saint Charles\",\"description\":\"\",\"publisher\":{\"@id\":\"https:\/\/www.habitation-saint-charles.com\/pt-br\/#organization\"},\"potentialAction\":[{\"@type\":\"SearchAction\",\"target\":{\"@type\":\"EntryPoint\",\"urlTemplate\":\"https:\/\/www.habitation-saint-charles.com\/pt-br\/?s={search_term_string}\"},\"query-input\":{\"@type\":\"PropertyValueSpecification\",\"valueRequired\":true,\"valueName\":\"search_term_string\"}}],\"inLanguage\":\"pt-BR\"},{\"@type\":\"Organization\",\"@id\":\"https:\/\/www.habitation-saint-charles.com\/pt-br\/#organization\",\"name\":\"Habitation Saint Charles\",\"url\":\"https:\/\/www.habitation-saint-charles.com\/pt-br\/\",\"logo\":{\"@type\":\"ImageObject\",\"inLanguage\":\"pt-BR\",\"@id\":\"https:\/\/www.habitation-saint-charles.com\/pt-br\/#\/schema\/logo\/image\/\",\"url\":\"https:\/\/www.habitation-saint-charles.com\/wp-content\/uploads\/sites\/164\/2020\/08\/Logo-Habitation-Saint-Charles-2.png\",\"contentUrl\":\"https:\/\/www.habitation-saint-charles.com\/wp-content\/uploads\/sites\/164\/2020\/08\/Logo-Habitation-Saint-Charles-2.png\",\"width\":799,\"height\":609,\"caption\":\"Habitation Saint Charles\"},\"image\":{\"@id\":\"https:\/\/www.habitation-saint-charles.com\/pt-br\/#\/schema\/logo\/image\/\"}}]}<\/script>\n<!-- \/ Yoast SEO plugin. -->","yoast_head_json":{"title":"Passeio em barco privado - Habitation Saint Charles","robots":{"index":"index","follow":"follow","max-snippet":"max-snippet:-1","max-image-preview":"max-image-preview:large","max-video-preview":"max-video-preview:-1"},"canonical":"https:\/\/www.habitation-saint-charles.com\/pt-br\/servicos\/passeio-em-barco-privado\/","og_locale":"pt_BR","og_type":"article","og_title":"Passeio em barco privado - Habitation Saint Charles","og_description":"Descubra os locais paradis\u00edacos e as ilhas de Guadalupe a bordo do nosso Marl&#8217;o equipado com 2 motores Mercury de 350 cv. V\u00e1rias sa\u00eddas s\u00e3o propostas e a nossa Recep\u00e7\u00e3o ter\u00e1 todo o prazer em inform\u00e1-lo e reservar a sua evas\u00e3o n\u00e1utica. Ar fresco, snorkelling, bebidas tornar\u00e3o a sua excurs\u00e3o em barco de meio dia [&hellip;]","og_url":"https:\/\/www.habitation-saint-charles.com\/pt-br\/servicos\/passeio-em-barco-privado\/","og_site_name":"Habitation Saint Charles","article_modified_time":"2020-08-04T14:47:26+00:00","og_image":[{"width":2017,"height":1200,"url":"https:\/\/www.habitation-saint-charles.com\/wp-content\/uploads\/sites\/164\/2023\/01\/Cohen-HABITATION-ST-CHARLES-51-2.jpg","type":"image\/jpeg"}],"twitter_card":"summary_large_image","schema":{"@context":"https:\/\/schema.org","@graph":[{"@type":"WebPage","@id":"https:\/\/www.habitation-saint-charles.com\/pt-br\/servicos\/passeio-em-barco-privado\/","url":"https:\/\/www.habitation-saint-charles.com\/pt-br\/servicos\/passeio-em-barco-privado\/","name":"Passeio em barco privado - Habitation Saint Charles","isPartOf":{"@id":"https:\/\/www.habitation-saint-charles.com\/pt-br\/#website"},"datePublished":"2020-04-15T09:55:23+00:00","dateModified":"2020-08-04T14:47:26+00:00","breadcrumb":{"@id":"https:\/\/www.habitation-saint-charles.com\/pt-br\/servicos\/passeio-em-barco-privado\/#breadcrumb"},"inLanguage":"pt-BR","potentialAction":[{"@type":"ReadAction","target":["https:\/\/www.habitation-saint-charles.com\/pt-br\/servicos\/passeio-em-barco-privado\/"]}]},{"@type":"BreadcrumbList","@id":"https:\/\/www.habitation-saint-charles.com\/pt-br\/servicos\/passeio-em-barco-privado\/#breadcrumb","itemListElement":[{"@type":"ListItem","position":1,"name":"Home","item":"https:\/\/www.habitation-saint-charles.com\/pt-br\/"},{"@type":"ListItem","position":2,"name":"Servi\u00e7os","item":"https:\/\/www.habitation-saint-charles.com\/pt-br\/services\/"},{"@type":"ListItem","position":3,"name":"Passeio em barco privado"}]},{"@type":"WebSite","@id":"https:\/\/www.habitation-saint-charles.com\/pt-br\/#website","url":"https:\/\/www.habitation-saint-charles.com\/pt-br\/","name":"Habitation Saint Charles","description":"","publisher":{"@id":"https:\/\/www.habitation-saint-charles.com\/pt-br\/#organization"},"potentialAction":[{"@type":"SearchAction","target":{"@type":"EntryPoint","urlTemplate":"https:\/\/www.habitation-saint-charles.com\/pt-br\/?s={search_term_string}"},"query-input":{"@type":"PropertyValueSpecification","valueRequired":true,"valueName":"search_term_string"}}],"inLanguage":"pt-BR"},{"@type":"Organization","@id":"https:\/\/www.habitation-saint-charles.com\/pt-br\/#organization","name":"Habitation Saint Charles","url":"https:\/\/www.habitation-saint-charles.com\/pt-br\/","logo":{"@type":"ImageObject","inLanguage":"pt-BR","@id":"https:\/\/www.habitation-saint-charles.com\/pt-br\/#\/schema\/logo\/image\/","url":"https:\/\/www.habitation-saint-charles.com\/wp-content\/uploads\/sites\/164\/2020\/08\/Logo-Habitation-Saint-Charles-2.png","contentUrl":"https:\/\/www.habitation-saint-charles.com\/wp-content\/uploads\/sites\/164\/2020\/08\/Logo-Habitation-Saint-Charles-2.png","width":799,"height":609,"caption":"Habitation Saint Charles"},"image":{"@id":"https:\/\/www.habitation-saint-charles.com\/pt-br\/#\/schema\/logo\/image\/"}}]}},"acf":[],"_links":{"self":[{"href":"https:\/\/www.habitation-saint-charles.com\/pt-br\/wp-json\/wp\/v2\/pages\/173","targetHints":{"allow":["GET"]}}],"collection":[{"href":"https:\/\/www.habitation-saint-charles.com\/pt-br\/wp-json\/wp\/v2\/pages"}],"about":[{"href":"https:\/\/www.habitation-saint-charles.com\/pt-br\/wp-json\/wp\/v2\/types\/page"}],"author":[{"embeddable":true,"href":"https:\/\/www.habitation-saint-charles.com\/pt-br\/wp-json\/wp\/v2\/users\/137"}],"replies":[{"embeddable":true,"href":"https:\/\/www.habitation-saint-charles.com\/pt-br\/wp-json\/wp\/v2\/comments?post=173"}],"version-history":[{"count":0,"href":"https:\/\/www.habitation-saint-charles.com\/pt-br\/wp-json\/wp\/v2\/pages\/173\/revisions"}],"up":[{"embeddable":true,"href":"https:\/\/www.habitation-saint-charles.com\/pt-br\/wp-json\/wp\/v2\/pages\/164"}],"wp:attachment":[{"href":"https:\/\/www.habitation-saint-charles.com\/pt-br\/wp-json\/wp\/v2\/media?parent=173"}],"curies":[{"name":"wp","href":"https:\/\/api.w.org\/{rel}","templated":true}]}}