{"id":170,"date":"2020-04-15T09:34:55","date_gmt":"2020-04-15T09:34:55","guid":{"rendered":"http:\/\/habitation-saint-charles.ms.decms.eu\/services\/piscine-a-cascade-blottie-dans-un-decor-naturel\/"},"modified":"2021-07-20T16:56:27","modified_gmt":"2021-07-20T16:56:27","slug":"piscina-natural","status":"publish","type":"page","link":"https:\/\/www.habitation-saint-charles.com\/pt-br\/servicos\/piscina-natural\/","title":{"rendered":"Piscina natural"},"content":{"rendered":"<p>&#8230;amontoados num ambiente natural<\/p>\n<p>Deitado numa confort\u00e1vel espregui\u00e7adeira, <strong><a href=\"https:\/\/habitation-saint-charles.ms.decms.eu\/pt-br\/restaurante-bar\/\">Table Saint Charles<\/a><\/strong> Bar est\u00e1 ao seu alcance para uma bebida refrescante e calmante.<\/p>\n<p><em>(A piscina s\u00f3 \u00e9 acess\u00edvel aos h\u00f3spedes da Habitation Saint-Charles).<\/em><\/p>\n","protected":false},"excerpt":{"rendered":"<p>&#8230;amontoados num ambiente natural Deitado numa confort\u00e1vel espregui\u00e7adeira, Table Saint Charles Bar est\u00e1 ao seu alcance para uma bebida refrescante e calmante. (A piscina s\u00f3 \u00e9 acess\u00edvel aos h\u00f3spedes da Habitation Saint-Charles).<\/p>\n","protected":false},"author":137,"featured_media":0,"parent":164,"menu_order":172,"comment_status":"closed","ping_status":"closed","template":"","meta":{"footnotes":""},"class_list":["post-170","page","type-page","status-publish","hentry"],"yoast_head":"<!-- This site is optimized with the Yoast SEO plugin v26.9 - https:\/\/yoast.com\/product\/yoast-seo-wordpress\/ -->\n<title>Piscina natural - Habitation Saint Charles<\/title>\n<meta name=\"robots\" content=\"index, follow, max-snippet:-1, max-image-preview:large, max-video-preview:-1\" \/>\n<link rel=\"canonical\" href=\"https:\/\/www.habitation-saint-charles.com\/pt-br\/servicos\/piscina-natural\/\" \/>\n<meta property=\"og:locale\" content=\"pt_BR\" \/>\n<meta property=\"og:type\" content=\"article\" \/>\n<meta property=\"og:title\" content=\"Piscina natural - Habitation Saint Charles\" \/>\n<meta property=\"og:description\" content=\"&#8230;amontoados num ambiente natural Deitado numa confort\u00e1vel espregui\u00e7adeira, Table Saint Charles Bar est\u00e1 ao seu alcance para uma bebida refrescante e calmante. (A piscina s\u00f3 \u00e9 acess\u00edvel aos h\u00f3spedes da Habitation Saint-Charles).\" \/>\n<meta property=\"og:url\" content=\"https:\/\/www.habitation-saint-charles.com\/pt-br\/servicos\/piscina-natural\/\" \/>\n<meta property=\"og:site_name\" content=\"Habitation Saint Charles\" \/>\n<meta property=\"article:modified_time\" content=\"2021-07-20T16:56:27+00:00\" \/>\n<meta property=\"og:image\" content=\"https:\/\/www.habitation-saint-charles.com\/wp-content\/uploads\/sites\/164\/2023\/01\/Cohen-HABITATION-ST-CHARLES-51-2.jpg\" \/>\n\t<meta property=\"og:image:width\" content=\"2017\" \/>\n\t<meta property=\"og:image:height\" content=\"1200\" \/>\n\t<meta property=\"og:image:type\" content=\"image\/jpeg\" \/>\n<meta name=\"twitter:card\" content=\"summary_large_image\" \/>\n<script type=\"application\/ld+json\" class=\"yoast-schema-graph\">{\"@context\":\"https:\/\/schema.org\",\"@graph\":[{\"@type\":\"WebPage\",\"@id\":\"https:\/\/www.habitation-saint-charles.com\/pt-br\/servicos\/piscina-natural\/\",\"url\":\"https:\/\/www.habitation-saint-charles.com\/pt-br\/servicos\/piscina-natural\/\",\"name\":\"Piscina natural - Habitation Saint Charles\",\"isPartOf\":{\"@id\":\"https:\/\/www.habitation-saint-charles.com\/pt-br\/#website\"},\"datePublished\":\"2020-04-15T09:34:55+00:00\",\"dateModified\":\"2021-07-20T16:56:27+00:00\",\"breadcrumb\":{\"@id\":\"https:\/\/www.habitation-saint-charles.com\/pt-br\/servicos\/piscina-natural\/#breadcrumb\"},\"inLanguage\":\"pt-BR\",\"potentialAction\":[{\"@type\":\"ReadAction\",\"target\":[\"https:\/\/www.habitation-saint-charles.com\/pt-br\/servicos\/piscina-natural\/\"]}]},{\"@type\":\"BreadcrumbList\",\"@id\":\"https:\/\/www.habitation-saint-charles.com\/pt-br\/servicos\/piscina-natural\/#breadcrumb\",\"itemListElement\":[{\"@type\":\"ListItem\",\"position\":1,\"name\":\"Home\",\"item\":\"https:\/\/www.habitation-saint-charles.com\/pt-br\/\"},{\"@type\":\"ListItem\",\"position\":2,\"name\":\"Servi\u00e7os\",\"item\":\"https:\/\/www.habitation-saint-charles.com\/pt-br\/services\/\"},{\"@type\":\"ListItem\",\"position\":3,\"name\":\"Piscina natural\"}]},{\"@type\":\"WebSite\",\"@id\":\"https:\/\/www.habitation-saint-charles.com\/pt-br\/#website\",\"url\":\"https:\/\/www.habitation-saint-charles.com\/pt-br\/\",\"name\":\"Habitation Saint Charles\",\"description\":\"\",\"publisher\":{\"@id\":\"https:\/\/www.habitation-saint-charles.com\/pt-br\/#organization\"},\"potentialAction\":[{\"@type\":\"SearchAction\",\"target\":{\"@type\":\"EntryPoint\",\"urlTemplate\":\"https:\/\/www.habitation-saint-charles.com\/pt-br\/?s={search_term_string}\"},\"query-input\":{\"@type\":\"PropertyValueSpecification\",\"valueRequired\":true,\"valueName\":\"search_term_string\"}}],\"inLanguage\":\"pt-BR\"},{\"@type\":\"Organization\",\"@id\":\"https:\/\/www.habitation-saint-charles.com\/pt-br\/#organization\",\"name\":\"Habitation Saint Charles\",\"url\":\"https:\/\/www.habitation-saint-charles.com\/pt-br\/\",\"logo\":{\"@type\":\"ImageObject\",\"inLanguage\":\"pt-BR\",\"@id\":\"https:\/\/www.habitation-saint-charles.com\/pt-br\/#\/schema\/logo\/image\/\",\"url\":\"https:\/\/www.habitation-saint-charles.com\/wp-content\/uploads\/sites\/164\/2020\/08\/Logo-Habitation-Saint-Charles-2.png\",\"contentUrl\":\"https:\/\/www.habitation-saint-charles.com\/wp-content\/uploads\/sites\/164\/2020\/08\/Logo-Habitation-Saint-Charles-2.png\",\"width\":799,\"height\":609,\"caption\":\"Habitation Saint Charles\"},\"image\":{\"@id\":\"https:\/\/www.habitation-saint-charles.com\/pt-br\/#\/schema\/logo\/image\/\"}}]}<\/script>\n<!-- \/ Yoast SEO plugin. -->","yoast_head_json":{"title":"Piscina natural - Habitation Saint Charles","robots":{"index":"index","follow":"follow","max-snippet":"max-snippet:-1","max-image-preview":"max-image-preview:large","max-video-preview":"max-video-preview:-1"},"canonical":"https:\/\/www.habitation-saint-charles.com\/pt-br\/servicos\/piscina-natural\/","og_locale":"pt_BR","og_type":"article","og_title":"Piscina natural - Habitation Saint Charles","og_description":"&#8230;amontoados num ambiente natural Deitado numa confort\u00e1vel espregui\u00e7adeira, Table Saint Charles Bar est\u00e1 ao seu alcance para uma bebida refrescante e calmante. (A piscina s\u00f3 \u00e9 acess\u00edvel aos h\u00f3spedes da Habitation Saint-Charles).","og_url":"https:\/\/www.habitation-saint-charles.com\/pt-br\/servicos\/piscina-natural\/","og_site_name":"Habitation Saint Charles","article_modified_time":"2021-07-20T16:56:27+00:00","og_image":[{"width":2017,"height":1200,"url":"https:\/\/www.habitation-saint-charles.com\/wp-content\/uploads\/sites\/164\/2023\/01\/Cohen-HABITATION-ST-CHARLES-51-2.jpg","type":"image\/jpeg"}],"twitter_card":"summary_large_image","schema":{"@context":"https:\/\/schema.org","@graph":[{"@type":"WebPage","@id":"https:\/\/www.habitation-saint-charles.com\/pt-br\/servicos\/piscina-natural\/","url":"https:\/\/www.habitation-saint-charles.com\/pt-br\/servicos\/piscina-natural\/","name":"Piscina natural - Habitation Saint Charles","isPartOf":{"@id":"https:\/\/www.habitation-saint-charles.com\/pt-br\/#website"},"datePublished":"2020-04-15T09:34:55+00:00","dateModified":"2021-07-20T16:56:27+00:00","breadcrumb":{"@id":"https:\/\/www.habitation-saint-charles.com\/pt-br\/servicos\/piscina-natural\/#breadcrumb"},"inLanguage":"pt-BR","potentialAction":[{"@type":"ReadAction","target":["https:\/\/www.habitation-saint-charles.com\/pt-br\/servicos\/piscina-natural\/"]}]},{"@type":"BreadcrumbList","@id":"https:\/\/www.habitation-saint-charles.com\/pt-br\/servicos\/piscina-natural\/#breadcrumb","itemListElement":[{"@type":"ListItem","position":1,"name":"Home","item":"https:\/\/www.habitation-saint-charles.com\/pt-br\/"},{"@type":"ListItem","position":2,"name":"Servi\u00e7os","item":"https:\/\/www.habitation-saint-charles.com\/pt-br\/services\/"},{"@type":"ListItem","position":3,"name":"Piscina natural"}]},{"@type":"WebSite","@id":"https:\/\/www.habitation-saint-charles.com\/pt-br\/#website","url":"https:\/\/www.habitation-saint-charles.com\/pt-br\/","name":"Habitation Saint Charles","description":"","publisher":{"@id":"https:\/\/www.habitation-saint-charles.com\/pt-br\/#organization"},"potentialAction":[{"@type":"SearchAction","target":{"@type":"EntryPoint","urlTemplate":"https:\/\/www.habitation-saint-charles.com\/pt-br\/?s={search_term_string}"},"query-input":{"@type":"PropertyValueSpecification","valueRequired":true,"valueName":"search_term_string"}}],"inLanguage":"pt-BR"},{"@type":"Organization","@id":"https:\/\/www.habitation-saint-charles.com\/pt-br\/#organization","name":"Habitation Saint Charles","url":"https:\/\/www.habitation-saint-charles.com\/pt-br\/","logo":{"@type":"ImageObject","inLanguage":"pt-BR","@id":"https:\/\/www.habitation-saint-charles.com\/pt-br\/#\/schema\/logo\/image\/","url":"https:\/\/www.habitation-saint-charles.com\/wp-content\/uploads\/sites\/164\/2020\/08\/Logo-Habitation-Saint-Charles-2.png","contentUrl":"https:\/\/www.habitation-saint-charles.com\/wp-content\/uploads\/sites\/164\/2020\/08\/Logo-Habitation-Saint-Charles-2.png","width":799,"height":609,"caption":"Habitation Saint Charles"},"image":{"@id":"https:\/\/www.habitation-saint-charles.com\/pt-br\/#\/schema\/logo\/image\/"}}]}},"acf":[],"_links":{"self":[{"href":"https:\/\/www.habitation-saint-charles.com\/pt-br\/wp-json\/wp\/v2\/pages\/170","targetHints":{"allow":["GET"]}}],"collection":[{"href":"https:\/\/www.habitation-saint-charles.com\/pt-br\/wp-json\/wp\/v2\/pages"}],"about":[{"href":"https:\/\/www.habitation-saint-charles.com\/pt-br\/wp-json\/wp\/v2\/types\/page"}],"author":[{"embeddable":true,"href":"https:\/\/www.habitation-saint-charles.com\/pt-br\/wp-json\/wp\/v2\/users\/137"}],"replies":[{"embeddable":true,"href":"https:\/\/www.habitation-saint-charles.com\/pt-br\/wp-json\/wp\/v2\/comments?post=170"}],"version-history":[{"count":0,"href":"https:\/\/www.habitation-saint-charles.com\/pt-br\/wp-json\/wp\/v2\/pages\/170\/revisions"}],"up":[{"embeddable":true,"href":"https:\/\/www.habitation-saint-charles.com\/pt-br\/wp-json\/wp\/v2\/pages\/164"}],"wp:attachment":[{"href":"https:\/\/www.habitation-saint-charles.com\/pt-br\/wp-json\/wp\/v2\/media?parent=170"}],"curies":[{"name":"wp","href":"https:\/\/api.w.org\/{rel}","templated":true}]}}