{"id":161,"date":"2020-04-15T09:18:39","date_gmt":"2020-04-15T09:18:39","guid":{"rendered":"http:\/\/habitation-saint-charles.ms.decms.eu\/restaurant-bar\/amiral\/"},"modified":"2021-07-20T16:37:14","modified_gmt":"2021-07-20T16:37:14","slug":"table-saint-charles","status":"publish","type":"page","link":"https:\/\/www.habitation-saint-charles.com\/pt-br\/restaurante-bar\/table-saint-charles\/","title":{"rendered":"Table Saint Charles"},"content":{"rendered":"<p>No terra\u00e7o ou na sala de jantar, o nosso Restaurante <b>Table Saint Charles<\/b> recebe-o a partir das 7:00 para um pequeno-almo\u00e7o gourmet com produtos locais.<\/p>\n<p>O nosso Chef, e a sua equipa oferecem-lhe uma cozinha crioula (Cr\u00e9ole) moderna, generosa e cheia de sabores em um ambiente acolhedor e com um servi\u00e7o atento.<\/p>\n<p>Para acompanhar suas refei\u00e7\u00f5es e se refrescar o dia todo, o Bar <b>Table Saint Charles<\/b> , <strong>aberto das 11:00 \u00e0s 23:00, com a sua sele\u00e7\u00e3o de deliciosos cocktails caseiros&#8230;<\/strong><\/p>\n","protected":false},"excerpt":{"rendered":"<p>No terra\u00e7o ou na sala de jantar, o nosso Restaurante Table Saint Charles recebe-o a partir das 7:00 para um pequeno-almo\u00e7o gourmet com produtos locais. O nosso Chef, e a sua equipa oferecem-lhe uma cozinha crioula (Cr\u00e9ole) moderna, generosa e cheia de sabores em um ambiente acolhedor e com um servi\u00e7o atento. Para acompanhar suas [&hellip;]<\/p>\n","protected":false},"author":137,"featured_media":0,"parent":158,"menu_order":150,"comment_status":"closed","ping_status":"closed","template":"template-sigle-restaurant.php","meta":{"footnotes":""},"class_list":["post-161","page","type-page","status-publish","hentry"],"yoast_head":"<!-- This site is optimized with the Yoast SEO plugin v26.9 - https:\/\/yoast.com\/product\/yoast-seo-wordpress\/ -->\n<title>Restaurante L\u2019Amiral| Hotel Boutique Habitation Saint-Charles<\/title>\n<meta name=\"description\" content=\"O nosso Chef e a sua equipa oferecem-lhe a sua vis\u00e3o contempor\u00e2nea da cozinha Cr\u00e9ole, generosa e cheia de sabores, num ambiente acolhedor e com um servi\u00e7o atento. Um incontorn\u00e1vel para os amantes da gastronomia.\" \/>\n<meta name=\"robots\" content=\"index, follow, max-snippet:-1, max-image-preview:large, max-video-preview:-1\" \/>\n<link rel=\"canonical\" href=\"https:\/\/www.habitation-saint-charles.com\/pt-br\/restaurante-bar\/table-saint-charles\/\" \/>\n<meta property=\"og:locale\" content=\"pt_BR\" \/>\n<meta property=\"og:type\" content=\"article\" \/>\n<meta property=\"og:title\" content=\"Restaurante L\u2019Amiral| Hotel Boutique Habitation Saint-Charles\" \/>\n<meta property=\"og:description\" content=\"O nosso Chef e a sua equipa oferecem-lhe a sua vis\u00e3o contempor\u00e2nea da cozinha Cr\u00e9ole, generosa e cheia de sabores, num ambiente acolhedor e com um servi\u00e7o atento. Um incontorn\u00e1vel para os amantes da gastronomia.\" \/>\n<meta property=\"og:url\" content=\"https:\/\/www.habitation-saint-charles.com\/pt-br\/restaurante-bar\/table-saint-charles\/\" \/>\n<meta property=\"og:site_name\" content=\"Habitation Saint Charles\" \/>\n<meta property=\"article:modified_time\" content=\"2021-07-20T16:37:14+00:00\" \/>\n<meta property=\"og:image\" content=\"https:\/\/www.habitation-saint-charles.com\/wp-content\/uploads\/sites\/164\/2023\/01\/Cohen-HABITATION-ST-CHARLES-51-2.jpg\" \/>\n\t<meta property=\"og:image:width\" content=\"2017\" \/>\n\t<meta property=\"og:image:height\" content=\"1200\" \/>\n\t<meta property=\"og:image:type\" content=\"image\/jpeg\" \/>\n<meta name=\"twitter:card\" content=\"summary_large_image\" \/>\n<script type=\"application\/ld+json\" class=\"yoast-schema-graph\">{\"@context\":\"https:\/\/schema.org\",\"@graph\":[{\"@type\":\"WebPage\",\"@id\":\"https:\/\/www.habitation-saint-charles.com\/pt-br\/restaurante-bar\/table-saint-charles\/\",\"url\":\"https:\/\/www.habitation-saint-charles.com\/pt-br\/restaurante-bar\/table-saint-charles\/\",\"name\":\"Restaurante L\u2019Amiral| Hotel Boutique Habitation Saint-Charles\",\"isPartOf\":{\"@id\":\"https:\/\/www.habitation-saint-charles.com\/pt-br\/#website\"},\"datePublished\":\"2020-04-15T09:18:39+00:00\",\"dateModified\":\"2021-07-20T16:37:14+00:00\",\"description\":\"O nosso Chef e a sua equipa oferecem-lhe a sua vis\u00e3o contempor\u00e2nea da cozinha Cr\u00e9ole, generosa e cheia de sabores, num ambiente acolhedor e com um servi\u00e7o atento. Um incontorn\u00e1vel para os amantes da gastronomia.\",\"breadcrumb\":{\"@id\":\"https:\/\/www.habitation-saint-charles.com\/pt-br\/restaurante-bar\/table-saint-charles\/#breadcrumb\"},\"inLanguage\":\"pt-BR\",\"potentialAction\":[{\"@type\":\"ReadAction\",\"target\":[\"https:\/\/www.habitation-saint-charles.com\/pt-br\/restaurante-bar\/table-saint-charles\/\"]}]},{\"@type\":\"BreadcrumbList\",\"@id\":\"https:\/\/www.habitation-saint-charles.com\/pt-br\/restaurante-bar\/table-saint-charles\/#breadcrumb\",\"itemListElement\":[{\"@type\":\"ListItem\",\"position\":1,\"name\":\"Home\",\"item\":\"https:\/\/www.habitation-saint-charles.com\/pt-br\/\"},{\"@type\":\"ListItem\",\"position\":2,\"name\":\"RESTAURANTE &#038; BAR\",\"item\":\"https:\/\/www.habitation-saint-charles.com\/pt-br\/restaurante-bar\/\"},{\"@type\":\"ListItem\",\"position\":3,\"name\":\"Table Saint Charles\"}]},{\"@type\":\"WebSite\",\"@id\":\"https:\/\/www.habitation-saint-charles.com\/pt-br\/#website\",\"url\":\"https:\/\/www.habitation-saint-charles.com\/pt-br\/\",\"name\":\"Habitation Saint Charles\",\"description\":\"\",\"publisher\":{\"@id\":\"https:\/\/www.habitation-saint-charles.com\/pt-br\/#organization\"},\"potentialAction\":[{\"@type\":\"SearchAction\",\"target\":{\"@type\":\"EntryPoint\",\"urlTemplate\":\"https:\/\/www.habitation-saint-charles.com\/pt-br\/?s={search_term_string}\"},\"query-input\":{\"@type\":\"PropertyValueSpecification\",\"valueRequired\":true,\"valueName\":\"search_term_string\"}}],\"inLanguage\":\"pt-BR\"},{\"@type\":\"Organization\",\"@id\":\"https:\/\/www.habitation-saint-charles.com\/pt-br\/#organization\",\"name\":\"Habitation Saint Charles\",\"url\":\"https:\/\/www.habitation-saint-charles.com\/pt-br\/\",\"logo\":{\"@type\":\"ImageObject\",\"inLanguage\":\"pt-BR\",\"@id\":\"https:\/\/www.habitation-saint-charles.com\/pt-br\/#\/schema\/logo\/image\/\",\"url\":\"https:\/\/www.habitation-saint-charles.com\/wp-content\/uploads\/sites\/164\/2020\/08\/Logo-Habitation-Saint-Charles-2.png\",\"contentUrl\":\"https:\/\/www.habitation-saint-charles.com\/wp-content\/uploads\/sites\/164\/2020\/08\/Logo-Habitation-Saint-Charles-2.png\",\"width\":799,\"height\":609,\"caption\":\"Habitation Saint Charles\"},\"image\":{\"@id\":\"https:\/\/www.habitation-saint-charles.com\/pt-br\/#\/schema\/logo\/image\/\"}}]}<\/script>\n<!-- \/ Yoast SEO plugin. -->","yoast_head_json":{"title":"Restaurante L\u2019Amiral| Hotel Boutique Habitation Saint-Charles","description":"O nosso Chef e a sua equipa oferecem-lhe a sua vis\u00e3o contempor\u00e2nea da cozinha Cr\u00e9ole, generosa e cheia de sabores, num ambiente acolhedor e com um servi\u00e7o atento. Um incontorn\u00e1vel para os amantes da gastronomia.","robots":{"index":"index","follow":"follow","max-snippet":"max-snippet:-1","max-image-preview":"max-image-preview:large","max-video-preview":"max-video-preview:-1"},"canonical":"https:\/\/www.habitation-saint-charles.com\/pt-br\/restaurante-bar\/table-saint-charles\/","og_locale":"pt_BR","og_type":"article","og_title":"Restaurante L\u2019Amiral| Hotel Boutique Habitation Saint-Charles","og_description":"O nosso Chef e a sua equipa oferecem-lhe a sua vis\u00e3o contempor\u00e2nea da cozinha Cr\u00e9ole, generosa e cheia de sabores, num ambiente acolhedor e com um servi\u00e7o atento. Um incontorn\u00e1vel para os amantes da gastronomia.","og_url":"https:\/\/www.habitation-saint-charles.com\/pt-br\/restaurante-bar\/table-saint-charles\/","og_site_name":"Habitation Saint Charles","article_modified_time":"2021-07-20T16:37:14+00:00","og_image":[{"width":2017,"height":1200,"url":"https:\/\/www.habitation-saint-charles.com\/wp-content\/uploads\/sites\/164\/2023\/01\/Cohen-HABITATION-ST-CHARLES-51-2.jpg","type":"image\/jpeg"}],"twitter_card":"summary_large_image","schema":{"@context":"https:\/\/schema.org","@graph":[{"@type":"WebPage","@id":"https:\/\/www.habitation-saint-charles.com\/pt-br\/restaurante-bar\/table-saint-charles\/","url":"https:\/\/www.habitation-saint-charles.com\/pt-br\/restaurante-bar\/table-saint-charles\/","name":"Restaurante L\u2019Amiral| Hotel Boutique Habitation Saint-Charles","isPartOf":{"@id":"https:\/\/www.habitation-saint-charles.com\/pt-br\/#website"},"datePublished":"2020-04-15T09:18:39+00:00","dateModified":"2021-07-20T16:37:14+00:00","description":"O nosso Chef e a sua equipa oferecem-lhe a sua vis\u00e3o contempor\u00e2nea da cozinha Cr\u00e9ole, generosa e cheia de sabores, num ambiente acolhedor e com um servi\u00e7o atento. Um incontorn\u00e1vel para os amantes da gastronomia.","breadcrumb":{"@id":"https:\/\/www.habitation-saint-charles.com\/pt-br\/restaurante-bar\/table-saint-charles\/#breadcrumb"},"inLanguage":"pt-BR","potentialAction":[{"@type":"ReadAction","target":["https:\/\/www.habitation-saint-charles.com\/pt-br\/restaurante-bar\/table-saint-charles\/"]}]},{"@type":"BreadcrumbList","@id":"https:\/\/www.habitation-saint-charles.com\/pt-br\/restaurante-bar\/table-saint-charles\/#breadcrumb","itemListElement":[{"@type":"ListItem","position":1,"name":"Home","item":"https:\/\/www.habitation-saint-charles.com\/pt-br\/"},{"@type":"ListItem","position":2,"name":"RESTAURANTE &#038; BAR","item":"https:\/\/www.habitation-saint-charles.com\/pt-br\/restaurante-bar\/"},{"@type":"ListItem","position":3,"name":"Table Saint Charles"}]},{"@type":"WebSite","@id":"https:\/\/www.habitation-saint-charles.com\/pt-br\/#website","url":"https:\/\/www.habitation-saint-charles.com\/pt-br\/","name":"Habitation Saint Charles","description":"","publisher":{"@id":"https:\/\/www.habitation-saint-charles.com\/pt-br\/#organization"},"potentialAction":[{"@type":"SearchAction","target":{"@type":"EntryPoint","urlTemplate":"https:\/\/www.habitation-saint-charles.com\/pt-br\/?s={search_term_string}"},"query-input":{"@type":"PropertyValueSpecification","valueRequired":true,"valueName":"search_term_string"}}],"inLanguage":"pt-BR"},{"@type":"Organization","@id":"https:\/\/www.habitation-saint-charles.com\/pt-br\/#organization","name":"Habitation Saint Charles","url":"https:\/\/www.habitation-saint-charles.com\/pt-br\/","logo":{"@type":"ImageObject","inLanguage":"pt-BR","@id":"https:\/\/www.habitation-saint-charles.com\/pt-br\/#\/schema\/logo\/image\/","url":"https:\/\/www.habitation-saint-charles.com\/wp-content\/uploads\/sites\/164\/2020\/08\/Logo-Habitation-Saint-Charles-2.png","contentUrl":"https:\/\/www.habitation-saint-charles.com\/wp-content\/uploads\/sites\/164\/2020\/08\/Logo-Habitation-Saint-Charles-2.png","width":799,"height":609,"caption":"Habitation Saint Charles"},"image":{"@id":"https:\/\/www.habitation-saint-charles.com\/pt-br\/#\/schema\/logo\/image\/"}}]}},"acf":[],"_links":{"self":[{"href":"https:\/\/www.habitation-saint-charles.com\/pt-br\/wp-json\/wp\/v2\/pages\/161","targetHints":{"allow":["GET"]}}],"collection":[{"href":"https:\/\/www.habitation-saint-charles.com\/pt-br\/wp-json\/wp\/v2\/pages"}],"about":[{"href":"https:\/\/www.habitation-saint-charles.com\/pt-br\/wp-json\/wp\/v2\/types\/page"}],"author":[{"embeddable":true,"href":"https:\/\/www.habitation-saint-charles.com\/pt-br\/wp-json\/wp\/v2\/users\/137"}],"replies":[{"embeddable":true,"href":"https:\/\/www.habitation-saint-charles.com\/pt-br\/wp-json\/wp\/v2\/comments?post=161"}],"version-history":[{"count":0,"href":"https:\/\/www.habitation-saint-charles.com\/pt-br\/wp-json\/wp\/v2\/pages\/161\/revisions"}],"up":[{"embeddable":true,"href":"https:\/\/www.habitation-saint-charles.com\/pt-br\/wp-json\/wp\/v2\/pages\/158"}],"wp:attachment":[{"href":"https:\/\/www.habitation-saint-charles.com\/pt-br\/wp-json\/wp\/v2\/media?parent=161"}],"curies":[{"name":"wp","href":"https:\/\/api.w.org\/{rel}","templated":true}]}}