{"id":140,"date":"2020-04-14T13:30:18","date_gmt":"2020-04-14T13:30:18","guid":{"rendered":"http:\/\/habitation-saint-charles.ms.decms.eu\/chambres\/"},"modified":"2021-07-20T12:55:11","modified_gmt":"2021-07-20T12:55:11","slug":"quartos","status":"publish","type":"page","link":"https:\/\/www.habitation-saint-charles.com\/pt-br\/quartos\/","title":{"rendered":"Quartos"},"content":{"rendered":"<p style=\"text-align: center;\">Os materiais mais nobres foram seleccionados para combinar efici\u00eancia com eleg\u00e2ncia, tais como cedro vermelho, mogno e dalbergia, a pedra natural da Borgonha (regi\u00e3o francesa)\u2026 que convidam a uma mudan\u00e7a de paisagem e a uma maior proximidade da natureza.<\/p>\n<p style=\"text-align: center;\">\nAs folhas e esponjas foram importadas dos Vosges, uma regi\u00e3o francesa com uma tradi\u00e7\u00e3o centen\u00e1ria na produ\u00e7\u00e3o de roupa de casa. Uma lenda dos Vosges diz que as agulhas de pinheiro dariam uma ligeira acidez ao solo e \u00e0 \u00e1gua dos Vosges, fontes que contribuiriam para o branqueamento e a delicadeza do linho \u2026<\/p>\n<p style=\"text-align: center;\">\nTodos os nossos quartos est\u00e3o equipados com <strong>ar condicionado<\/strong> individual, <strong>WIFI gratuito<\/strong> e <strong>uma grande TV HD Led<\/strong> que oferece uma selec\u00e7\u00e3o de programas franceses e internacionais.<\/p>\n","protected":false},"excerpt":{"rendered":"<p>Os materiais mais nobres foram seleccionados para combinar efici\u00eancia com eleg\u00e2ncia, tais como cedro vermelho, mogno e dalbergia, a pedra natural da Borgonha (regi\u00e3o francesa)\u2026 que convidam a uma mudan\u00e7a de paisagem e a uma maior proximidade da natureza. As folhas e esponjas foram importadas dos Vosges, uma regi\u00e3o francesa com uma tradi\u00e7\u00e3o centen\u00e1ria na [&hellip;]<\/p>\n","protected":false},"author":137,"featured_media":0,"parent":0,"menu_order":50,"comment_status":"closed","ping_status":"closed","template":"template-rooms.php","meta":{"footnotes":""},"class_list":["post-140","page","type-page","status-publish","hentry"],"yoast_head":"<!-- This site is optimized with the Yoast SEO plugin v26.9 - https:\/\/yoast.com\/product\/yoast-seo-wordpress\/ -->\n<title>Quartos | 4-estrelas Boutique Hotel Habitation Saint-Charles<\/title>\n<meta name=\"description\" content=\"Exotismo, requinte e tradi\u00e7\u00e3o para o seu bem-estar e conforto. Escolha entre quartos de luxo, bungalows com jacuzzi e Villas com piscina.\" \/>\n<meta name=\"robots\" content=\"index, follow, max-snippet:-1, max-image-preview:large, max-video-preview:-1\" \/>\n<link rel=\"canonical\" href=\"https:\/\/www.habitation-saint-charles.com\/pt-br\/quartos\/\" \/>\n<meta property=\"og:locale\" content=\"pt_BR\" \/>\n<meta property=\"og:type\" content=\"article\" \/>\n<meta property=\"og:title\" content=\"Quartos | 4-estrelas Boutique Hotel Habitation Saint-Charles\" \/>\n<meta property=\"og:description\" content=\"Exotismo, requinte e tradi\u00e7\u00e3o para o seu bem-estar e conforto. Escolha entre quartos de luxo, bungalows com jacuzzi e Villas com piscina.\" \/>\n<meta property=\"og:url\" content=\"https:\/\/www.habitation-saint-charles.com\/pt-br\/quartos\/\" \/>\n<meta property=\"og:site_name\" content=\"Habitation Saint Charles\" \/>\n<meta property=\"article:modified_time\" content=\"2021-07-20T12:55:11+00:00\" \/>\n<meta property=\"og:image\" content=\"https:\/\/www.habitation-saint-charles.com\/wp-content\/uploads\/sites\/164\/2023\/01\/Cohen-HABITATION-ST-CHARLES-51-2.jpg\" \/>\n\t<meta property=\"og:image:width\" content=\"2017\" \/>\n\t<meta property=\"og:image:height\" content=\"1200\" \/>\n\t<meta property=\"og:image:type\" content=\"image\/jpeg\" \/>\n<meta name=\"twitter:card\" content=\"summary_large_image\" \/>\n<meta name=\"twitter:label1\" content=\"Est. tempo de leitura\" \/>\n\t<meta name=\"twitter:data1\" content=\"1 minuto\" \/>\n<script type=\"application\/ld+json\" class=\"yoast-schema-graph\">{\"@context\":\"https:\/\/schema.org\",\"@graph\":[{\"@type\":\"WebPage\",\"@id\":\"https:\/\/www.habitation-saint-charles.com\/pt-br\/quartos\/\",\"url\":\"https:\/\/www.habitation-saint-charles.com\/pt-br\/quartos\/\",\"name\":\"Quartos | 4-estrelas Boutique Hotel Habitation Saint-Charles\",\"isPartOf\":{\"@id\":\"https:\/\/www.habitation-saint-charles.com\/pt-br\/#website\"},\"datePublished\":\"2020-04-14T13:30:18+00:00\",\"dateModified\":\"2021-07-20T12:55:11+00:00\",\"description\":\"Exotismo, requinte e tradi\u00e7\u00e3o para o seu bem-estar e conforto. Escolha entre quartos de luxo, bungalows com jacuzzi e Villas com piscina.\",\"breadcrumb\":{\"@id\":\"https:\/\/www.habitation-saint-charles.com\/pt-br\/quartos\/#breadcrumb\"},\"inLanguage\":\"pt-BR\",\"potentialAction\":[{\"@type\":\"ReadAction\",\"target\":[\"https:\/\/www.habitation-saint-charles.com\/pt-br\/quartos\/\"]}]},{\"@type\":\"BreadcrumbList\",\"@id\":\"https:\/\/www.habitation-saint-charles.com\/pt-br\/quartos\/#breadcrumb\",\"itemListElement\":[{\"@type\":\"ListItem\",\"position\":1,\"name\":\"Home\",\"item\":\"https:\/\/www.habitation-saint-charles.com\/pt-br\/\"},{\"@type\":\"ListItem\",\"position\":2,\"name\":\"Quartos\"}]},{\"@type\":\"WebSite\",\"@id\":\"https:\/\/www.habitation-saint-charles.com\/pt-br\/#website\",\"url\":\"https:\/\/www.habitation-saint-charles.com\/pt-br\/\",\"name\":\"Habitation Saint Charles\",\"description\":\"\",\"publisher\":{\"@id\":\"https:\/\/www.habitation-saint-charles.com\/pt-br\/#organization\"},\"potentialAction\":[{\"@type\":\"SearchAction\",\"target\":{\"@type\":\"EntryPoint\",\"urlTemplate\":\"https:\/\/www.habitation-saint-charles.com\/pt-br\/?s={search_term_string}\"},\"query-input\":{\"@type\":\"PropertyValueSpecification\",\"valueRequired\":true,\"valueName\":\"search_term_string\"}}],\"inLanguage\":\"pt-BR\"},{\"@type\":\"Organization\",\"@id\":\"https:\/\/www.habitation-saint-charles.com\/pt-br\/#organization\",\"name\":\"Habitation Saint Charles\",\"url\":\"https:\/\/www.habitation-saint-charles.com\/pt-br\/\",\"logo\":{\"@type\":\"ImageObject\",\"inLanguage\":\"pt-BR\",\"@id\":\"https:\/\/www.habitation-saint-charles.com\/pt-br\/#\/schema\/logo\/image\/\",\"url\":\"https:\/\/www.habitation-saint-charles.com\/wp-content\/uploads\/sites\/164\/2020\/08\/Logo-Habitation-Saint-Charles-2.png\",\"contentUrl\":\"https:\/\/www.habitation-saint-charles.com\/wp-content\/uploads\/sites\/164\/2020\/08\/Logo-Habitation-Saint-Charles-2.png\",\"width\":799,\"height\":609,\"caption\":\"Habitation Saint Charles\"},\"image\":{\"@id\":\"https:\/\/www.habitation-saint-charles.com\/pt-br\/#\/schema\/logo\/image\/\"}}]}<\/script>\n<!-- \/ Yoast SEO plugin. -->","yoast_head_json":{"title":"Quartos | 4-estrelas Boutique Hotel Habitation Saint-Charles","description":"Exotismo, requinte e tradi\u00e7\u00e3o para o seu bem-estar e conforto. Escolha entre quartos de luxo, bungalows com jacuzzi e Villas com piscina.","robots":{"index":"index","follow":"follow","max-snippet":"max-snippet:-1","max-image-preview":"max-image-preview:large","max-video-preview":"max-video-preview:-1"},"canonical":"https:\/\/www.habitation-saint-charles.com\/pt-br\/quartos\/","og_locale":"pt_BR","og_type":"article","og_title":"Quartos | 4-estrelas Boutique Hotel Habitation Saint-Charles","og_description":"Exotismo, requinte e tradi\u00e7\u00e3o para o seu bem-estar e conforto. Escolha entre quartos de luxo, bungalows com jacuzzi e Villas com piscina.","og_url":"https:\/\/www.habitation-saint-charles.com\/pt-br\/quartos\/","og_site_name":"Habitation Saint Charles","article_modified_time":"2021-07-20T12:55:11+00:00","og_image":[{"width":2017,"height":1200,"url":"https:\/\/www.habitation-saint-charles.com\/wp-content\/uploads\/sites\/164\/2023\/01\/Cohen-HABITATION-ST-CHARLES-51-2.jpg","type":"image\/jpeg"}],"twitter_card":"summary_large_image","twitter_misc":{"Est. tempo de leitura":"1 minuto"},"schema":{"@context":"https:\/\/schema.org","@graph":[{"@type":"WebPage","@id":"https:\/\/www.habitation-saint-charles.com\/pt-br\/quartos\/","url":"https:\/\/www.habitation-saint-charles.com\/pt-br\/quartos\/","name":"Quartos | 4-estrelas Boutique Hotel Habitation Saint-Charles","isPartOf":{"@id":"https:\/\/www.habitation-saint-charles.com\/pt-br\/#website"},"datePublished":"2020-04-14T13:30:18+00:00","dateModified":"2021-07-20T12:55:11+00:00","description":"Exotismo, requinte e tradi\u00e7\u00e3o para o seu bem-estar e conforto. Escolha entre quartos de luxo, bungalows com jacuzzi e Villas com piscina.","breadcrumb":{"@id":"https:\/\/www.habitation-saint-charles.com\/pt-br\/quartos\/#breadcrumb"},"inLanguage":"pt-BR","potentialAction":[{"@type":"ReadAction","target":["https:\/\/www.habitation-saint-charles.com\/pt-br\/quartos\/"]}]},{"@type":"BreadcrumbList","@id":"https:\/\/www.habitation-saint-charles.com\/pt-br\/quartos\/#breadcrumb","itemListElement":[{"@type":"ListItem","position":1,"name":"Home","item":"https:\/\/www.habitation-saint-charles.com\/pt-br\/"},{"@type":"ListItem","position":2,"name":"Quartos"}]},{"@type":"WebSite","@id":"https:\/\/www.habitation-saint-charles.com\/pt-br\/#website","url":"https:\/\/www.habitation-saint-charles.com\/pt-br\/","name":"Habitation Saint Charles","description":"","publisher":{"@id":"https:\/\/www.habitation-saint-charles.com\/pt-br\/#organization"},"potentialAction":[{"@type":"SearchAction","target":{"@type":"EntryPoint","urlTemplate":"https:\/\/www.habitation-saint-charles.com\/pt-br\/?s={search_term_string}"},"query-input":{"@type":"PropertyValueSpecification","valueRequired":true,"valueName":"search_term_string"}}],"inLanguage":"pt-BR"},{"@type":"Organization","@id":"https:\/\/www.habitation-saint-charles.com\/pt-br\/#organization","name":"Habitation Saint Charles","url":"https:\/\/www.habitation-saint-charles.com\/pt-br\/","logo":{"@type":"ImageObject","inLanguage":"pt-BR","@id":"https:\/\/www.habitation-saint-charles.com\/pt-br\/#\/schema\/logo\/image\/","url":"https:\/\/www.habitation-saint-charles.com\/wp-content\/uploads\/sites\/164\/2020\/08\/Logo-Habitation-Saint-Charles-2.png","contentUrl":"https:\/\/www.habitation-saint-charles.com\/wp-content\/uploads\/sites\/164\/2020\/08\/Logo-Habitation-Saint-Charles-2.png","width":799,"height":609,"caption":"Habitation Saint Charles"},"image":{"@id":"https:\/\/www.habitation-saint-charles.com\/pt-br\/#\/schema\/logo\/image\/"}}]}},"acf":[],"_links":{"self":[{"href":"https:\/\/www.habitation-saint-charles.com\/pt-br\/wp-json\/wp\/v2\/pages\/140","targetHints":{"allow":["GET"]}}],"collection":[{"href":"https:\/\/www.habitation-saint-charles.com\/pt-br\/wp-json\/wp\/v2\/pages"}],"about":[{"href":"https:\/\/www.habitation-saint-charles.com\/pt-br\/wp-json\/wp\/v2\/types\/page"}],"author":[{"embeddable":true,"href":"https:\/\/www.habitation-saint-charles.com\/pt-br\/wp-json\/wp\/v2\/users\/137"}],"replies":[{"embeddable":true,"href":"https:\/\/www.habitation-saint-charles.com\/pt-br\/wp-json\/wp\/v2\/comments?post=140"}],"version-history":[{"count":0,"href":"https:\/\/www.habitation-saint-charles.com\/pt-br\/wp-json\/wp\/v2\/pages\/140\/revisions"}],"wp:attachment":[{"href":"https:\/\/www.habitation-saint-charles.com\/pt-br\/wp-json\/wp\/v2\/media?parent=140"}],"curies":[{"name":"wp","href":"https:\/\/api.w.org\/{rel}","templated":true}]}}