{"id":137,"date":"2020-04-14T12:45:01","date_gmt":"2020-04-14T12:45:01","guid":{"rendered":"http:\/\/habitation-saint-charles.ms.decms.eu\/hotel\/"},"modified":"2021-07-20T12:46:51","modified_gmt":"2021-07-20T12:46:51","slug":"hotel","status":"publish","type":"page","link":"https:\/\/www.habitation-saint-charles.com\/pt-br\/hotel\/","title":{"rendered":"Bem-vindo no cora\u00e7\u00e3o de Guadalupe"},"content":{"rendered":"<div style=\"text-align: justify;\">\n<p>no centro de Guadalupe, numa natureza verde e abundante, o que faz dele um ponto de passagem privilegiado para visitar a ilha, de Grande-Terre a Basse-Terre.<br \/>\nLocalizado na exuberante vegeta\u00e7\u00e3o ao longo de um pequeno rio e das canas de a\u00e7\u00facar, equipado com uma piscina natural, o nosso Hotel Boutique foi constru\u00eddo com materiais nobres e consiste em 8 Bungalows com jacuzzi, 9 Quartos de hotel e 3 Villas de luxo com uma piscina privada.<\/p>\n<p>Quer esteja aqui de f\u00e9rias ou em neg\u00f3cios, a nossa equipa de profissionais apaixonados vai satisfazer as suas necessidades e garantir-lhe uma excelente e inesquec\u00edvel estadia connosco<\/p>\n<\/div>\n","protected":false},"excerpt":{"rendered":"<p>no centro de Guadalupe, numa natureza verde e abundante, o que faz dele um ponto de passagem privilegiado para visitar a ilha, de Grande-Terre a Basse-Terre. Localizado na exuberante vegeta\u00e7\u00e3o ao longo de um pequeno rio e das canas de a\u00e7\u00facar, equipado com uma piscina natural, o nosso Hotel Boutique foi constru\u00eddo com materiais nobres [&hellip;]<\/p>\n","protected":false},"author":137,"featured_media":0,"parent":0,"menu_order":40,"comment_status":"closed","ping_status":"closed","template":"template-hotel.php","meta":{"footnotes":""},"class_list":["post-137","page","type-page","status-publish","hentry"],"yoast_head":"<!-- This site is optimized with the Yoast SEO plugin v26.9 - https:\/\/yoast.com\/product\/yoast-seo-wordpress\/ -->\n<title>Hotel 4-Estrelas nas \u00cdndias Ocidentais Francesas | Habitation Saint-Charles<\/title>\n<meta name=\"description\" content=\"No cora\u00e7\u00e3o da ilha de Guadalupe, para neg\u00f3cios ou f\u00e9rias, bungalows com jacuzzi, villas de luxo com piscina privada ou quartos superiores, localizados num ambiente verde e at\u00edpico, faz dele um excelente lugar para ficar e visitar a ilha, de Grande-Terre e Basse-Terre.\" \/>\n<meta name=\"robots\" content=\"index, follow, max-snippet:-1, max-image-preview:large, max-video-preview:-1\" \/>\n<link rel=\"canonical\" href=\"https:\/\/www.habitation-saint-charles.com\/pt-br\/hotel\/\" \/>\n<meta property=\"og:locale\" content=\"pt_BR\" \/>\n<meta property=\"og:type\" content=\"article\" \/>\n<meta property=\"og:title\" content=\"Hotel 4-Estrelas nas \u00cdndias Ocidentais Francesas | Habitation Saint-Charles\" \/>\n<meta property=\"og:description\" content=\"No cora\u00e7\u00e3o da ilha de Guadalupe, para neg\u00f3cios ou f\u00e9rias, bungalows com jacuzzi, villas de luxo com piscina privada ou quartos superiores, localizados num ambiente verde e at\u00edpico, faz dele um excelente lugar para ficar e visitar a ilha, de Grande-Terre e Basse-Terre.\" \/>\n<meta property=\"og:url\" content=\"https:\/\/www.habitation-saint-charles.com\/pt-br\/hotel\/\" \/>\n<meta property=\"og:site_name\" content=\"Habitation Saint Charles\" \/>\n<meta property=\"article:modified_time\" content=\"2021-07-20T12:46:51+00:00\" \/>\n<meta property=\"og:image\" content=\"https:\/\/www.habitation-saint-charles.com\/wp-content\/uploads\/sites\/164\/2023\/01\/Cohen-HABITATION-ST-CHARLES-51-2.jpg\" \/>\n\t<meta property=\"og:image:width\" content=\"2017\" \/>\n\t<meta property=\"og:image:height\" content=\"1200\" \/>\n\t<meta property=\"og:image:type\" content=\"image\/jpeg\" \/>\n<meta name=\"twitter:card\" content=\"summary_large_image\" \/>\n<meta name=\"twitter:label1\" content=\"Est. tempo de leitura\" \/>\n\t<meta name=\"twitter:data1\" content=\"1 minuto\" \/>\n<script type=\"application\/ld+json\" class=\"yoast-schema-graph\">{\"@context\":\"https:\/\/schema.org\",\"@graph\":[{\"@type\":\"WebPage\",\"@id\":\"https:\/\/www.habitation-saint-charles.com\/pt-br\/hotel\/\",\"url\":\"https:\/\/www.habitation-saint-charles.com\/pt-br\/hotel\/\",\"name\":\"Hotel 4-Estrelas nas \u00cdndias Ocidentais Francesas | Habitation Saint-Charles\",\"isPartOf\":{\"@id\":\"https:\/\/www.habitation-saint-charles.com\/pt-br\/#website\"},\"datePublished\":\"2020-04-14T12:45:01+00:00\",\"dateModified\":\"2021-07-20T12:46:51+00:00\",\"description\":\"No cora\u00e7\u00e3o da ilha de Guadalupe, para neg\u00f3cios ou f\u00e9rias, bungalows com jacuzzi, villas de luxo com piscina privada ou quartos superiores, localizados num ambiente verde e at\u00edpico, faz dele um excelente lugar para ficar e visitar a ilha, de Grande-Terre e Basse-Terre.\",\"breadcrumb\":{\"@id\":\"https:\/\/www.habitation-saint-charles.com\/pt-br\/hotel\/#breadcrumb\"},\"inLanguage\":\"pt-BR\",\"potentialAction\":[{\"@type\":\"ReadAction\",\"target\":[\"https:\/\/www.habitation-saint-charles.com\/pt-br\/hotel\/\"]}]},{\"@type\":\"BreadcrumbList\",\"@id\":\"https:\/\/www.habitation-saint-charles.com\/pt-br\/hotel\/#breadcrumb\",\"itemListElement\":[{\"@type\":\"ListItem\",\"position\":1,\"name\":\"Home\",\"item\":\"https:\/\/www.habitation-saint-charles.com\/pt-br\/\"},{\"@type\":\"ListItem\",\"position\":2,\"name\":\"Bem-vindo no cora\u00e7\u00e3o de Guadalupe\"}]},{\"@type\":\"WebSite\",\"@id\":\"https:\/\/www.habitation-saint-charles.com\/pt-br\/#website\",\"url\":\"https:\/\/www.habitation-saint-charles.com\/pt-br\/\",\"name\":\"Habitation Saint Charles\",\"description\":\"\",\"publisher\":{\"@id\":\"https:\/\/www.habitation-saint-charles.com\/pt-br\/#organization\"},\"potentialAction\":[{\"@type\":\"SearchAction\",\"target\":{\"@type\":\"EntryPoint\",\"urlTemplate\":\"https:\/\/www.habitation-saint-charles.com\/pt-br\/?s={search_term_string}\"},\"query-input\":{\"@type\":\"PropertyValueSpecification\",\"valueRequired\":true,\"valueName\":\"search_term_string\"}}],\"inLanguage\":\"pt-BR\"},{\"@type\":\"Organization\",\"@id\":\"https:\/\/www.habitation-saint-charles.com\/pt-br\/#organization\",\"name\":\"Habitation Saint Charles\",\"url\":\"https:\/\/www.habitation-saint-charles.com\/pt-br\/\",\"logo\":{\"@type\":\"ImageObject\",\"inLanguage\":\"pt-BR\",\"@id\":\"https:\/\/www.habitation-saint-charles.com\/pt-br\/#\/schema\/logo\/image\/\",\"url\":\"https:\/\/www.habitation-saint-charles.com\/wp-content\/uploads\/sites\/164\/2020\/08\/Logo-Habitation-Saint-Charles-2.png\",\"contentUrl\":\"https:\/\/www.habitation-saint-charles.com\/wp-content\/uploads\/sites\/164\/2020\/08\/Logo-Habitation-Saint-Charles-2.png\",\"width\":799,\"height\":609,\"caption\":\"Habitation Saint Charles\"},\"image\":{\"@id\":\"https:\/\/www.habitation-saint-charles.com\/pt-br\/#\/schema\/logo\/image\/\"}}]}<\/script>\n<!-- \/ Yoast SEO plugin. -->","yoast_head_json":{"title":"Hotel 4-Estrelas nas \u00cdndias Ocidentais Francesas | Habitation Saint-Charles","description":"No cora\u00e7\u00e3o da ilha de Guadalupe, para neg\u00f3cios ou f\u00e9rias, bungalows com jacuzzi, villas de luxo com piscina privada ou quartos superiores, localizados num ambiente verde e at\u00edpico, faz dele um excelente lugar para ficar e visitar a ilha, de Grande-Terre e Basse-Terre.","robots":{"index":"index","follow":"follow","max-snippet":"max-snippet:-1","max-image-preview":"max-image-preview:large","max-video-preview":"max-video-preview:-1"},"canonical":"https:\/\/www.habitation-saint-charles.com\/pt-br\/hotel\/","og_locale":"pt_BR","og_type":"article","og_title":"Hotel 4-Estrelas nas \u00cdndias Ocidentais Francesas | Habitation Saint-Charles","og_description":"No cora\u00e7\u00e3o da ilha de Guadalupe, para neg\u00f3cios ou f\u00e9rias, bungalows com jacuzzi, villas de luxo com piscina privada ou quartos superiores, localizados num ambiente verde e at\u00edpico, faz dele um excelente lugar para ficar e visitar a ilha, de Grande-Terre e Basse-Terre.","og_url":"https:\/\/www.habitation-saint-charles.com\/pt-br\/hotel\/","og_site_name":"Habitation Saint Charles","article_modified_time":"2021-07-20T12:46:51+00:00","og_image":[{"width":2017,"height":1200,"url":"https:\/\/www.habitation-saint-charles.com\/wp-content\/uploads\/sites\/164\/2023\/01\/Cohen-HABITATION-ST-CHARLES-51-2.jpg","type":"image\/jpeg"}],"twitter_card":"summary_large_image","twitter_misc":{"Est. tempo de leitura":"1 minuto"},"schema":{"@context":"https:\/\/schema.org","@graph":[{"@type":"WebPage","@id":"https:\/\/www.habitation-saint-charles.com\/pt-br\/hotel\/","url":"https:\/\/www.habitation-saint-charles.com\/pt-br\/hotel\/","name":"Hotel 4-Estrelas nas \u00cdndias Ocidentais Francesas | Habitation Saint-Charles","isPartOf":{"@id":"https:\/\/www.habitation-saint-charles.com\/pt-br\/#website"},"datePublished":"2020-04-14T12:45:01+00:00","dateModified":"2021-07-20T12:46:51+00:00","description":"No cora\u00e7\u00e3o da ilha de Guadalupe, para neg\u00f3cios ou f\u00e9rias, bungalows com jacuzzi, villas de luxo com piscina privada ou quartos superiores, localizados num ambiente verde e at\u00edpico, faz dele um excelente lugar para ficar e visitar a ilha, de Grande-Terre e Basse-Terre.","breadcrumb":{"@id":"https:\/\/www.habitation-saint-charles.com\/pt-br\/hotel\/#breadcrumb"},"inLanguage":"pt-BR","potentialAction":[{"@type":"ReadAction","target":["https:\/\/www.habitation-saint-charles.com\/pt-br\/hotel\/"]}]},{"@type":"BreadcrumbList","@id":"https:\/\/www.habitation-saint-charles.com\/pt-br\/hotel\/#breadcrumb","itemListElement":[{"@type":"ListItem","position":1,"name":"Home","item":"https:\/\/www.habitation-saint-charles.com\/pt-br\/"},{"@type":"ListItem","position":2,"name":"Bem-vindo no cora\u00e7\u00e3o de Guadalupe"}]},{"@type":"WebSite","@id":"https:\/\/www.habitation-saint-charles.com\/pt-br\/#website","url":"https:\/\/www.habitation-saint-charles.com\/pt-br\/","name":"Habitation Saint Charles","description":"","publisher":{"@id":"https:\/\/www.habitation-saint-charles.com\/pt-br\/#organization"},"potentialAction":[{"@type":"SearchAction","target":{"@type":"EntryPoint","urlTemplate":"https:\/\/www.habitation-saint-charles.com\/pt-br\/?s={search_term_string}"},"query-input":{"@type":"PropertyValueSpecification","valueRequired":true,"valueName":"search_term_string"}}],"inLanguage":"pt-BR"},{"@type":"Organization","@id":"https:\/\/www.habitation-saint-charles.com\/pt-br\/#organization","name":"Habitation Saint Charles","url":"https:\/\/www.habitation-saint-charles.com\/pt-br\/","logo":{"@type":"ImageObject","inLanguage":"pt-BR","@id":"https:\/\/www.habitation-saint-charles.com\/pt-br\/#\/schema\/logo\/image\/","url":"https:\/\/www.habitation-saint-charles.com\/wp-content\/uploads\/sites\/164\/2020\/08\/Logo-Habitation-Saint-Charles-2.png","contentUrl":"https:\/\/www.habitation-saint-charles.com\/wp-content\/uploads\/sites\/164\/2020\/08\/Logo-Habitation-Saint-Charles-2.png","width":799,"height":609,"caption":"Habitation Saint Charles"},"image":{"@id":"https:\/\/www.habitation-saint-charles.com\/pt-br\/#\/schema\/logo\/image\/"}}]}},"acf":[],"_links":{"self":[{"href":"https:\/\/www.habitation-saint-charles.com\/pt-br\/wp-json\/wp\/v2\/pages\/137","targetHints":{"allow":["GET"]}}],"collection":[{"href":"https:\/\/www.habitation-saint-charles.com\/pt-br\/wp-json\/wp\/v2\/pages"}],"about":[{"href":"https:\/\/www.habitation-saint-charles.com\/pt-br\/wp-json\/wp\/v2\/types\/page"}],"author":[{"embeddable":true,"href":"https:\/\/www.habitation-saint-charles.com\/pt-br\/wp-json\/wp\/v2\/users\/137"}],"replies":[{"embeddable":true,"href":"https:\/\/www.habitation-saint-charles.com\/pt-br\/wp-json\/wp\/v2\/comments?post=137"}],"version-history":[{"count":0,"href":"https:\/\/www.habitation-saint-charles.com\/pt-br\/wp-json\/wp\/v2\/pages\/137\/revisions"}],"wp:attachment":[{"href":"https:\/\/www.habitation-saint-charles.com\/pt-br\/wp-json\/wp\/v2\/media?parent=137"}],"curies":[{"name":"wp","href":"https:\/\/api.w.org\/{rel}","templated":true}]}}