{"id":524,"date":"2020-10-23T07:33:28","date_gmt":"2020-10-23T07:33:28","guid":{"rendered":"https:\/\/habitation-saint-charles.ms.decms.eu\/habitaciones\/bungalow-prestige-1-chambre\/"},"modified":"2021-08-03T07:36:32","modified_gmt":"2021-08-03T07:36:32","slug":"prestige-bungalow-1-bedroom-with-private-pool","status":"publish","type":"page","link":"https:\/\/www.habitation-saint-charles.com\/es\/habitaciones\/prestige-bungalow-1-bedroom-with-private-pool\/","title":{"rendered":"Prestige Bungalow 1 Bedroom with private pool"},"content":{"rendered":"<p><strong>Prestige Bungalow 1 Bedroom with private pool : <em>La Marquise<\/em><\/strong><\/p>\n<p style=\"text-align: justify;\">Construido de madera preciosa y piedras naturales de Borgo\u00f1a (Francia), nuestro bungalow esta equipado con 1 dormitorio (1 cama 180\u00d7200), 1 ba\u00f1o con una ducha grande y un sal\u00f3n con cocina americana ? de un estanque de piedra natural en terraza, con una ducha exterior, un peque\u00f1o sal\u00f3n bajo la p\u00e9rgola, de un comedor en terraza, con vistas a un peque\u00f1o jard\u00edn tropical<\/p>\n","protected":false},"excerpt":{"rendered":"<p>Prestige Bungalow 1 Bedroom with private pool : La Marquise Construido de madera preciosa y piedras naturales de Borgo\u00f1a (Francia), nuestro bungalow esta equipado con 1 dormitorio (1 cama 180\u00d7200), 1 ba\u00f1o con una ducha grande y un sal\u00f3n con cocina americana ? de un estanque de piedra natural en terraza, con una ducha exterior, [&hellip;]<\/p>\n","protected":false},"author":137,"featured_media":0,"parent":141,"menu_order":90,"comment_status":"closed","ping_status":"closed","template":"template-single-room.php","meta":{"footnotes":""},"class_list":["post-524","page","type-page","status-publish","hentry"],"yoast_head":"<!-- This site is optimized with the Yoast SEO plugin v26.9 - https:\/\/yoast.com\/product\/yoast-seo-wordpress\/ -->\n<title>Prestige Bungalow 1 Bedroom with private pool - Habitation Saint Charles<\/title>\n<meta name=\"robots\" content=\"index, follow, max-snippet:-1, max-image-preview:large, max-video-preview:-1\" \/>\n<link rel=\"canonical\" href=\"https:\/\/www.habitation-saint-charles.com\/es\/habitaciones\/prestige-bungalow-1-bedroom-with-private-pool\/\" \/>\n<meta property=\"og:locale\" content=\"es_ES\" \/>\n<meta property=\"og:type\" content=\"article\" \/>\n<meta property=\"og:title\" content=\"Prestige Bungalow 1 Bedroom with private pool - Habitation Saint Charles\" \/>\n<meta property=\"og:description\" content=\"Prestige Bungalow 1 Bedroom with private pool : La Marquise Construido de madera preciosa y piedras naturales de Borgo\u00f1a (Francia), nuestro bungalow esta equipado con 1 dormitorio (1 cama 180\u00d7200), 1 ba\u00f1o con una ducha grande y un sal\u00f3n con cocina americana ? de un estanque de piedra natural en terraza, con una ducha exterior, [&hellip;]\" \/>\n<meta property=\"og:url\" content=\"https:\/\/www.habitation-saint-charles.com\/es\/habitaciones\/prestige-bungalow-1-bedroom-with-private-pool\/\" \/>\n<meta property=\"og:site_name\" content=\"Habitation Saint Charles\" \/>\n<meta property=\"article:modified_time\" content=\"2021-08-03T07:36:32+00:00\" \/>\n<meta property=\"og:image\" content=\"https:\/\/www.habitation-saint-charles.com\/wp-content\/uploads\/sites\/164\/2023\/01\/Cohen-HABITATION-ST-CHARLES-51-2.jpg\" \/>\n\t<meta property=\"og:image:width\" content=\"2017\" \/>\n\t<meta property=\"og:image:height\" content=\"1200\" \/>\n\t<meta property=\"og:image:type\" content=\"image\/jpeg\" \/>\n<meta name=\"twitter:card\" content=\"summary_large_image\" \/>\n<script type=\"application\/ld+json\" class=\"yoast-schema-graph\">{\"@context\":\"https:\/\/schema.org\",\"@graph\":[{\"@type\":\"WebPage\",\"@id\":\"https:\/\/www.habitation-saint-charles.com\/es\/habitaciones\/prestige-bungalow-1-bedroom-with-private-pool\/\",\"url\":\"https:\/\/www.habitation-saint-charles.com\/es\/habitaciones\/prestige-bungalow-1-bedroom-with-private-pool\/\",\"name\":\"Prestige Bungalow 1 Bedroom with private pool - Habitation Saint Charles\",\"isPartOf\":{\"@id\":\"https:\/\/www.habitation-saint-charles.com\/es\/#website\"},\"datePublished\":\"2020-10-23T07:33:28+00:00\",\"dateModified\":\"2021-08-03T07:36:32+00:00\",\"breadcrumb\":{\"@id\":\"https:\/\/www.habitation-saint-charles.com\/es\/habitaciones\/prestige-bungalow-1-bedroom-with-private-pool\/#breadcrumb\"},\"inLanguage\":\"es\",\"potentialAction\":[{\"@type\":\"ReadAction\",\"target\":[\"https:\/\/www.habitation-saint-charles.com\/es\/habitaciones\/prestige-bungalow-1-bedroom-with-private-pool\/\"]}]},{\"@type\":\"BreadcrumbList\",\"@id\":\"https:\/\/www.habitation-saint-charles.com\/es\/habitaciones\/prestige-bungalow-1-bedroom-with-private-pool\/#breadcrumb\",\"itemListElement\":[{\"@type\":\"ListItem\",\"position\":1,\"name\":\"Home\",\"item\":\"https:\/\/www.habitation-saint-charles.com\/es\/\"},{\"@type\":\"ListItem\",\"position\":2,\"name\":\"Habitaciones\",\"item\":\"https:\/\/www.habitation-saint-charles.com\/es\/habitaciones\/\"},{\"@type\":\"ListItem\",\"position\":3,\"name\":\"Prestige Bungalow 1 Bedroom with private pool\"}]},{\"@type\":\"WebSite\",\"@id\":\"https:\/\/www.habitation-saint-charles.com\/es\/#website\",\"url\":\"https:\/\/www.habitation-saint-charles.com\/es\/\",\"name\":\"Habitation Saint Charles\",\"description\":\"\",\"potentialAction\":[{\"@type\":\"SearchAction\",\"target\":{\"@type\":\"EntryPoint\",\"urlTemplate\":\"https:\/\/www.habitation-saint-charles.com\/es\/?s={search_term_string}\"},\"query-input\":{\"@type\":\"PropertyValueSpecification\",\"valueRequired\":true,\"valueName\":\"search_term_string\"}}],\"inLanguage\":\"es\"}]}<\/script>\n<!-- \/ Yoast SEO plugin. -->","yoast_head_json":{"title":"Prestige Bungalow 1 Bedroom with private pool - Habitation Saint Charles","robots":{"index":"index","follow":"follow","max-snippet":"max-snippet:-1","max-image-preview":"max-image-preview:large","max-video-preview":"max-video-preview:-1"},"canonical":"https:\/\/www.habitation-saint-charles.com\/es\/habitaciones\/prestige-bungalow-1-bedroom-with-private-pool\/","og_locale":"es_ES","og_type":"article","og_title":"Prestige Bungalow 1 Bedroom with private pool - Habitation Saint Charles","og_description":"Prestige Bungalow 1 Bedroom with private pool : La Marquise Construido de madera preciosa y piedras naturales de Borgo\u00f1a (Francia), nuestro bungalow esta equipado con 1 dormitorio (1 cama 180\u00d7200), 1 ba\u00f1o con una ducha grande y un sal\u00f3n con cocina americana ? de un estanque de piedra natural en terraza, con una ducha exterior, [&hellip;]","og_url":"https:\/\/www.habitation-saint-charles.com\/es\/habitaciones\/prestige-bungalow-1-bedroom-with-private-pool\/","og_site_name":"Habitation Saint Charles","article_modified_time":"2021-08-03T07:36:32+00:00","og_image":[{"width":2017,"height":1200,"url":"https:\/\/www.habitation-saint-charles.com\/wp-content\/uploads\/sites\/164\/2023\/01\/Cohen-HABITATION-ST-CHARLES-51-2.jpg","type":"image\/jpeg"}],"twitter_card":"summary_large_image","schema":{"@context":"https:\/\/schema.org","@graph":[{"@type":"WebPage","@id":"https:\/\/www.habitation-saint-charles.com\/es\/habitaciones\/prestige-bungalow-1-bedroom-with-private-pool\/","url":"https:\/\/www.habitation-saint-charles.com\/es\/habitaciones\/prestige-bungalow-1-bedroom-with-private-pool\/","name":"Prestige Bungalow 1 Bedroom with private pool - Habitation Saint Charles","isPartOf":{"@id":"https:\/\/www.habitation-saint-charles.com\/es\/#website"},"datePublished":"2020-10-23T07:33:28+00:00","dateModified":"2021-08-03T07:36:32+00:00","breadcrumb":{"@id":"https:\/\/www.habitation-saint-charles.com\/es\/habitaciones\/prestige-bungalow-1-bedroom-with-private-pool\/#breadcrumb"},"inLanguage":"es","potentialAction":[{"@type":"ReadAction","target":["https:\/\/www.habitation-saint-charles.com\/es\/habitaciones\/prestige-bungalow-1-bedroom-with-private-pool\/"]}]},{"@type":"BreadcrumbList","@id":"https:\/\/www.habitation-saint-charles.com\/es\/habitaciones\/prestige-bungalow-1-bedroom-with-private-pool\/#breadcrumb","itemListElement":[{"@type":"ListItem","position":1,"name":"Home","item":"https:\/\/www.habitation-saint-charles.com\/es\/"},{"@type":"ListItem","position":2,"name":"Habitaciones","item":"https:\/\/www.habitation-saint-charles.com\/es\/habitaciones\/"},{"@type":"ListItem","position":3,"name":"Prestige Bungalow 1 Bedroom with private pool"}]},{"@type":"WebSite","@id":"https:\/\/www.habitation-saint-charles.com\/es\/#website","url":"https:\/\/www.habitation-saint-charles.com\/es\/","name":"Habitation Saint Charles","description":"","potentialAction":[{"@type":"SearchAction","target":{"@type":"EntryPoint","urlTemplate":"https:\/\/www.habitation-saint-charles.com\/es\/?s={search_term_string}"},"query-input":{"@type":"PropertyValueSpecification","valueRequired":true,"valueName":"search_term_string"}}],"inLanguage":"es"}]}},"acf":[],"_links":{"self":[{"href":"https:\/\/www.habitation-saint-charles.com\/es\/wp-json\/wp\/v2\/pages\/524","targetHints":{"allow":["GET"]}}],"collection":[{"href":"https:\/\/www.habitation-saint-charles.com\/es\/wp-json\/wp\/v2\/pages"}],"about":[{"href":"https:\/\/www.habitation-saint-charles.com\/es\/wp-json\/wp\/v2\/types\/page"}],"author":[{"embeddable":true,"href":"https:\/\/www.habitation-saint-charles.com\/es\/wp-json\/wp\/v2\/users\/137"}],"replies":[{"embeddable":true,"href":"https:\/\/www.habitation-saint-charles.com\/es\/wp-json\/wp\/v2\/comments?post=524"}],"version-history":[{"count":0,"href":"https:\/\/www.habitation-saint-charles.com\/es\/wp-json\/wp\/v2\/pages\/524\/revisions"}],"up":[{"embeddable":true,"href":"https:\/\/www.habitation-saint-charles.com\/es\/wp-json\/wp\/v2\/pages\/141"}],"wp:attachment":[{"href":"https:\/\/www.habitation-saint-charles.com\/es\/wp-json\/wp\/v2\/media?parent=524"}],"curies":[{"name":"wp","href":"https:\/\/api.w.org\/{rel}","templated":true}]}}