{"id":512,"date":"2020-10-23T07:41:56","date_gmt":"2020-10-23T07:41:56","guid":{"rendered":"https:\/\/habitation-saint-charles.ms.decms.eu\/habitaciones\/villas-15-personnes-avec-piscine\/"},"modified":"2021-08-03T07:13:29","modified_gmt":"2021-08-03T07:13:29","slug":"villas-15-personas-con-piscina","status":"publish","type":"page","link":"https:\/\/www.habitation-saint-charles.com\/es\/habitaciones\/villas-15-personas-con-piscina\/","title":{"rendered":"Villas 15 personas con piscina"},"content":{"rendered":"<p><em><strong>Villas 15 personas con piscina : Villa Saint Alban et Villa Saint Jean<\/strong><\/em><br \/>\nSi desea comodidad con espacio y la privacidad de una residencia privada disfrutando de los servicios de un hotel de lujo, aqu\u00ed lo encontrar\u00e1, bajo un brillante sol suavizado por la brisa del Caribe.<\/p>\n<p>Nuestras villas tienen un dise\u00f1o \u00fanico y evocan su propia personalidad, desde el \u00faltimo lujo sofisticado hasta la vida cl\u00e1sica y encantadora de la isla.<\/p>\n<p>Cada villa tiene \u00e1reas de bienestar al aire libre equipadas y bellamente dise\u00f1adas con azulejos frescos, madera rica, baldosas que aportan frescura, dormitorios c\u00f3modos y amplios equipados con suaves y delicadas s\u00e1banas adem\u00e1s de unos ba\u00f1os totalmente equipados.<\/p>\n<p>El personal dedicado a cada una de las villas, le proporcionar\u00e1 el m\u00e1ximo cuidado para usted durante toda su estancia. Por encargo, un desayuno fresco y variado podr\u00e1 ser servido en su terraza cada ma\u00f1ana.<\/p>\n<p>\u00abAll\u00e1 todo es orden y belleza Lujo, calma y voluptuosidad\u201d (Baudelaire)<\/p>\n","protected":false},"excerpt":{"rendered":"<p>Villas 15 personas con piscina : Villa Saint Alban et Villa Saint Jean Si desea comodidad con espacio y la privacidad de una residencia privada disfrutando de los servicios de un hotel de lujo, aqu\u00ed lo encontrar\u00e1, bajo un brillante sol suavizado por la brisa del Caribe. Nuestras villas tienen un dise\u00f1o \u00fanico y evocan [&hellip;]<\/p>\n","protected":false},"author":137,"featured_media":0,"parent":141,"menu_order":130,"comment_status":"closed","ping_status":"closed","template":"template-single-villa.php","meta":{"footnotes":""},"class_list":["post-512","page","type-page","status-publish","hentry"],"yoast_head":"<!-- This site is optimized with the Yoast SEO plugin v26.9 - https:\/\/yoast.com\/product\/yoast-seo-wordpress\/ -->\n<title>Villas 15 personas con piscina - Habitation Saint Charles<\/title>\n<meta name=\"robots\" content=\"index, follow, max-snippet:-1, max-image-preview:large, max-video-preview:-1\" \/>\n<link rel=\"canonical\" href=\"https:\/\/www.habitation-saint-charles.com\/es\/habitaciones\/villas-15-personas-con-piscina\/\" \/>\n<meta property=\"og:locale\" content=\"es_ES\" \/>\n<meta property=\"og:type\" content=\"article\" \/>\n<meta property=\"og:title\" content=\"Villas 15 personas con piscina - Habitation Saint Charles\" \/>\n<meta property=\"og:description\" content=\"Villas 15 personas con piscina : Villa Saint Alban et Villa Saint Jean Si desea comodidad con espacio y la privacidad de una residencia privada disfrutando de los servicios de un hotel de lujo, aqu\u00ed lo encontrar\u00e1, bajo un brillante sol suavizado por la brisa del Caribe. Nuestras villas tienen un dise\u00f1o \u00fanico y evocan [&hellip;]\" \/>\n<meta property=\"og:url\" content=\"https:\/\/www.habitation-saint-charles.com\/es\/habitaciones\/villas-15-personas-con-piscina\/\" \/>\n<meta property=\"og:site_name\" content=\"Habitation Saint Charles\" \/>\n<meta property=\"article:modified_time\" content=\"2021-08-03T07:13:29+00:00\" \/>\n<meta property=\"og:image\" content=\"https:\/\/www.habitation-saint-charles.com\/wp-content\/uploads\/sites\/164\/2023\/01\/Cohen-HABITATION-ST-CHARLES-51-2.jpg\" \/>\n\t<meta property=\"og:image:width\" content=\"2017\" \/>\n\t<meta property=\"og:image:height\" content=\"1200\" \/>\n\t<meta property=\"og:image:type\" content=\"image\/jpeg\" \/>\n<meta name=\"twitter:card\" content=\"summary_large_image\" \/>\n<meta name=\"twitter:label1\" content=\"Tiempo de lectura\" \/>\n\t<meta name=\"twitter:data1\" content=\"1 minuto\" \/>\n<script type=\"application\/ld+json\" class=\"yoast-schema-graph\">{\"@context\":\"https:\/\/schema.org\",\"@graph\":[{\"@type\":\"WebPage\",\"@id\":\"https:\/\/www.habitation-saint-charles.com\/es\/habitaciones\/villas-15-personas-con-piscina\/\",\"url\":\"https:\/\/www.habitation-saint-charles.com\/es\/habitaciones\/villas-15-personas-con-piscina\/\",\"name\":\"Villas 15 personas con piscina - Habitation Saint Charles\",\"isPartOf\":{\"@id\":\"https:\/\/www.habitation-saint-charles.com\/es\/#website\"},\"datePublished\":\"2020-10-23T07:41:56+00:00\",\"dateModified\":\"2021-08-03T07:13:29+00:00\",\"breadcrumb\":{\"@id\":\"https:\/\/www.habitation-saint-charles.com\/es\/habitaciones\/villas-15-personas-con-piscina\/#breadcrumb\"},\"inLanguage\":\"es\",\"potentialAction\":[{\"@type\":\"ReadAction\",\"target\":[\"https:\/\/www.habitation-saint-charles.com\/es\/habitaciones\/villas-15-personas-con-piscina\/\"]}]},{\"@type\":\"BreadcrumbList\",\"@id\":\"https:\/\/www.habitation-saint-charles.com\/es\/habitaciones\/villas-15-personas-con-piscina\/#breadcrumb\",\"itemListElement\":[{\"@type\":\"ListItem\",\"position\":1,\"name\":\"Home\",\"item\":\"https:\/\/www.habitation-saint-charles.com\/es\/\"},{\"@type\":\"ListItem\",\"position\":2,\"name\":\"Habitaciones\",\"item\":\"https:\/\/www.habitation-saint-charles.com\/es\/habitaciones\/\"},{\"@type\":\"ListItem\",\"position\":3,\"name\":\"Villas 15 personas con piscina\"}]},{\"@type\":\"WebSite\",\"@id\":\"https:\/\/www.habitation-saint-charles.com\/es\/#website\",\"url\":\"https:\/\/www.habitation-saint-charles.com\/es\/\",\"name\":\"Habitation Saint Charles\",\"description\":\"\",\"publisher\":{\"@id\":\"https:\/\/www.habitation-saint-charles.com\/es\/#organization\"},\"potentialAction\":[{\"@type\":\"SearchAction\",\"target\":{\"@type\":\"EntryPoint\",\"urlTemplate\":\"https:\/\/www.habitation-saint-charles.com\/es\/?s={search_term_string}\"},\"query-input\":{\"@type\":\"PropertyValueSpecification\",\"valueRequired\":true,\"valueName\":\"search_term_string\"}}],\"inLanguage\":\"es\"},{\"@type\":\"Organization\",\"@id\":\"https:\/\/www.habitation-saint-charles.com\/es\/#organization\",\"name\":\"Habitation Saint Charles\",\"url\":\"https:\/\/www.habitation-saint-charles.com\/es\/\",\"logo\":{\"@type\":\"ImageObject\",\"inLanguage\":\"es\",\"@id\":\"https:\/\/www.habitation-saint-charles.com\/es\/#\/schema\/logo\/image\/\",\"url\":\"https:\/\/www.habitation-saint-charles.com\/wp-content\/uploads\/sites\/164\/2020\/08\/Logo-Habitation-Saint-Charles-2.png\",\"contentUrl\":\"https:\/\/www.habitation-saint-charles.com\/wp-content\/uploads\/sites\/164\/2020\/08\/Logo-Habitation-Saint-Charles-2.png\",\"width\":799,\"height\":609,\"caption\":\"Habitation Saint Charles\"},\"image\":{\"@id\":\"https:\/\/www.habitation-saint-charles.com\/es\/#\/schema\/logo\/image\/\"}}]}<\/script>\n<!-- \/ Yoast SEO plugin. -->","yoast_head_json":{"title":"Villas 15 personas con piscina - Habitation Saint Charles","robots":{"index":"index","follow":"follow","max-snippet":"max-snippet:-1","max-image-preview":"max-image-preview:large","max-video-preview":"max-video-preview:-1"},"canonical":"https:\/\/www.habitation-saint-charles.com\/es\/habitaciones\/villas-15-personas-con-piscina\/","og_locale":"es_ES","og_type":"article","og_title":"Villas 15 personas con piscina - Habitation Saint Charles","og_description":"Villas 15 personas con piscina : Villa Saint Alban et Villa Saint Jean Si desea comodidad con espacio y la privacidad de una residencia privada disfrutando de los servicios de un hotel de lujo, aqu\u00ed lo encontrar\u00e1, bajo un brillante sol suavizado por la brisa del Caribe. Nuestras villas tienen un dise\u00f1o \u00fanico y evocan [&hellip;]","og_url":"https:\/\/www.habitation-saint-charles.com\/es\/habitaciones\/villas-15-personas-con-piscina\/","og_site_name":"Habitation Saint Charles","article_modified_time":"2021-08-03T07:13:29+00:00","og_image":[{"width":2017,"height":1200,"url":"https:\/\/www.habitation-saint-charles.com\/wp-content\/uploads\/sites\/164\/2023\/01\/Cohen-HABITATION-ST-CHARLES-51-2.jpg","type":"image\/jpeg"}],"twitter_card":"summary_large_image","twitter_misc":{"Tiempo de lectura":"1 minuto"},"schema":{"@context":"https:\/\/schema.org","@graph":[{"@type":"WebPage","@id":"https:\/\/www.habitation-saint-charles.com\/es\/habitaciones\/villas-15-personas-con-piscina\/","url":"https:\/\/www.habitation-saint-charles.com\/es\/habitaciones\/villas-15-personas-con-piscina\/","name":"Villas 15 personas con piscina - Habitation Saint Charles","isPartOf":{"@id":"https:\/\/www.habitation-saint-charles.com\/es\/#website"},"datePublished":"2020-10-23T07:41:56+00:00","dateModified":"2021-08-03T07:13:29+00:00","breadcrumb":{"@id":"https:\/\/www.habitation-saint-charles.com\/es\/habitaciones\/villas-15-personas-con-piscina\/#breadcrumb"},"inLanguage":"es","potentialAction":[{"@type":"ReadAction","target":["https:\/\/www.habitation-saint-charles.com\/es\/habitaciones\/villas-15-personas-con-piscina\/"]}]},{"@type":"BreadcrumbList","@id":"https:\/\/www.habitation-saint-charles.com\/es\/habitaciones\/villas-15-personas-con-piscina\/#breadcrumb","itemListElement":[{"@type":"ListItem","position":1,"name":"Home","item":"https:\/\/www.habitation-saint-charles.com\/es\/"},{"@type":"ListItem","position":2,"name":"Habitaciones","item":"https:\/\/www.habitation-saint-charles.com\/es\/habitaciones\/"},{"@type":"ListItem","position":3,"name":"Villas 15 personas con piscina"}]},{"@type":"WebSite","@id":"https:\/\/www.habitation-saint-charles.com\/es\/#website","url":"https:\/\/www.habitation-saint-charles.com\/es\/","name":"Habitation Saint Charles","description":"","publisher":{"@id":"https:\/\/www.habitation-saint-charles.com\/es\/#organization"},"potentialAction":[{"@type":"SearchAction","target":{"@type":"EntryPoint","urlTemplate":"https:\/\/www.habitation-saint-charles.com\/es\/?s={search_term_string}"},"query-input":{"@type":"PropertyValueSpecification","valueRequired":true,"valueName":"search_term_string"}}],"inLanguage":"es"},{"@type":"Organization","@id":"https:\/\/www.habitation-saint-charles.com\/es\/#organization","name":"Habitation Saint Charles","url":"https:\/\/www.habitation-saint-charles.com\/es\/","logo":{"@type":"ImageObject","inLanguage":"es","@id":"https:\/\/www.habitation-saint-charles.com\/es\/#\/schema\/logo\/image\/","url":"https:\/\/www.habitation-saint-charles.com\/wp-content\/uploads\/sites\/164\/2020\/08\/Logo-Habitation-Saint-Charles-2.png","contentUrl":"https:\/\/www.habitation-saint-charles.com\/wp-content\/uploads\/sites\/164\/2020\/08\/Logo-Habitation-Saint-Charles-2.png","width":799,"height":609,"caption":"Habitation Saint Charles"},"image":{"@id":"https:\/\/www.habitation-saint-charles.com\/es\/#\/schema\/logo\/image\/"}}]}},"acf":[],"_links":{"self":[{"href":"https:\/\/www.habitation-saint-charles.com\/es\/wp-json\/wp\/v2\/pages\/512","targetHints":{"allow":["GET"]}}],"collection":[{"href":"https:\/\/www.habitation-saint-charles.com\/es\/wp-json\/wp\/v2\/pages"}],"about":[{"href":"https:\/\/www.habitation-saint-charles.com\/es\/wp-json\/wp\/v2\/types\/page"}],"author":[{"embeddable":true,"href":"https:\/\/www.habitation-saint-charles.com\/es\/wp-json\/wp\/v2\/users\/137"}],"replies":[{"embeddable":true,"href":"https:\/\/www.habitation-saint-charles.com\/es\/wp-json\/wp\/v2\/comments?post=512"}],"version-history":[{"count":0,"href":"https:\/\/www.habitation-saint-charles.com\/es\/wp-json\/wp\/v2\/pages\/512\/revisions"}],"up":[{"embeddable":true,"href":"https:\/\/www.habitation-saint-charles.com\/es\/wp-json\/wp\/v2\/pages\/141"}],"wp:attachment":[{"href":"https:\/\/www.habitation-saint-charles.com\/es\/wp-json\/wp\/v2\/media?parent=512"}],"curies":[{"name":"wp","href":"https:\/\/api.w.org\/{rel}","templated":true}]}}