{"id":199,"date":"2020-04-15T10:58:08","date_gmt":"2020-04-15T10:58:08","guid":{"rendered":"http:\/\/habitation-saint-charles.ms.decms.eu\/mentions-legales\/"},"modified":"2025-11-05T12:26:50","modified_gmt":"2025-11-05T12:26:50","slug":"menciones-legales","status":"publish","type":"page","link":"https:\/\/www.habitation-saint-charles.com\/es\/menciones-legales\/","title":{"rendered":"MENCIONES LEGALES"},"content":{"rendered":"<p>&nbsp;<\/p>\n<p style=\"text-align: left\">De conformidad con las disposiciones de los art\u00edculos 6-III y 19 de la Ley n \u00b0 2004-575 de 21 de junio de 2004 sobre la confianza en la econom\u00eda digital, conocida como LCEN, se se\u00f1ala a los usuarios del sitio web www.habitation-saint-charles.com estos avisos legales.<br \/>\nLa conexi\u00f3n y navegaci\u00f3n en el sitio web por parte del Usuario implica la aceptaci\u00f3n plena y sin reservas de estos avisos legales.<br \/>\nEstos son accesibles en el sitio bajo el t\u00edtulo \u00abAvisos legales\u00bb.<\/p>\n<h3 style=\"text-align: left\">ART\u00cdCULO 1: El editor<\/h3>\n<p style=\"text-align: left\">El sitio web www.habitation-saint-charles.com est\u00e1 editado por SAS Les Villas de Grippiere con un capital de 600 euros, registrado en el RCS de Pointe-\u00e0-pitre con el n\u00famero 829 321 645 cuya sede se encuentra en l&#8217;Habitation Jaula, 97 129 Lamentin &#8211; Guadalupe, n\u00famero de tel\u00e9fono + (33) 06 90 41 28 74, direcci\u00f3n de correo electr\u00f3nico: contact@habitation-saint-charles.com<\/p>\n<p style=\"text-align: left\">N\u00famero de IVA intracomunitario: FR016829321645<br \/>\nEl director de la publicaci\u00f3n es Christophe Sans.<\/p>\n<p style=\"font-weight: 400\"><strong>ART\u00cdCULO 2: El anfitri\u00f3n<\/strong><\/p>\n<p style=\"font-weight: 400\">El anfitri\u00f3n del sitio web\u00a0<a href=\"http:\/\/www.habitation-saint-charles.com\/\" data-saferedirecturl=\"https:\/\/www.google.com\/url?q=http:\/\/www.habitation-saint-charles.com&amp;source=gmail&amp;ust=1600970491114000&amp;usg=AFQjCNFz7j8O7Sg6dwmHr_umVx8uuo1Bng\">www.habitation-saint-charles.com<\/a>\u00a0es la Compa\u00f1\u00eda:<br \/>\nWPEngine, Inc.<br \/>\nIrongate House, 22-30 Duke&#8217;s Place<br \/>\nLondres, EC3A 7LP, Reino Unido<br \/>\nTel\u00e9fono: 08 00 50 53\u00a0049<\/p>\n<p style=\"font-weight: 400\"><strong>ART\u00cdCULO 3: Dise\u00f1o, desarrollo y acceso al sitio<\/strong><\/p>\n<p style=\"font-weight: 400\"><strong><br \/>\n<\/strong>El dise\u00f1o y desarrollo del sitio son proporcionados por la empresa D-EDGE:<br \/>\n<a href=\"https:\/\/www.d-edge.com\/fr\/\" data-saferedirecturl=\"https:\/\/www.google.com\/url?q=https:\/\/www.d-edge.com\/fr\/&amp;source=gmail&amp;ust=1600970491114000&amp;usg=AFQjCNGarWKRHqvCJxuwO6ryS8w1uPClug\">https:\/\/www.d-edge.com\/fr\/<\/a><br \/>\nDirecci\u00f3n: 14\/16, boulevard Poissonni\u00e8re, 75 009 Par\u00eds<br \/>\nTel\u00e9fono: +33 1 44 71 05 05<br \/>\nSIREN: 431513852<\/p>\n<p style=\"font-weight: 400\">Se puede acceder al sitio web desde cualquier lugar, los 7 d\u00edas de la semana, las 24 horas del d\u00eda, excepto en casos de fuerza mayor, interrupci\u00f3n planificada o no programada y que pueden resultar de la necesidad de mantenimiento.<br \/>\nEn caso de modificaci\u00f3n, interrupci\u00f3n o suspensi\u00f3n de los servicios, el sitio web\u00a0<a href=\"http:\/\/www.habitation-saint-charles.com\/\" data-saferedirecturl=\"https:\/\/www.google.com\/url?q=http:\/\/www.habitation-saint-charles.com&amp;source=gmail&amp;ust=1600970491114000&amp;usg=AFQjCNFz7j8O7Sg6dwmHr_umVx8uuo1Bng\">www.habitation-saint-charles.com<\/a>\u00a0no se hace responsable.<\/p>\n<p>&nbsp;<\/p>\n<p style=\"font-weight: 400\"><strong>ART\u00cdCULO 4: Recolecci\u00f3n de datos<\/strong><\/p>\n<p style=\"font-weight: 400\">El sitio web est\u00e1 exento de declaraci\u00f3n a la Comisi\u00f3n Nacional Inform\u00e1tica y Libertades (CNIL) en la medida en que no recopila ning\u00fan dato sobre los usuarios.<\/p>\n<p style=\"font-weight: 400\"><strong>ART\u00cdCULO 5: Cookies<\/strong><\/p>\n<p style=\"font-weight: 400\">Se informa al usuario que durante sus visitas al sitio web, unas cookies pueden instalarse autom\u00e1ticamente en el software de su navegador.<br \/>\nAl navegar por el sitio web, los acepta.<br \/>\nUna cookie es un elemento que no identifica al Usuario, pero se utiliza para registrar informaci\u00f3n relacionada con la navegaci\u00f3n del usuario en el sitio web. El usuario puede desactivar esta cookie a trav\u00e9s de los par\u00e1metros que aparecen en el software de su navegador.<\/p>\n<p style=\"font-weight: 400\"><strong>ART\u00cdCULO 6: Propiedad intelectual<\/strong><\/p>\n<p style=\"font-weight: 400\">Cualquier uso, reproducci\u00f3n, distribuci\u00f3n, comercializaci\u00f3n, modificaci\u00f3n de todo o parte del sitio web\u00a0<a href=\"http:\/\/www.habitation-saint-charles.com\/\" data-saferedirecturl=\"https:\/\/www.google.com\/url?q=http:\/\/www.habitation-saint-charles.com&amp;source=gmail&amp;ust=1600970491114000&amp;usg=AFQjCNFz7j8O7Sg6dwmHr_umVx8uuo1Bng\">www.habitation-saint-charles.com<\/a>, sin el permiso del Editor, est\u00e1 prohibido y puede dar lugar a acciones y procedimientos legales seg\u00fan lo dispuesto en particular por el C\u00f3digo de propiedad intelectual y el C\u00f3digo Civil.<\/p>\n","protected":false},"excerpt":{"rendered":"<p>&nbsp; De conformidad con las disposiciones de los art\u00edculos 6-III y 19 de la Ley n \u00b0 2004-575 de 21 de junio de 2004 sobre la confianza en la econom\u00eda digital, conocida como LCEN, se se\u00f1ala a los usuarios del sitio web www.habitation-saint-charles.com estos avisos legales. La conexi\u00f3n y navegaci\u00f3n en el sitio web por [&hellip;]<\/p>\n","protected":false},"author":137,"featured_media":0,"parent":0,"menu_order":350,"comment_status":"closed","ping_status":"closed","template":"","meta":{"footnotes":""},"class_list":["post-199","page","type-page","status-publish","hentry"],"yoast_head":"<!-- This site is optimized with the Yoast SEO plugin v26.9 - https:\/\/yoast.com\/product\/yoast-seo-wordpress\/ -->\n<title>MENCIONES LEGALES - Habitation Saint Charles<\/title>\n<meta name=\"robots\" content=\"noindex, follow\" \/>\n<meta property=\"og:locale\" content=\"es_ES\" \/>\n<meta property=\"og:type\" content=\"article\" \/>\n<meta property=\"og:title\" content=\"MENCIONES LEGALES - Habitation Saint Charles\" \/>\n<meta property=\"og:description\" content=\"&nbsp; De conformidad con las disposiciones de los art\u00edculos 6-III y 19 de la Ley n \u00b0 2004-575 de 21 de junio de 2004 sobre la confianza en la econom\u00eda digital, conocida como LCEN, se se\u00f1ala a los usuarios del sitio web www.habitation-saint-charles.com estos avisos legales. La conexi\u00f3n y navegaci\u00f3n en el sitio web por [&hellip;]\" \/>\n<meta property=\"og:url\" content=\"https:\/\/www.habitation-saint-charles.com\/es\/menciones-legales\/\" \/>\n<meta property=\"og:site_name\" content=\"Habitation Saint Charles\" \/>\n<meta property=\"article:modified_time\" content=\"2025-11-05T12:26:50+00:00\" \/>\n<meta property=\"og:image\" content=\"https:\/\/www.habitation-saint-charles.com\/wp-content\/uploads\/sites\/164\/2023\/01\/Cohen-HABITATION-ST-CHARLES-51-2.jpg\" \/>\n\t<meta property=\"og:image:width\" content=\"2017\" \/>\n\t<meta property=\"og:image:height\" content=\"1200\" \/>\n\t<meta property=\"og:image:type\" content=\"image\/jpeg\" \/>\n<meta name=\"twitter:card\" content=\"summary_large_image\" \/>\n<meta name=\"twitter:label1\" content=\"Tiempo de lectura\" \/>\n\t<meta name=\"twitter:data1\" content=\"2 minutos\" \/>\n<script type=\"application\/ld+json\" class=\"yoast-schema-graph\">{\"@context\":\"https:\/\/schema.org\",\"@graph\":[{\"@type\":\"WebPage\",\"@id\":\"https:\/\/www.habitation-saint-charles.com\/es\/menciones-legales\/\",\"url\":\"https:\/\/www.habitation-saint-charles.com\/es\/menciones-legales\/\",\"name\":\"MENCIONES LEGALES - Habitation Saint Charles\",\"isPartOf\":{\"@id\":\"https:\/\/www.habitation-saint-charles.com\/es\/#website\"},\"datePublished\":\"2020-04-15T10:58:08+00:00\",\"dateModified\":\"2025-11-05T12:26:50+00:00\",\"breadcrumb\":{\"@id\":\"https:\/\/www.habitation-saint-charles.com\/es\/menciones-legales\/#breadcrumb\"},\"inLanguage\":\"es\",\"potentialAction\":[{\"@type\":\"ReadAction\",\"target\":[\"https:\/\/www.habitation-saint-charles.com\/es\/menciones-legales\/\"]}]},{\"@type\":\"BreadcrumbList\",\"@id\":\"https:\/\/www.habitation-saint-charles.com\/es\/menciones-legales\/#breadcrumb\",\"itemListElement\":[{\"@type\":\"ListItem\",\"position\":1,\"name\":\"Home\",\"item\":\"https:\/\/www.habitation-saint-charles.com\/es\/\"},{\"@type\":\"ListItem\",\"position\":2,\"name\":\"MENCIONES LEGALES\"}]},{\"@type\":\"WebSite\",\"@id\":\"https:\/\/www.habitation-saint-charles.com\/es\/#website\",\"url\":\"https:\/\/www.habitation-saint-charles.com\/es\/\",\"name\":\"Habitation Saint Charles\",\"description\":\"\",\"publisher\":{\"@id\":\"https:\/\/www.habitation-saint-charles.com\/es\/#organization\"},\"potentialAction\":[{\"@type\":\"SearchAction\",\"target\":{\"@type\":\"EntryPoint\",\"urlTemplate\":\"https:\/\/www.habitation-saint-charles.com\/es\/?s={search_term_string}\"},\"query-input\":{\"@type\":\"PropertyValueSpecification\",\"valueRequired\":true,\"valueName\":\"search_term_string\"}}],\"inLanguage\":\"es\"},{\"@type\":\"Organization\",\"@id\":\"https:\/\/www.habitation-saint-charles.com\/es\/#organization\",\"name\":\"Habitation Saint Charles\",\"url\":\"https:\/\/www.habitation-saint-charles.com\/es\/\",\"logo\":{\"@type\":\"ImageObject\",\"inLanguage\":\"es\",\"@id\":\"https:\/\/www.habitation-saint-charles.com\/es\/#\/schema\/logo\/image\/\",\"url\":\"https:\/\/www.habitation-saint-charles.com\/wp-content\/uploads\/sites\/164\/2020\/08\/Logo-Habitation-Saint-Charles-2.png\",\"contentUrl\":\"https:\/\/www.habitation-saint-charles.com\/wp-content\/uploads\/sites\/164\/2020\/08\/Logo-Habitation-Saint-Charles-2.png\",\"width\":799,\"height\":609,\"caption\":\"Habitation Saint Charles\"},\"image\":{\"@id\":\"https:\/\/www.habitation-saint-charles.com\/es\/#\/schema\/logo\/image\/\"}}]}<\/script>\n<!-- \/ Yoast SEO plugin. -->","yoast_head_json":{"title":"MENCIONES LEGALES - Habitation Saint Charles","robots":{"index":"noindex","follow":"follow"},"og_locale":"es_ES","og_type":"article","og_title":"MENCIONES LEGALES - Habitation Saint Charles","og_description":"&nbsp; De conformidad con las disposiciones de los art\u00edculos 6-III y 19 de la Ley n \u00b0 2004-575 de 21 de junio de 2004 sobre la confianza en la econom\u00eda digital, conocida como LCEN, se se\u00f1ala a los usuarios del sitio web www.habitation-saint-charles.com estos avisos legales. La conexi\u00f3n y navegaci\u00f3n en el sitio web por [&hellip;]","og_url":"https:\/\/www.habitation-saint-charles.com\/es\/menciones-legales\/","og_site_name":"Habitation Saint Charles","article_modified_time":"2025-11-05T12:26:50+00:00","og_image":[{"width":2017,"height":1200,"url":"https:\/\/www.habitation-saint-charles.com\/wp-content\/uploads\/sites\/164\/2023\/01\/Cohen-HABITATION-ST-CHARLES-51-2.jpg","type":"image\/jpeg"}],"twitter_card":"summary_large_image","twitter_misc":{"Tiempo de lectura":"2 minutos"},"schema":{"@context":"https:\/\/schema.org","@graph":[{"@type":"WebPage","@id":"https:\/\/www.habitation-saint-charles.com\/es\/menciones-legales\/","url":"https:\/\/www.habitation-saint-charles.com\/es\/menciones-legales\/","name":"MENCIONES LEGALES - Habitation Saint Charles","isPartOf":{"@id":"https:\/\/www.habitation-saint-charles.com\/es\/#website"},"datePublished":"2020-04-15T10:58:08+00:00","dateModified":"2025-11-05T12:26:50+00:00","breadcrumb":{"@id":"https:\/\/www.habitation-saint-charles.com\/es\/menciones-legales\/#breadcrumb"},"inLanguage":"es","potentialAction":[{"@type":"ReadAction","target":["https:\/\/www.habitation-saint-charles.com\/es\/menciones-legales\/"]}]},{"@type":"BreadcrumbList","@id":"https:\/\/www.habitation-saint-charles.com\/es\/menciones-legales\/#breadcrumb","itemListElement":[{"@type":"ListItem","position":1,"name":"Home","item":"https:\/\/www.habitation-saint-charles.com\/es\/"},{"@type":"ListItem","position":2,"name":"MENCIONES LEGALES"}]},{"@type":"WebSite","@id":"https:\/\/www.habitation-saint-charles.com\/es\/#website","url":"https:\/\/www.habitation-saint-charles.com\/es\/","name":"Habitation Saint Charles","description":"","publisher":{"@id":"https:\/\/www.habitation-saint-charles.com\/es\/#organization"},"potentialAction":[{"@type":"SearchAction","target":{"@type":"EntryPoint","urlTemplate":"https:\/\/www.habitation-saint-charles.com\/es\/?s={search_term_string}"},"query-input":{"@type":"PropertyValueSpecification","valueRequired":true,"valueName":"search_term_string"}}],"inLanguage":"es"},{"@type":"Organization","@id":"https:\/\/www.habitation-saint-charles.com\/es\/#organization","name":"Habitation Saint Charles","url":"https:\/\/www.habitation-saint-charles.com\/es\/","logo":{"@type":"ImageObject","inLanguage":"es","@id":"https:\/\/www.habitation-saint-charles.com\/es\/#\/schema\/logo\/image\/","url":"https:\/\/www.habitation-saint-charles.com\/wp-content\/uploads\/sites\/164\/2020\/08\/Logo-Habitation-Saint-Charles-2.png","contentUrl":"https:\/\/www.habitation-saint-charles.com\/wp-content\/uploads\/sites\/164\/2020\/08\/Logo-Habitation-Saint-Charles-2.png","width":799,"height":609,"caption":"Habitation Saint Charles"},"image":{"@id":"https:\/\/www.habitation-saint-charles.com\/es\/#\/schema\/logo\/image\/"}}]}},"acf":[],"_links":{"self":[{"href":"https:\/\/www.habitation-saint-charles.com\/es\/wp-json\/wp\/v2\/pages\/199","targetHints":{"allow":["GET"]}}],"collection":[{"href":"https:\/\/www.habitation-saint-charles.com\/es\/wp-json\/wp\/v2\/pages"}],"about":[{"href":"https:\/\/www.habitation-saint-charles.com\/es\/wp-json\/wp\/v2\/types\/page"}],"author":[{"embeddable":true,"href":"https:\/\/www.habitation-saint-charles.com\/es\/wp-json\/wp\/v2\/users\/137"}],"replies":[{"embeddable":true,"href":"https:\/\/www.habitation-saint-charles.com\/es\/wp-json\/wp\/v2\/comments?post=199"}],"version-history":[{"count":0,"href":"https:\/\/www.habitation-saint-charles.com\/es\/wp-json\/wp\/v2\/pages\/199\/revisions"}],"wp:attachment":[{"href":"https:\/\/www.habitation-saint-charles.com\/es\/wp-json\/wp\/v2\/media?parent=199"}],"curies":[{"name":"wp","href":"https:\/\/api.w.org\/{rel}","templated":true}]}}