{"id":195,"date":"2020-04-15T10:12:29","date_gmt":"2020-04-15T10:12:29","guid":{"rendered":"http:\/\/habitation-saint-charles.ms.decms.eu\/offres-speciales\/love-forever\/"},"modified":"2020-10-22T15:36:42","modified_gmt":"2020-10-22T15:36:42","slug":"amor-para-siempre","status":"publish","type":"page","link":"https:\/\/www.habitation-saint-charles.com\/es\/ofertas-especiales\/amor-para-siempre\/","title":{"rendered":"\u00ab Amor para siempre \u2026 \u00bb"},"content":{"rendered":"<p>Compartir una experiencia inolvidable en pareja ofreci\u00e9ndole esta rom\u00e1ntica estancia en Bungalows con Jacuzzi, Champagne, Flores, Chocolates, Masaje para dos en <strong><a href=\"\/spa\"><span style=\"font-family: Lucida Calligraphy; font-style: italic; color: #a700a7;\"> Les Aliz\u00e9s <\/span><\/a><\/strong> y una cena privada en <strong><a href=\"\/restaurant-bar\/\"><span style=\"font-family: Lucida Calligraphy; font-style: italic; color: #a700a7;\"> L&#8217;Amiral\u00a0<\/span><\/a><\/strong>.<\/p>\n<p>Habitation Saint-Charles le ofrece esta estancia \u00abAmor para siempre\u00bb&#8230; en varias f\u00f3rmulas:<\/p>\n<p><strong>1 Noche<\/strong>: xxx Euros<\/p>\n<p><strong>2 Noches<\/strong>: yyy Euros<\/p>\n<p><strong>3 Noches<\/strong>: zzz Euros<\/p>\n","protected":false},"excerpt":{"rendered":"<p>Compartir una experiencia inolvidable en pareja ofreci\u00e9ndole esta rom\u00e1ntica estancia en Bungalows con Jacuzzi, Champagne, Flores, Chocolates, Masaje para dos en Les Aliz\u00e9s y una cena privada en L&#8217;Amiral\u00a0. Habitation Saint-Charles le ofrece esta estancia \u00abAmor para siempre\u00bb&#8230; en varias f\u00f3rmulas: 1 Noche: xxx Euros 2 Noches: yyy Euros 3 Noches: zzz Euros<\/p>\n","protected":false},"author":137,"featured_media":0,"parent":192,"menu_order":230,"comment_status":"closed","ping_status":"closed","template":"","meta":{"footnotes":""},"class_list":["post-195","page","type-page","status-publish","hentry"],"yoast_head":"<!-- This site is optimized with the Yoast SEO plugin v26.9 - https:\/\/yoast.com\/product\/yoast-seo-wordpress\/ -->\n<title>Oferta de amor eterno | Habitaci\u00f3n Saint-Charles<\/title>\n<meta name=\"description\" content=\"Comparta una experiencia inolvidable como amante o ofreci\u00e9ndole esta rom\u00e1ntica estancia en bungalows con jacuzzi, champ\u00e1n, flores, chocolates, masaje a d\u00fao en L&#039;Aliz\u00e9 y cena individual en L&#039;Amiral.\" \/>\n<meta name=\"robots\" content=\"index, follow, max-snippet:-1, max-image-preview:large, max-video-preview:-1\" \/>\n<link rel=\"canonical\" href=\"https:\/\/www.habitation-saint-charles.com\/es\/ofertas-especiales\/amor-para-siempre\/\" \/>\n<meta property=\"og:locale\" content=\"es_ES\" \/>\n<meta property=\"og:type\" content=\"article\" \/>\n<meta property=\"og:title\" content=\"Oferta de amor eterno | Habitaci\u00f3n Saint-Charles\" \/>\n<meta property=\"og:description\" content=\"Comparta una experiencia inolvidable como amante o ofreci\u00e9ndole esta rom\u00e1ntica estancia en bungalows con jacuzzi, champ\u00e1n, flores, chocolates, masaje a d\u00fao en L&#039;Aliz\u00e9 y cena individual en L&#039;Amiral.\" \/>\n<meta property=\"og:url\" content=\"https:\/\/www.habitation-saint-charles.com\/es\/ofertas-especiales\/amor-para-siempre\/\" \/>\n<meta property=\"og:site_name\" content=\"Habitation Saint Charles\" \/>\n<meta property=\"article:modified_time\" content=\"2020-10-22T15:36:42+00:00\" \/>\n<meta property=\"og:image\" content=\"https:\/\/www.habitation-saint-charles.com\/wp-content\/uploads\/sites\/164\/2023\/01\/Cohen-HABITATION-ST-CHARLES-51-2.jpg\" \/>\n\t<meta property=\"og:image:width\" content=\"2017\" \/>\n\t<meta property=\"og:image:height\" content=\"1200\" \/>\n\t<meta property=\"og:image:type\" content=\"image\/jpeg\" \/>\n<meta name=\"twitter:card\" content=\"summary_large_image\" \/>\n<script type=\"application\/ld+json\" class=\"yoast-schema-graph\">{\"@context\":\"https:\/\/schema.org\",\"@graph\":[{\"@type\":\"WebPage\",\"@id\":\"https:\/\/www.habitation-saint-charles.com\/es\/ofertas-especiales\/amor-para-siempre\/\",\"url\":\"https:\/\/www.habitation-saint-charles.com\/es\/ofertas-especiales\/amor-para-siempre\/\",\"name\":\"Oferta de amor eterno | Habitaci\u00f3n Saint-Charles\",\"isPartOf\":{\"@id\":\"https:\/\/www.habitation-saint-charles.com\/es\/#website\"},\"datePublished\":\"2020-04-15T10:12:29+00:00\",\"dateModified\":\"2020-10-22T15:36:42+00:00\",\"description\":\"Comparta una experiencia inolvidable como amante o ofreci\u00e9ndole esta rom\u00e1ntica estancia en bungalows con jacuzzi, champ\u00e1n, flores, chocolates, masaje a d\u00fao en L'Aliz\u00e9 y cena individual en L'Amiral.\",\"breadcrumb\":{\"@id\":\"https:\/\/www.habitation-saint-charles.com\/es\/ofertas-especiales\/amor-para-siempre\/#breadcrumb\"},\"inLanguage\":\"es\",\"potentialAction\":[{\"@type\":\"ReadAction\",\"target\":[\"https:\/\/www.habitation-saint-charles.com\/es\/ofertas-especiales\/amor-para-siempre\/\"]}]},{\"@type\":\"BreadcrumbList\",\"@id\":\"https:\/\/www.habitation-saint-charles.com\/es\/ofertas-especiales\/amor-para-siempre\/#breadcrumb\",\"itemListElement\":[{\"@type\":\"ListItem\",\"position\":1,\"name\":\"Home\",\"item\":\"https:\/\/www.habitation-saint-charles.com\/es\/\"},{\"@type\":\"ListItem\",\"position\":2,\"name\":\"\u00ab Amor para siempre \u2026 \u00bb\"}]},{\"@type\":\"WebSite\",\"@id\":\"https:\/\/www.habitation-saint-charles.com\/es\/#website\",\"url\":\"https:\/\/www.habitation-saint-charles.com\/es\/\",\"name\":\"Habitation Saint Charles\",\"description\":\"\",\"publisher\":{\"@id\":\"https:\/\/www.habitation-saint-charles.com\/es\/#organization\"},\"potentialAction\":[{\"@type\":\"SearchAction\",\"target\":{\"@type\":\"EntryPoint\",\"urlTemplate\":\"https:\/\/www.habitation-saint-charles.com\/es\/?s={search_term_string}\"},\"query-input\":{\"@type\":\"PropertyValueSpecification\",\"valueRequired\":true,\"valueName\":\"search_term_string\"}}],\"inLanguage\":\"es\"},{\"@type\":\"Organization\",\"@id\":\"https:\/\/www.habitation-saint-charles.com\/es\/#organization\",\"name\":\"Habitation Saint Charles\",\"url\":\"https:\/\/www.habitation-saint-charles.com\/es\/\",\"logo\":{\"@type\":\"ImageObject\",\"inLanguage\":\"es\",\"@id\":\"https:\/\/www.habitation-saint-charles.com\/es\/#\/schema\/logo\/image\/\",\"url\":\"https:\/\/www.habitation-saint-charles.com\/wp-content\/uploads\/sites\/164\/2020\/08\/Logo-Habitation-Saint-Charles-2.png\",\"contentUrl\":\"https:\/\/www.habitation-saint-charles.com\/wp-content\/uploads\/sites\/164\/2020\/08\/Logo-Habitation-Saint-Charles-2.png\",\"width\":799,\"height\":609,\"caption\":\"Habitation Saint Charles\"},\"image\":{\"@id\":\"https:\/\/www.habitation-saint-charles.com\/es\/#\/schema\/logo\/image\/\"}}]}<\/script>\n<!-- \/ Yoast SEO plugin. -->","yoast_head_json":{"title":"Oferta de amor eterno | Habitaci\u00f3n Saint-Charles","description":"Comparta una experiencia inolvidable como amante o ofreci\u00e9ndole esta rom\u00e1ntica estancia en bungalows con jacuzzi, champ\u00e1n, flores, chocolates, masaje a d\u00fao en L'Aliz\u00e9 y cena individual en L'Amiral.","robots":{"index":"index","follow":"follow","max-snippet":"max-snippet:-1","max-image-preview":"max-image-preview:large","max-video-preview":"max-video-preview:-1"},"canonical":"https:\/\/www.habitation-saint-charles.com\/es\/ofertas-especiales\/amor-para-siempre\/","og_locale":"es_ES","og_type":"article","og_title":"Oferta de amor eterno | Habitaci\u00f3n Saint-Charles","og_description":"Comparta una experiencia inolvidable como amante o ofreci\u00e9ndole esta rom\u00e1ntica estancia en bungalows con jacuzzi, champ\u00e1n, flores, chocolates, masaje a d\u00fao en L'Aliz\u00e9 y cena individual en L'Amiral.","og_url":"https:\/\/www.habitation-saint-charles.com\/es\/ofertas-especiales\/amor-para-siempre\/","og_site_name":"Habitation Saint Charles","article_modified_time":"2020-10-22T15:36:42+00:00","og_image":[{"width":2017,"height":1200,"url":"https:\/\/www.habitation-saint-charles.com\/wp-content\/uploads\/sites\/164\/2023\/01\/Cohen-HABITATION-ST-CHARLES-51-2.jpg","type":"image\/jpeg"}],"twitter_card":"summary_large_image","schema":{"@context":"https:\/\/schema.org","@graph":[{"@type":"WebPage","@id":"https:\/\/www.habitation-saint-charles.com\/es\/ofertas-especiales\/amor-para-siempre\/","url":"https:\/\/www.habitation-saint-charles.com\/es\/ofertas-especiales\/amor-para-siempre\/","name":"Oferta de amor eterno | Habitaci\u00f3n Saint-Charles","isPartOf":{"@id":"https:\/\/www.habitation-saint-charles.com\/es\/#website"},"datePublished":"2020-04-15T10:12:29+00:00","dateModified":"2020-10-22T15:36:42+00:00","description":"Comparta una experiencia inolvidable como amante o ofreci\u00e9ndole esta rom\u00e1ntica estancia en bungalows con jacuzzi, champ\u00e1n, flores, chocolates, masaje a d\u00fao en L'Aliz\u00e9 y cena individual en L'Amiral.","breadcrumb":{"@id":"https:\/\/www.habitation-saint-charles.com\/es\/ofertas-especiales\/amor-para-siempre\/#breadcrumb"},"inLanguage":"es","potentialAction":[{"@type":"ReadAction","target":["https:\/\/www.habitation-saint-charles.com\/es\/ofertas-especiales\/amor-para-siempre\/"]}]},{"@type":"BreadcrumbList","@id":"https:\/\/www.habitation-saint-charles.com\/es\/ofertas-especiales\/amor-para-siempre\/#breadcrumb","itemListElement":[{"@type":"ListItem","position":1,"name":"Home","item":"https:\/\/www.habitation-saint-charles.com\/es\/"},{"@type":"ListItem","position":2,"name":"\u00ab Amor para siempre \u2026 \u00bb"}]},{"@type":"WebSite","@id":"https:\/\/www.habitation-saint-charles.com\/es\/#website","url":"https:\/\/www.habitation-saint-charles.com\/es\/","name":"Habitation Saint Charles","description":"","publisher":{"@id":"https:\/\/www.habitation-saint-charles.com\/es\/#organization"},"potentialAction":[{"@type":"SearchAction","target":{"@type":"EntryPoint","urlTemplate":"https:\/\/www.habitation-saint-charles.com\/es\/?s={search_term_string}"},"query-input":{"@type":"PropertyValueSpecification","valueRequired":true,"valueName":"search_term_string"}}],"inLanguage":"es"},{"@type":"Organization","@id":"https:\/\/www.habitation-saint-charles.com\/es\/#organization","name":"Habitation Saint Charles","url":"https:\/\/www.habitation-saint-charles.com\/es\/","logo":{"@type":"ImageObject","inLanguage":"es","@id":"https:\/\/www.habitation-saint-charles.com\/es\/#\/schema\/logo\/image\/","url":"https:\/\/www.habitation-saint-charles.com\/wp-content\/uploads\/sites\/164\/2020\/08\/Logo-Habitation-Saint-Charles-2.png","contentUrl":"https:\/\/www.habitation-saint-charles.com\/wp-content\/uploads\/sites\/164\/2020\/08\/Logo-Habitation-Saint-Charles-2.png","width":799,"height":609,"caption":"Habitation Saint Charles"},"image":{"@id":"https:\/\/www.habitation-saint-charles.com\/es\/#\/schema\/logo\/image\/"}}]}},"acf":[],"_links":{"self":[{"href":"https:\/\/www.habitation-saint-charles.com\/es\/wp-json\/wp\/v2\/pages\/195","targetHints":{"allow":["GET"]}}],"collection":[{"href":"https:\/\/www.habitation-saint-charles.com\/es\/wp-json\/wp\/v2\/pages"}],"about":[{"href":"https:\/\/www.habitation-saint-charles.com\/es\/wp-json\/wp\/v2\/types\/page"}],"author":[{"embeddable":true,"href":"https:\/\/www.habitation-saint-charles.com\/es\/wp-json\/wp\/v2\/users\/137"}],"replies":[{"embeddable":true,"href":"https:\/\/www.habitation-saint-charles.com\/es\/wp-json\/wp\/v2\/comments?post=195"}],"version-history":[{"count":0,"href":"https:\/\/www.habitation-saint-charles.com\/es\/wp-json\/wp\/v2\/pages\/195\/revisions"}],"up":[{"embeddable":true,"href":"https:\/\/www.habitation-saint-charles.com\/es\/wp-json\/wp\/v2\/pages\/192"}],"wp:attachment":[{"href":"https:\/\/www.habitation-saint-charles.com\/es\/wp-json\/wp\/v2\/media?parent=195"}],"curies":[{"name":"wp","href":"https:\/\/api.w.org\/{rel}","templated":true}]}}