{"id":183,"date":"2020-04-15T09:26:12","date_gmt":"2020-04-15T09:26:12","guid":{"rendered":"http:\/\/habitation-saint-charles.ms.decms.eu\/spa\/l-alize\/"},"modified":"2020-09-23T16:04:17","modified_gmt":"2020-09-23T16:04:17","slug":"les-alizes","status":"publish","type":"page","link":"https:\/\/www.habitation-saint-charles.com\/es\/spa\/les-alizes\/","title":{"rendered":"Les Aliz\u00e9s"},"content":{"rendered":"<p>Sus masajes y rituales, individuales o en pareja, perfectos para darse un regalo de pura relajaci\u00f3n o recuperarse de una actividad mental o f\u00edsica intensa, recuperar la energ\u00eda a la brisa de los vientos alisios y fragancias tropicales.<\/p>\n<p>\u00abEl placer se re\u00fane, la alegr\u00eda se re\u00fane y la felicidad se cultiva&#8230;\u00bb (Buda)<\/p>\n<p><a href=\"\/wp-content\/uploads\/sites\/164\/2020\/09\/SPA_CARTE.pdf\" target=\"_blank\" rel=\"noopener noreferrer\"> Descargue la carta de masajes &gt;<\/a><\/p>\n","protected":false},"excerpt":{"rendered":"<p>Sus masajes y rituales, individuales o en pareja, perfectos para darse un regalo de pura relajaci\u00f3n o recuperarse de una actividad mental o f\u00edsica intensa, recuperar la energ\u00eda a la brisa de los vientos alisios y fragancias tropicales. \u00abEl placer se re\u00fane, la alegr\u00eda se re\u00fane y la felicidad se cultiva&#8230;\u00bb (Buda) Descargue la carta [&hellip;]<\/p>\n","protected":false},"author":137,"featured_media":0,"parent":180,"menu_order":170,"comment_status":"closed","ping_status":"closed","template":"","meta":{"footnotes":""},"class_list":["post-183","page","type-page","status-publish","hentry"],"yoast_head":"<!-- This site is optimized with the Yoast SEO plugin v26.9 - https:\/\/yoast.com\/product\/yoast-seo-wordpress\/ -->\n<title>SPA Les Aliz\u00e9s| Boutique Hotel Habitation Saint-Charles<\/title>\n<meta name=\"description\" content=\"Sus masajes y rituales, individuales o en pareja, perfectos para darse un regalo de pura relajaci\u00f3n o recuperarse de una actividad mental o f\u00edsica intensa, recuperar la energ\u00eda a la brisa de los vientos alisios y fragancias tropicales.\" \/>\n<meta name=\"robots\" content=\"index, follow, max-snippet:-1, max-image-preview:large, max-video-preview:-1\" \/>\n<link rel=\"canonical\" href=\"https:\/\/www.habitation-saint-charles.com\/es\/spa\/les-alizes\/\" \/>\n<meta property=\"og:locale\" content=\"es_ES\" \/>\n<meta property=\"og:type\" content=\"article\" \/>\n<meta property=\"og:title\" content=\"SPA Les Aliz\u00e9s| Boutique Hotel Habitation Saint-Charles\" \/>\n<meta property=\"og:description\" content=\"Sus masajes y rituales, individuales o en pareja, perfectos para darse un regalo de pura relajaci\u00f3n o recuperarse de una actividad mental o f\u00edsica intensa, recuperar la energ\u00eda a la brisa de los vientos alisios y fragancias tropicales.\" \/>\n<meta property=\"og:url\" content=\"https:\/\/www.habitation-saint-charles.com\/es\/spa\/les-alizes\/\" \/>\n<meta property=\"og:site_name\" content=\"Habitation Saint Charles\" \/>\n<meta property=\"article:modified_time\" content=\"2020-09-23T16:04:17+00:00\" \/>\n<meta property=\"og:image\" content=\"https:\/\/www.habitation-saint-charles.com\/wp-content\/uploads\/sites\/164\/2023\/01\/Cohen-HABITATION-ST-CHARLES-51-2.jpg\" \/>\n\t<meta property=\"og:image:width\" content=\"2017\" \/>\n\t<meta property=\"og:image:height\" content=\"1200\" \/>\n\t<meta property=\"og:image:type\" content=\"image\/jpeg\" \/>\n<meta name=\"twitter:card\" content=\"summary_large_image\" \/>\n<script type=\"application\/ld+json\" class=\"yoast-schema-graph\">{\"@context\":\"https:\/\/schema.org\",\"@graph\":[{\"@type\":\"WebPage\",\"@id\":\"https:\/\/www.habitation-saint-charles.com\/es\/spa\/les-alizes\/\",\"url\":\"https:\/\/www.habitation-saint-charles.com\/es\/spa\/les-alizes\/\",\"name\":\"SPA Les Aliz\u00e9s| Boutique Hotel Habitation Saint-Charles\",\"isPartOf\":{\"@id\":\"https:\/\/www.habitation-saint-charles.com\/es\/#website\"},\"datePublished\":\"2020-04-15T09:26:12+00:00\",\"dateModified\":\"2020-09-23T16:04:17+00:00\",\"description\":\"Sus masajes y rituales, individuales o en pareja, perfectos para darse un regalo de pura relajaci\u00f3n o recuperarse de una actividad mental o f\u00edsica intensa, recuperar la energ\u00eda a la brisa de los vientos alisios y fragancias tropicales.\",\"breadcrumb\":{\"@id\":\"https:\/\/www.habitation-saint-charles.com\/es\/spa\/les-alizes\/#breadcrumb\"},\"inLanguage\":\"es\",\"potentialAction\":[{\"@type\":\"ReadAction\",\"target\":[\"https:\/\/www.habitation-saint-charles.com\/es\/spa\/les-alizes\/\"]}]},{\"@type\":\"BreadcrumbList\",\"@id\":\"https:\/\/www.habitation-saint-charles.com\/es\/spa\/les-alizes\/#breadcrumb\",\"itemListElement\":[{\"@type\":\"ListItem\",\"position\":1,\"name\":\"Home\",\"item\":\"https:\/\/www.habitation-saint-charles.com\/es\/\"},{\"@type\":\"ListItem\",\"position\":2,\"name\":\"Spa Les Aliz\u00e9s\",\"item\":\"https:\/\/www.habitation-saint-charles.com\/es\/spa\/\"},{\"@type\":\"ListItem\",\"position\":3,\"name\":\"Les Aliz\u00e9s\"}]},{\"@type\":\"WebSite\",\"@id\":\"https:\/\/www.habitation-saint-charles.com\/es\/#website\",\"url\":\"https:\/\/www.habitation-saint-charles.com\/es\/\",\"name\":\"Habitation Saint Charles\",\"description\":\"\",\"publisher\":{\"@id\":\"https:\/\/www.habitation-saint-charles.com\/es\/#organization\"},\"potentialAction\":[{\"@type\":\"SearchAction\",\"target\":{\"@type\":\"EntryPoint\",\"urlTemplate\":\"https:\/\/www.habitation-saint-charles.com\/es\/?s={search_term_string}\"},\"query-input\":{\"@type\":\"PropertyValueSpecification\",\"valueRequired\":true,\"valueName\":\"search_term_string\"}}],\"inLanguage\":\"es\"},{\"@type\":\"Organization\",\"@id\":\"https:\/\/www.habitation-saint-charles.com\/es\/#organization\",\"name\":\"Habitation Saint Charles\",\"url\":\"https:\/\/www.habitation-saint-charles.com\/es\/\",\"logo\":{\"@type\":\"ImageObject\",\"inLanguage\":\"es\",\"@id\":\"https:\/\/www.habitation-saint-charles.com\/es\/#\/schema\/logo\/image\/\",\"url\":\"https:\/\/www.habitation-saint-charles.com\/wp-content\/uploads\/sites\/164\/2020\/08\/Logo-Habitation-Saint-Charles-2.png\",\"contentUrl\":\"https:\/\/www.habitation-saint-charles.com\/wp-content\/uploads\/sites\/164\/2020\/08\/Logo-Habitation-Saint-Charles-2.png\",\"width\":799,\"height\":609,\"caption\":\"Habitation Saint Charles\"},\"image\":{\"@id\":\"https:\/\/www.habitation-saint-charles.com\/es\/#\/schema\/logo\/image\/\"}}]}<\/script>\n<!-- \/ Yoast SEO plugin. -->","yoast_head_json":{"title":"SPA Les Aliz\u00e9s| Boutique Hotel Habitation Saint-Charles","description":"Sus masajes y rituales, individuales o en pareja, perfectos para darse un regalo de pura relajaci\u00f3n o recuperarse de una actividad mental o f\u00edsica intensa, recuperar la energ\u00eda a la brisa de los vientos alisios y fragancias tropicales.","robots":{"index":"index","follow":"follow","max-snippet":"max-snippet:-1","max-image-preview":"max-image-preview:large","max-video-preview":"max-video-preview:-1"},"canonical":"https:\/\/www.habitation-saint-charles.com\/es\/spa\/les-alizes\/","og_locale":"es_ES","og_type":"article","og_title":"SPA Les Aliz\u00e9s| Boutique Hotel Habitation Saint-Charles","og_description":"Sus masajes y rituales, individuales o en pareja, perfectos para darse un regalo de pura relajaci\u00f3n o recuperarse de una actividad mental o f\u00edsica intensa, recuperar la energ\u00eda a la brisa de los vientos alisios y fragancias tropicales.","og_url":"https:\/\/www.habitation-saint-charles.com\/es\/spa\/les-alizes\/","og_site_name":"Habitation Saint Charles","article_modified_time":"2020-09-23T16:04:17+00:00","og_image":[{"width":2017,"height":1200,"url":"https:\/\/www.habitation-saint-charles.com\/wp-content\/uploads\/sites\/164\/2023\/01\/Cohen-HABITATION-ST-CHARLES-51-2.jpg","type":"image\/jpeg"}],"twitter_card":"summary_large_image","schema":{"@context":"https:\/\/schema.org","@graph":[{"@type":"WebPage","@id":"https:\/\/www.habitation-saint-charles.com\/es\/spa\/les-alizes\/","url":"https:\/\/www.habitation-saint-charles.com\/es\/spa\/les-alizes\/","name":"SPA Les Aliz\u00e9s| Boutique Hotel Habitation Saint-Charles","isPartOf":{"@id":"https:\/\/www.habitation-saint-charles.com\/es\/#website"},"datePublished":"2020-04-15T09:26:12+00:00","dateModified":"2020-09-23T16:04:17+00:00","description":"Sus masajes y rituales, individuales o en pareja, perfectos para darse un regalo de pura relajaci\u00f3n o recuperarse de una actividad mental o f\u00edsica intensa, recuperar la energ\u00eda a la brisa de los vientos alisios y fragancias tropicales.","breadcrumb":{"@id":"https:\/\/www.habitation-saint-charles.com\/es\/spa\/les-alizes\/#breadcrumb"},"inLanguage":"es","potentialAction":[{"@type":"ReadAction","target":["https:\/\/www.habitation-saint-charles.com\/es\/spa\/les-alizes\/"]}]},{"@type":"BreadcrumbList","@id":"https:\/\/www.habitation-saint-charles.com\/es\/spa\/les-alizes\/#breadcrumb","itemListElement":[{"@type":"ListItem","position":1,"name":"Home","item":"https:\/\/www.habitation-saint-charles.com\/es\/"},{"@type":"ListItem","position":2,"name":"Spa Les Aliz\u00e9s","item":"https:\/\/www.habitation-saint-charles.com\/es\/spa\/"},{"@type":"ListItem","position":3,"name":"Les Aliz\u00e9s"}]},{"@type":"WebSite","@id":"https:\/\/www.habitation-saint-charles.com\/es\/#website","url":"https:\/\/www.habitation-saint-charles.com\/es\/","name":"Habitation Saint Charles","description":"","publisher":{"@id":"https:\/\/www.habitation-saint-charles.com\/es\/#organization"},"potentialAction":[{"@type":"SearchAction","target":{"@type":"EntryPoint","urlTemplate":"https:\/\/www.habitation-saint-charles.com\/es\/?s={search_term_string}"},"query-input":{"@type":"PropertyValueSpecification","valueRequired":true,"valueName":"search_term_string"}}],"inLanguage":"es"},{"@type":"Organization","@id":"https:\/\/www.habitation-saint-charles.com\/es\/#organization","name":"Habitation Saint Charles","url":"https:\/\/www.habitation-saint-charles.com\/es\/","logo":{"@type":"ImageObject","inLanguage":"es","@id":"https:\/\/www.habitation-saint-charles.com\/es\/#\/schema\/logo\/image\/","url":"https:\/\/www.habitation-saint-charles.com\/wp-content\/uploads\/sites\/164\/2020\/08\/Logo-Habitation-Saint-Charles-2.png","contentUrl":"https:\/\/www.habitation-saint-charles.com\/wp-content\/uploads\/sites\/164\/2020\/08\/Logo-Habitation-Saint-Charles-2.png","width":799,"height":609,"caption":"Habitation Saint Charles"},"image":{"@id":"https:\/\/www.habitation-saint-charles.com\/es\/#\/schema\/logo\/image\/"}}]}},"acf":[],"_links":{"self":[{"href":"https:\/\/www.habitation-saint-charles.com\/es\/wp-json\/wp\/v2\/pages\/183","targetHints":{"allow":["GET"]}}],"collection":[{"href":"https:\/\/www.habitation-saint-charles.com\/es\/wp-json\/wp\/v2\/pages"}],"about":[{"href":"https:\/\/www.habitation-saint-charles.com\/es\/wp-json\/wp\/v2\/types\/page"}],"author":[{"embeddable":true,"href":"https:\/\/www.habitation-saint-charles.com\/es\/wp-json\/wp\/v2\/users\/137"}],"replies":[{"embeddable":true,"href":"https:\/\/www.habitation-saint-charles.com\/es\/wp-json\/wp\/v2\/comments?post=183"}],"version-history":[{"count":0,"href":"https:\/\/www.habitation-saint-charles.com\/es\/wp-json\/wp\/v2\/pages\/183\/revisions"}],"up":[{"embeddable":true,"href":"https:\/\/www.habitation-saint-charles.com\/es\/wp-json\/wp\/v2\/pages\/180"}],"wp:attachment":[{"href":"https:\/\/www.habitation-saint-charles.com\/es\/wp-json\/wp\/v2\/media?parent=183"}],"curies":[{"name":"wp","href":"https:\/\/api.w.org\/{rel}","templated":true}]}}