{"id":174,"date":"2020-04-15T09:55:23","date_gmt":"2020-04-15T09:55:23","guid":{"rendered":"http:\/\/habitation-saint-charles.ms.decms.eu\/services\/sortie-privee-en-bateau\/"},"modified":"2020-08-04T10:27:57","modified_gmt":"2020-08-04T10:27:57","slug":"viaje-en-barco-privado","status":"publish","type":"page","link":"https:\/\/www.habitation-saint-charles.com\/es\/servicios\/viaje-en-barco-privado\/","title":{"rendered":"Viaje en barco privado"},"content":{"rendered":"<p>Descubra los lugares paradis\u00edacos y las islas de Guadalupe a bordo de nuestro Marl&#8217;o equipado con 2 motores Mercury de 350 caballos de fuerza.<\/p>\n<p>Hay varias salidas programadas disponibles, nuestra Recepci\u00f3n estar\u00e1 encantada de informarle y reservar su escapada n\u00e1utica.<\/p>\n<p>El aire fresco, el snorkel, las bebidas y la comida har\u00e1n que su viaje en barco sea inolvidable, de medio d\u00eda a d\u00eda completo, en Port Louis, Isla Caret y Isla Blanca, situadas en el \u00abGrand cul de sac marin\u00bb, el mayor arrecife de coral de las Antillas Menores.<\/p>\n<p>Para descubrir absolutamente&#8230;<\/p>\n","protected":false},"excerpt":{"rendered":"<p>Descubra los lugares paradis\u00edacos y las islas de Guadalupe a bordo de nuestro Marl&#8217;o equipado con 2 motores Mercury de 350 caballos de fuerza. Hay varias salidas programadas disponibles, nuestra Recepci\u00f3n estar\u00e1 encantada de informarle y reservar su escapada n\u00e1utica. El aire fresco, el snorkel, las bebidas y la comida har\u00e1n que su viaje en [&hellip;]<\/p>\n","protected":false},"author":137,"featured_media":0,"parent":165,"menu_order":175,"comment_status":"closed","ping_status":"closed","template":"","meta":{"footnotes":""},"class_list":["post-174","page","type-page","status-publish","hentry"],"yoast_head":"<!-- This site is optimized with the Yoast SEO plugin v26.9 - https:\/\/yoast.com\/product\/yoast-seo-wordpress\/ -->\n<title>Viaje en barco privado - Habitation Saint Charles<\/title>\n<meta name=\"robots\" content=\"index, follow, max-snippet:-1, max-image-preview:large, max-video-preview:-1\" \/>\n<link rel=\"canonical\" href=\"https:\/\/www.habitation-saint-charles.com\/es\/servicios\/viaje-en-barco-privado\/\" \/>\n<meta property=\"og:locale\" content=\"es_ES\" \/>\n<meta property=\"og:type\" content=\"article\" \/>\n<meta property=\"og:title\" content=\"Viaje en barco privado - Habitation Saint Charles\" \/>\n<meta property=\"og:description\" content=\"Descubra los lugares paradis\u00edacos y las islas de Guadalupe a bordo de nuestro Marl&#8217;o equipado con 2 motores Mercury de 350 caballos de fuerza. Hay varias salidas programadas disponibles, nuestra Recepci\u00f3n estar\u00e1 encantada de informarle y reservar su escapada n\u00e1utica. El aire fresco, el snorkel, las bebidas y la comida har\u00e1n que su viaje en [&hellip;]\" \/>\n<meta property=\"og:url\" content=\"https:\/\/www.habitation-saint-charles.com\/es\/servicios\/viaje-en-barco-privado\/\" \/>\n<meta property=\"og:site_name\" content=\"Habitation Saint Charles\" \/>\n<meta property=\"article:modified_time\" content=\"2020-08-04T10:27:57+00:00\" \/>\n<meta property=\"og:image\" content=\"https:\/\/www.habitation-saint-charles.com\/wp-content\/uploads\/sites\/164\/2023\/01\/Cohen-HABITATION-ST-CHARLES-51-2.jpg\" \/>\n\t<meta property=\"og:image:width\" content=\"2017\" \/>\n\t<meta property=\"og:image:height\" content=\"1200\" \/>\n\t<meta property=\"og:image:type\" content=\"image\/jpeg\" \/>\n<meta name=\"twitter:card\" content=\"summary_large_image\" \/>\n<script type=\"application\/ld+json\" class=\"yoast-schema-graph\">{\"@context\":\"https:\/\/schema.org\",\"@graph\":[{\"@type\":\"WebPage\",\"@id\":\"https:\/\/www.habitation-saint-charles.com\/es\/servicios\/viaje-en-barco-privado\/\",\"url\":\"https:\/\/www.habitation-saint-charles.com\/es\/servicios\/viaje-en-barco-privado\/\",\"name\":\"Viaje en barco privado - Habitation Saint Charles\",\"isPartOf\":{\"@id\":\"https:\/\/www.habitation-saint-charles.com\/es\/#website\"},\"datePublished\":\"2020-04-15T09:55:23+00:00\",\"dateModified\":\"2020-08-04T10:27:57+00:00\",\"breadcrumb\":{\"@id\":\"https:\/\/www.habitation-saint-charles.com\/es\/servicios\/viaje-en-barco-privado\/#breadcrumb\"},\"inLanguage\":\"es\",\"potentialAction\":[{\"@type\":\"ReadAction\",\"target\":[\"https:\/\/www.habitation-saint-charles.com\/es\/servicios\/viaje-en-barco-privado\/\"]}]},{\"@type\":\"BreadcrumbList\",\"@id\":\"https:\/\/www.habitation-saint-charles.com\/es\/servicios\/viaje-en-barco-privado\/#breadcrumb\",\"itemListElement\":[{\"@type\":\"ListItem\",\"position\":1,\"name\":\"Home\",\"item\":\"https:\/\/www.habitation-saint-charles.com\/es\/\"},{\"@type\":\"ListItem\",\"position\":2,\"name\":\"Servicios\",\"item\":\"https:\/\/www.habitation-saint-charles.com\/es\/servicios\/\"},{\"@type\":\"ListItem\",\"position\":3,\"name\":\"Viaje en barco privado\"}]},{\"@type\":\"WebSite\",\"@id\":\"https:\/\/www.habitation-saint-charles.com\/es\/#website\",\"url\":\"https:\/\/www.habitation-saint-charles.com\/es\/\",\"name\":\"Habitation Saint Charles\",\"description\":\"\",\"publisher\":{\"@id\":\"https:\/\/www.habitation-saint-charles.com\/es\/#organization\"},\"potentialAction\":[{\"@type\":\"SearchAction\",\"target\":{\"@type\":\"EntryPoint\",\"urlTemplate\":\"https:\/\/www.habitation-saint-charles.com\/es\/?s={search_term_string}\"},\"query-input\":{\"@type\":\"PropertyValueSpecification\",\"valueRequired\":true,\"valueName\":\"search_term_string\"}}],\"inLanguage\":\"es\"},{\"@type\":\"Organization\",\"@id\":\"https:\/\/www.habitation-saint-charles.com\/es\/#organization\",\"name\":\"Habitation Saint Charles\",\"url\":\"https:\/\/www.habitation-saint-charles.com\/es\/\",\"logo\":{\"@type\":\"ImageObject\",\"inLanguage\":\"es\",\"@id\":\"https:\/\/www.habitation-saint-charles.com\/es\/#\/schema\/logo\/image\/\",\"url\":\"https:\/\/www.habitation-saint-charles.com\/wp-content\/uploads\/sites\/164\/2020\/08\/Logo-Habitation-Saint-Charles-2.png\",\"contentUrl\":\"https:\/\/www.habitation-saint-charles.com\/wp-content\/uploads\/sites\/164\/2020\/08\/Logo-Habitation-Saint-Charles-2.png\",\"width\":799,\"height\":609,\"caption\":\"Habitation Saint Charles\"},\"image\":{\"@id\":\"https:\/\/www.habitation-saint-charles.com\/es\/#\/schema\/logo\/image\/\"}}]}<\/script>\n<!-- \/ Yoast SEO plugin. -->","yoast_head_json":{"title":"Viaje en barco privado - Habitation Saint Charles","robots":{"index":"index","follow":"follow","max-snippet":"max-snippet:-1","max-image-preview":"max-image-preview:large","max-video-preview":"max-video-preview:-1"},"canonical":"https:\/\/www.habitation-saint-charles.com\/es\/servicios\/viaje-en-barco-privado\/","og_locale":"es_ES","og_type":"article","og_title":"Viaje en barco privado - Habitation Saint Charles","og_description":"Descubra los lugares paradis\u00edacos y las islas de Guadalupe a bordo de nuestro Marl&#8217;o equipado con 2 motores Mercury de 350 caballos de fuerza. Hay varias salidas programadas disponibles, nuestra Recepci\u00f3n estar\u00e1 encantada de informarle y reservar su escapada n\u00e1utica. El aire fresco, el snorkel, las bebidas y la comida har\u00e1n que su viaje en [&hellip;]","og_url":"https:\/\/www.habitation-saint-charles.com\/es\/servicios\/viaje-en-barco-privado\/","og_site_name":"Habitation Saint Charles","article_modified_time":"2020-08-04T10:27:57+00:00","og_image":[{"width":2017,"height":1200,"url":"https:\/\/www.habitation-saint-charles.com\/wp-content\/uploads\/sites\/164\/2023\/01\/Cohen-HABITATION-ST-CHARLES-51-2.jpg","type":"image\/jpeg"}],"twitter_card":"summary_large_image","schema":{"@context":"https:\/\/schema.org","@graph":[{"@type":"WebPage","@id":"https:\/\/www.habitation-saint-charles.com\/es\/servicios\/viaje-en-barco-privado\/","url":"https:\/\/www.habitation-saint-charles.com\/es\/servicios\/viaje-en-barco-privado\/","name":"Viaje en barco privado - Habitation Saint Charles","isPartOf":{"@id":"https:\/\/www.habitation-saint-charles.com\/es\/#website"},"datePublished":"2020-04-15T09:55:23+00:00","dateModified":"2020-08-04T10:27:57+00:00","breadcrumb":{"@id":"https:\/\/www.habitation-saint-charles.com\/es\/servicios\/viaje-en-barco-privado\/#breadcrumb"},"inLanguage":"es","potentialAction":[{"@type":"ReadAction","target":["https:\/\/www.habitation-saint-charles.com\/es\/servicios\/viaje-en-barco-privado\/"]}]},{"@type":"BreadcrumbList","@id":"https:\/\/www.habitation-saint-charles.com\/es\/servicios\/viaje-en-barco-privado\/#breadcrumb","itemListElement":[{"@type":"ListItem","position":1,"name":"Home","item":"https:\/\/www.habitation-saint-charles.com\/es\/"},{"@type":"ListItem","position":2,"name":"Servicios","item":"https:\/\/www.habitation-saint-charles.com\/es\/servicios\/"},{"@type":"ListItem","position":3,"name":"Viaje en barco privado"}]},{"@type":"WebSite","@id":"https:\/\/www.habitation-saint-charles.com\/es\/#website","url":"https:\/\/www.habitation-saint-charles.com\/es\/","name":"Habitation Saint Charles","description":"","publisher":{"@id":"https:\/\/www.habitation-saint-charles.com\/es\/#organization"},"potentialAction":[{"@type":"SearchAction","target":{"@type":"EntryPoint","urlTemplate":"https:\/\/www.habitation-saint-charles.com\/es\/?s={search_term_string}"},"query-input":{"@type":"PropertyValueSpecification","valueRequired":true,"valueName":"search_term_string"}}],"inLanguage":"es"},{"@type":"Organization","@id":"https:\/\/www.habitation-saint-charles.com\/es\/#organization","name":"Habitation Saint Charles","url":"https:\/\/www.habitation-saint-charles.com\/es\/","logo":{"@type":"ImageObject","inLanguage":"es","@id":"https:\/\/www.habitation-saint-charles.com\/es\/#\/schema\/logo\/image\/","url":"https:\/\/www.habitation-saint-charles.com\/wp-content\/uploads\/sites\/164\/2020\/08\/Logo-Habitation-Saint-Charles-2.png","contentUrl":"https:\/\/www.habitation-saint-charles.com\/wp-content\/uploads\/sites\/164\/2020\/08\/Logo-Habitation-Saint-Charles-2.png","width":799,"height":609,"caption":"Habitation Saint Charles"},"image":{"@id":"https:\/\/www.habitation-saint-charles.com\/es\/#\/schema\/logo\/image\/"}}]}},"acf":[],"_links":{"self":[{"href":"https:\/\/www.habitation-saint-charles.com\/es\/wp-json\/wp\/v2\/pages\/174","targetHints":{"allow":["GET"]}}],"collection":[{"href":"https:\/\/www.habitation-saint-charles.com\/es\/wp-json\/wp\/v2\/pages"}],"about":[{"href":"https:\/\/www.habitation-saint-charles.com\/es\/wp-json\/wp\/v2\/types\/page"}],"author":[{"embeddable":true,"href":"https:\/\/www.habitation-saint-charles.com\/es\/wp-json\/wp\/v2\/users\/137"}],"replies":[{"embeddable":true,"href":"https:\/\/www.habitation-saint-charles.com\/es\/wp-json\/wp\/v2\/comments?post=174"}],"version-history":[{"count":0,"href":"https:\/\/www.habitation-saint-charles.com\/es\/wp-json\/wp\/v2\/pages\/174\/revisions"}],"up":[{"embeddable":true,"href":"https:\/\/www.habitation-saint-charles.com\/es\/wp-json\/wp\/v2\/pages\/165"}],"wp:attachment":[{"href":"https:\/\/www.habitation-saint-charles.com\/es\/wp-json\/wp\/v2\/media?parent=174"}],"curies":[{"name":"wp","href":"https:\/\/api.w.org\/{rel}","templated":true}]}}