{"id":171,"date":"2020-04-15T09:34:55","date_gmt":"2020-04-15T09:34:55","guid":{"rendered":"http:\/\/habitation-saint-charles.ms.decms.eu\/services\/piscine-a-cascade-blottie-dans-un-decor-naturel\/"},"modified":"2021-07-20T16:56:59","modified_gmt":"2021-07-20T16:56:59","slug":"piscina-en-cascada-enclavada-en-un-entorno-natural","status":"publish","type":"page","link":"https:\/\/www.habitation-saint-charles.com\/es\/servicios\/piscina-en-cascada-enclavada-en-un-entorno-natural\/","title":{"rendered":"Piscina en cascada"},"content":{"rendered":"<p>Tumbado en una c\u00f3moda hamaca, el Bar <strong><a href=\"https:\/\/habitation-saint-charles.ms.decms.eu\/es\/restaurante-bar\/\">Table Saint Charles\u00a0<\/a><\/strong>pone a su disposici\u00f3n refrescantes y energ\u00e9ticas bebidas.<\/p>\n<p><em>(El acceso a la piscina est\u00e1 restringido, siendo \u00fanicamente posible su entrada a los clientes del Hotel).<\/em><\/p>\n","protected":false},"excerpt":{"rendered":"<p>Tumbado en una c\u00f3moda hamaca, el Bar Table Saint Charles\u00a0pone a su disposici\u00f3n refrescantes y energ\u00e9ticas bebidas. (El acceso a la piscina est\u00e1 restringido, siendo \u00fanicamente posible su entrada a los clientes del Hotel).<\/p>\n","protected":false},"author":137,"featured_media":0,"parent":165,"menu_order":172,"comment_status":"closed","ping_status":"closed","template":"","meta":{"footnotes":""},"class_list":["post-171","page","type-page","status-publish","hentry"],"yoast_head":"<!-- This site is optimized with the Yoast SEO plugin v26.9 - https:\/\/yoast.com\/product\/yoast-seo-wordpress\/ -->\n<title>Piscina en cascada - Habitation Saint Charles<\/title>\n<meta name=\"robots\" content=\"index, follow, max-snippet:-1, max-image-preview:large, max-video-preview:-1\" \/>\n<link rel=\"canonical\" href=\"https:\/\/www.habitation-saint-charles.com\/es\/servicios\/piscina-en-cascada-enclavada-en-un-entorno-natural\/\" \/>\n<meta property=\"og:locale\" content=\"es_ES\" \/>\n<meta property=\"og:type\" content=\"article\" \/>\n<meta property=\"og:title\" content=\"Piscina en cascada - Habitation Saint Charles\" \/>\n<meta property=\"og:description\" content=\"Tumbado en una c\u00f3moda hamaca, el Bar Table Saint Charles\u00a0pone a su disposici\u00f3n refrescantes y energ\u00e9ticas bebidas. (El acceso a la piscina est\u00e1 restringido, siendo \u00fanicamente posible su entrada a los clientes del Hotel).\" \/>\n<meta property=\"og:url\" content=\"https:\/\/www.habitation-saint-charles.com\/es\/servicios\/piscina-en-cascada-enclavada-en-un-entorno-natural\/\" \/>\n<meta property=\"og:site_name\" content=\"Habitation Saint Charles\" \/>\n<meta property=\"article:modified_time\" content=\"2021-07-20T16:56:59+00:00\" \/>\n<meta property=\"og:image\" content=\"https:\/\/www.habitation-saint-charles.com\/wp-content\/uploads\/sites\/164\/2023\/01\/Cohen-HABITATION-ST-CHARLES-51-2.jpg\" \/>\n\t<meta property=\"og:image:width\" content=\"2017\" \/>\n\t<meta property=\"og:image:height\" content=\"1200\" \/>\n\t<meta property=\"og:image:type\" content=\"image\/jpeg\" \/>\n<meta name=\"twitter:card\" content=\"summary_large_image\" \/>\n<script type=\"application\/ld+json\" class=\"yoast-schema-graph\">{\"@context\":\"https:\/\/schema.org\",\"@graph\":[{\"@type\":\"WebPage\",\"@id\":\"https:\/\/www.habitation-saint-charles.com\/es\/servicios\/piscina-en-cascada-enclavada-en-un-entorno-natural\/\",\"url\":\"https:\/\/www.habitation-saint-charles.com\/es\/servicios\/piscina-en-cascada-enclavada-en-un-entorno-natural\/\",\"name\":\"Piscina en cascada - Habitation Saint Charles\",\"isPartOf\":{\"@id\":\"https:\/\/www.habitation-saint-charles.com\/es\/#website\"},\"datePublished\":\"2020-04-15T09:34:55+00:00\",\"dateModified\":\"2021-07-20T16:56:59+00:00\",\"breadcrumb\":{\"@id\":\"https:\/\/www.habitation-saint-charles.com\/es\/servicios\/piscina-en-cascada-enclavada-en-un-entorno-natural\/#breadcrumb\"},\"inLanguage\":\"es\",\"potentialAction\":[{\"@type\":\"ReadAction\",\"target\":[\"https:\/\/www.habitation-saint-charles.com\/es\/servicios\/piscina-en-cascada-enclavada-en-un-entorno-natural\/\"]}]},{\"@type\":\"BreadcrumbList\",\"@id\":\"https:\/\/www.habitation-saint-charles.com\/es\/servicios\/piscina-en-cascada-enclavada-en-un-entorno-natural\/#breadcrumb\",\"itemListElement\":[{\"@type\":\"ListItem\",\"position\":1,\"name\":\"Home\",\"item\":\"https:\/\/www.habitation-saint-charles.com\/es\/\"},{\"@type\":\"ListItem\",\"position\":2,\"name\":\"Servicios\",\"item\":\"https:\/\/www.habitation-saint-charles.com\/es\/servicios\/\"},{\"@type\":\"ListItem\",\"position\":3,\"name\":\"Piscina en cascada\"}]},{\"@type\":\"WebSite\",\"@id\":\"https:\/\/www.habitation-saint-charles.com\/es\/#website\",\"url\":\"https:\/\/www.habitation-saint-charles.com\/es\/\",\"name\":\"Habitation Saint Charles\",\"description\":\"\",\"publisher\":{\"@id\":\"https:\/\/www.habitation-saint-charles.com\/es\/#organization\"},\"potentialAction\":[{\"@type\":\"SearchAction\",\"target\":{\"@type\":\"EntryPoint\",\"urlTemplate\":\"https:\/\/www.habitation-saint-charles.com\/es\/?s={search_term_string}\"},\"query-input\":{\"@type\":\"PropertyValueSpecification\",\"valueRequired\":true,\"valueName\":\"search_term_string\"}}],\"inLanguage\":\"es\"},{\"@type\":\"Organization\",\"@id\":\"https:\/\/www.habitation-saint-charles.com\/es\/#organization\",\"name\":\"Habitation Saint Charles\",\"url\":\"https:\/\/www.habitation-saint-charles.com\/es\/\",\"logo\":{\"@type\":\"ImageObject\",\"inLanguage\":\"es\",\"@id\":\"https:\/\/www.habitation-saint-charles.com\/es\/#\/schema\/logo\/image\/\",\"url\":\"https:\/\/www.habitation-saint-charles.com\/wp-content\/uploads\/sites\/164\/2020\/08\/Logo-Habitation-Saint-Charles-2.png\",\"contentUrl\":\"https:\/\/www.habitation-saint-charles.com\/wp-content\/uploads\/sites\/164\/2020\/08\/Logo-Habitation-Saint-Charles-2.png\",\"width\":799,\"height\":609,\"caption\":\"Habitation Saint Charles\"},\"image\":{\"@id\":\"https:\/\/www.habitation-saint-charles.com\/es\/#\/schema\/logo\/image\/\"}}]}<\/script>\n<!-- \/ Yoast SEO plugin. -->","yoast_head_json":{"title":"Piscina en cascada - Habitation Saint Charles","robots":{"index":"index","follow":"follow","max-snippet":"max-snippet:-1","max-image-preview":"max-image-preview:large","max-video-preview":"max-video-preview:-1"},"canonical":"https:\/\/www.habitation-saint-charles.com\/es\/servicios\/piscina-en-cascada-enclavada-en-un-entorno-natural\/","og_locale":"es_ES","og_type":"article","og_title":"Piscina en cascada - Habitation Saint Charles","og_description":"Tumbado en una c\u00f3moda hamaca, el Bar Table Saint Charles\u00a0pone a su disposici\u00f3n refrescantes y energ\u00e9ticas bebidas. (El acceso a la piscina est\u00e1 restringido, siendo \u00fanicamente posible su entrada a los clientes del Hotel).","og_url":"https:\/\/www.habitation-saint-charles.com\/es\/servicios\/piscina-en-cascada-enclavada-en-un-entorno-natural\/","og_site_name":"Habitation Saint Charles","article_modified_time":"2021-07-20T16:56:59+00:00","og_image":[{"width":2017,"height":1200,"url":"https:\/\/www.habitation-saint-charles.com\/wp-content\/uploads\/sites\/164\/2023\/01\/Cohen-HABITATION-ST-CHARLES-51-2.jpg","type":"image\/jpeg"}],"twitter_card":"summary_large_image","schema":{"@context":"https:\/\/schema.org","@graph":[{"@type":"WebPage","@id":"https:\/\/www.habitation-saint-charles.com\/es\/servicios\/piscina-en-cascada-enclavada-en-un-entorno-natural\/","url":"https:\/\/www.habitation-saint-charles.com\/es\/servicios\/piscina-en-cascada-enclavada-en-un-entorno-natural\/","name":"Piscina en cascada - Habitation Saint Charles","isPartOf":{"@id":"https:\/\/www.habitation-saint-charles.com\/es\/#website"},"datePublished":"2020-04-15T09:34:55+00:00","dateModified":"2021-07-20T16:56:59+00:00","breadcrumb":{"@id":"https:\/\/www.habitation-saint-charles.com\/es\/servicios\/piscina-en-cascada-enclavada-en-un-entorno-natural\/#breadcrumb"},"inLanguage":"es","potentialAction":[{"@type":"ReadAction","target":["https:\/\/www.habitation-saint-charles.com\/es\/servicios\/piscina-en-cascada-enclavada-en-un-entorno-natural\/"]}]},{"@type":"BreadcrumbList","@id":"https:\/\/www.habitation-saint-charles.com\/es\/servicios\/piscina-en-cascada-enclavada-en-un-entorno-natural\/#breadcrumb","itemListElement":[{"@type":"ListItem","position":1,"name":"Home","item":"https:\/\/www.habitation-saint-charles.com\/es\/"},{"@type":"ListItem","position":2,"name":"Servicios","item":"https:\/\/www.habitation-saint-charles.com\/es\/servicios\/"},{"@type":"ListItem","position":3,"name":"Piscina en cascada"}]},{"@type":"WebSite","@id":"https:\/\/www.habitation-saint-charles.com\/es\/#website","url":"https:\/\/www.habitation-saint-charles.com\/es\/","name":"Habitation Saint Charles","description":"","publisher":{"@id":"https:\/\/www.habitation-saint-charles.com\/es\/#organization"},"potentialAction":[{"@type":"SearchAction","target":{"@type":"EntryPoint","urlTemplate":"https:\/\/www.habitation-saint-charles.com\/es\/?s={search_term_string}"},"query-input":{"@type":"PropertyValueSpecification","valueRequired":true,"valueName":"search_term_string"}}],"inLanguage":"es"},{"@type":"Organization","@id":"https:\/\/www.habitation-saint-charles.com\/es\/#organization","name":"Habitation Saint Charles","url":"https:\/\/www.habitation-saint-charles.com\/es\/","logo":{"@type":"ImageObject","inLanguage":"es","@id":"https:\/\/www.habitation-saint-charles.com\/es\/#\/schema\/logo\/image\/","url":"https:\/\/www.habitation-saint-charles.com\/wp-content\/uploads\/sites\/164\/2020\/08\/Logo-Habitation-Saint-Charles-2.png","contentUrl":"https:\/\/www.habitation-saint-charles.com\/wp-content\/uploads\/sites\/164\/2020\/08\/Logo-Habitation-Saint-Charles-2.png","width":799,"height":609,"caption":"Habitation Saint Charles"},"image":{"@id":"https:\/\/www.habitation-saint-charles.com\/es\/#\/schema\/logo\/image\/"}}]}},"acf":[],"_links":{"self":[{"href":"https:\/\/www.habitation-saint-charles.com\/es\/wp-json\/wp\/v2\/pages\/171","targetHints":{"allow":["GET"]}}],"collection":[{"href":"https:\/\/www.habitation-saint-charles.com\/es\/wp-json\/wp\/v2\/pages"}],"about":[{"href":"https:\/\/www.habitation-saint-charles.com\/es\/wp-json\/wp\/v2\/types\/page"}],"author":[{"embeddable":true,"href":"https:\/\/www.habitation-saint-charles.com\/es\/wp-json\/wp\/v2\/users\/137"}],"replies":[{"embeddable":true,"href":"https:\/\/www.habitation-saint-charles.com\/es\/wp-json\/wp\/v2\/comments?post=171"}],"version-history":[{"count":0,"href":"https:\/\/www.habitation-saint-charles.com\/es\/wp-json\/wp\/v2\/pages\/171\/revisions"}],"up":[{"embeddable":true,"href":"https:\/\/www.habitation-saint-charles.com\/es\/wp-json\/wp\/v2\/pages\/165"}],"wp:attachment":[{"href":"https:\/\/www.habitation-saint-charles.com\/es\/wp-json\/wp\/v2\/media?parent=171"}],"curies":[{"name":"wp","href":"https:\/\/api.w.org\/{rel}","templated":true}]}}