{"id":162,"date":"2020-04-15T09:18:39","date_gmt":"2020-04-15T09:18:39","guid":{"rendered":"http:\/\/habitation-saint-charles.ms.decms.eu\/restaurant-bar\/amiral\/"},"modified":"2021-07-20T16:36:40","modified_gmt":"2021-07-20T16:36:40","slug":"table-saint-charles","status":"publish","type":"page","link":"https:\/\/www.habitation-saint-charles.com\/es\/restaurante-bar\/table-saint-charles\/","title":{"rendered":"Table Saint Charles"},"content":{"rendered":"<p>En la terraza o en el comedor, nuestro Restaurante <b>Table Saint Charles<\/b><strong><span style=\"font-family: Lucida Calligraphy; font-style: italic; color: #a700a7;\">\u00a0<\/span><\/strong>le da la bienvenida <strong>a partir de las 7:00<\/strong> para un desayuno gourmet con productos locales.<\/p>\n<p>Nuestro Chef y su equipo le ofrecen una cocina Cr\u00e9ole gourmet, generosa y llena de sabores en un ambiente c\u00e1lido y con un servicio personalizado.<\/p>\n<p>Para acompa\u00f1ar tus comidas y refrescarte todo el d\u00eda, le Bar del <b>Table Saint Charles,<\/b>\u00a0<strong>abierto de 11:00 a 23:00<\/strong>, sugiere una amplia selecci\u00f3n de ricos c\u00f3cteles caseros y otras delicias de Guadalupe&#8230;<\/p>\n","protected":false},"excerpt":{"rendered":"<p>En la terraza o en el comedor, nuestro Restaurante Table Saint Charles\u00a0le da la bienvenida a partir de las 7:00 para un desayuno gourmet con productos locales. Nuestro Chef y su equipo le ofrecen una cocina Cr\u00e9ole gourmet, generosa y llena de sabores en un ambiente c\u00e1lido y con un servicio personalizado. Para acompa\u00f1ar tus [&hellip;]<\/p>\n","protected":false},"author":137,"featured_media":0,"parent":159,"menu_order":150,"comment_status":"closed","ping_status":"closed","template":"template-sigle-restaurant.php","meta":{"footnotes":""},"class_list":["post-162","page","type-page","status-publish","hentry"],"yoast_head":"<!-- This site is optimized with the Yoast SEO plugin v26.9 - https:\/\/yoast.com\/product\/yoast-seo-wordpress\/ -->\n<title>Restaurante L\u2019Amiral\u00a0| Hotel Boutique Habitation Saint-Charles<\/title>\n<meta name=\"description\" content=\"Nuestro Chef y su equipo le ofrecen su visi\u00f3n contempor\u00e1nea de la cocina Cr\u00e9ole, generosa y llena de sabores, en un ambiente c\u00e1lido y con un servicio personalizado. Un placer para los amantes de la gastronom\u00eda.\" \/>\n<meta name=\"robots\" content=\"index, follow, max-snippet:-1, max-image-preview:large, max-video-preview:-1\" \/>\n<link rel=\"canonical\" href=\"https:\/\/www.habitation-saint-charles.com\/es\/restaurante-bar\/table-saint-charles\/\" \/>\n<meta property=\"og:locale\" content=\"es_ES\" \/>\n<meta property=\"og:type\" content=\"article\" \/>\n<meta property=\"og:title\" content=\"Restaurante L\u2019Amiral\u00a0| Hotel Boutique Habitation Saint-Charles\" \/>\n<meta property=\"og:description\" content=\"Nuestro Chef y su equipo le ofrecen su visi\u00f3n contempor\u00e1nea de la cocina Cr\u00e9ole, generosa y llena de sabores, en un ambiente c\u00e1lido y con un servicio personalizado. Un placer para los amantes de la gastronom\u00eda.\" \/>\n<meta property=\"og:url\" content=\"https:\/\/www.habitation-saint-charles.com\/es\/restaurante-bar\/table-saint-charles\/\" \/>\n<meta property=\"og:site_name\" content=\"Habitation Saint Charles\" \/>\n<meta property=\"article:modified_time\" content=\"2021-07-20T16:36:40+00:00\" \/>\n<meta property=\"og:image\" content=\"https:\/\/www.habitation-saint-charles.com\/wp-content\/uploads\/sites\/164\/2023\/01\/Cohen-HABITATION-ST-CHARLES-51-2.jpg\" \/>\n\t<meta property=\"og:image:width\" content=\"2017\" \/>\n\t<meta property=\"og:image:height\" content=\"1200\" \/>\n\t<meta property=\"og:image:type\" content=\"image\/jpeg\" \/>\n<meta name=\"twitter:card\" content=\"summary_large_image\" \/>\n<script type=\"application\/ld+json\" class=\"yoast-schema-graph\">{\"@context\":\"https:\/\/schema.org\",\"@graph\":[{\"@type\":\"WebPage\",\"@id\":\"https:\/\/www.habitation-saint-charles.com\/es\/restaurante-bar\/table-saint-charles\/\",\"url\":\"https:\/\/www.habitation-saint-charles.com\/es\/restaurante-bar\/table-saint-charles\/\",\"name\":\"Restaurante L\u2019Amiral\u00a0| Hotel Boutique Habitation Saint-Charles\",\"isPartOf\":{\"@id\":\"https:\/\/www.habitation-saint-charles.com\/es\/#website\"},\"datePublished\":\"2020-04-15T09:18:39+00:00\",\"dateModified\":\"2021-07-20T16:36:40+00:00\",\"description\":\"Nuestro Chef y su equipo le ofrecen su visi\u00f3n contempor\u00e1nea de la cocina Cr\u00e9ole, generosa y llena de sabores, en un ambiente c\u00e1lido y con un servicio personalizado. Un placer para los amantes de la gastronom\u00eda.\",\"breadcrumb\":{\"@id\":\"https:\/\/www.habitation-saint-charles.com\/es\/restaurante-bar\/table-saint-charles\/#breadcrumb\"},\"inLanguage\":\"es\",\"potentialAction\":[{\"@type\":\"ReadAction\",\"target\":[\"https:\/\/www.habitation-saint-charles.com\/es\/restaurante-bar\/table-saint-charles\/\"]}]},{\"@type\":\"BreadcrumbList\",\"@id\":\"https:\/\/www.habitation-saint-charles.com\/es\/restaurante-bar\/table-saint-charles\/#breadcrumb\",\"itemListElement\":[{\"@type\":\"ListItem\",\"position\":1,\"name\":\"Home\",\"item\":\"https:\/\/www.habitation-saint-charles.com\/es\/\"},{\"@type\":\"ListItem\",\"position\":2,\"name\":\"RESTAURANTE &#038; BAR\",\"item\":\"https:\/\/www.habitation-saint-charles.com\/es\/restaurante-bar\/\"},{\"@type\":\"ListItem\",\"position\":3,\"name\":\"Table Saint Charles\"}]},{\"@type\":\"WebSite\",\"@id\":\"https:\/\/www.habitation-saint-charles.com\/es\/#website\",\"url\":\"https:\/\/www.habitation-saint-charles.com\/es\/\",\"name\":\"Habitation Saint Charles\",\"description\":\"\",\"publisher\":{\"@id\":\"https:\/\/www.habitation-saint-charles.com\/es\/#organization\"},\"potentialAction\":[{\"@type\":\"SearchAction\",\"target\":{\"@type\":\"EntryPoint\",\"urlTemplate\":\"https:\/\/www.habitation-saint-charles.com\/es\/?s={search_term_string}\"},\"query-input\":{\"@type\":\"PropertyValueSpecification\",\"valueRequired\":true,\"valueName\":\"search_term_string\"}}],\"inLanguage\":\"es\"},{\"@type\":\"Organization\",\"@id\":\"https:\/\/www.habitation-saint-charles.com\/es\/#organization\",\"name\":\"Habitation Saint Charles\",\"url\":\"https:\/\/www.habitation-saint-charles.com\/es\/\",\"logo\":{\"@type\":\"ImageObject\",\"inLanguage\":\"es\",\"@id\":\"https:\/\/www.habitation-saint-charles.com\/es\/#\/schema\/logo\/image\/\",\"url\":\"https:\/\/www.habitation-saint-charles.com\/wp-content\/uploads\/sites\/164\/2020\/08\/Logo-Habitation-Saint-Charles-2.png\",\"contentUrl\":\"https:\/\/www.habitation-saint-charles.com\/wp-content\/uploads\/sites\/164\/2020\/08\/Logo-Habitation-Saint-Charles-2.png\",\"width\":799,\"height\":609,\"caption\":\"Habitation Saint Charles\"},\"image\":{\"@id\":\"https:\/\/www.habitation-saint-charles.com\/es\/#\/schema\/logo\/image\/\"}}]}<\/script>\n<!-- \/ Yoast SEO plugin. -->","yoast_head_json":{"title":"Restaurante L\u2019Amiral\u00a0| Hotel Boutique Habitation Saint-Charles","description":"Nuestro Chef y su equipo le ofrecen su visi\u00f3n contempor\u00e1nea de la cocina Cr\u00e9ole, generosa y llena de sabores, en un ambiente c\u00e1lido y con un servicio personalizado. Un placer para los amantes de la gastronom\u00eda.","robots":{"index":"index","follow":"follow","max-snippet":"max-snippet:-1","max-image-preview":"max-image-preview:large","max-video-preview":"max-video-preview:-1"},"canonical":"https:\/\/www.habitation-saint-charles.com\/es\/restaurante-bar\/table-saint-charles\/","og_locale":"es_ES","og_type":"article","og_title":"Restaurante L\u2019Amiral\u00a0| Hotel Boutique Habitation Saint-Charles","og_description":"Nuestro Chef y su equipo le ofrecen su visi\u00f3n contempor\u00e1nea de la cocina Cr\u00e9ole, generosa y llena de sabores, en un ambiente c\u00e1lido y con un servicio personalizado. Un placer para los amantes de la gastronom\u00eda.","og_url":"https:\/\/www.habitation-saint-charles.com\/es\/restaurante-bar\/table-saint-charles\/","og_site_name":"Habitation Saint Charles","article_modified_time":"2021-07-20T16:36:40+00:00","og_image":[{"width":2017,"height":1200,"url":"https:\/\/www.habitation-saint-charles.com\/wp-content\/uploads\/sites\/164\/2023\/01\/Cohen-HABITATION-ST-CHARLES-51-2.jpg","type":"image\/jpeg"}],"twitter_card":"summary_large_image","schema":{"@context":"https:\/\/schema.org","@graph":[{"@type":"WebPage","@id":"https:\/\/www.habitation-saint-charles.com\/es\/restaurante-bar\/table-saint-charles\/","url":"https:\/\/www.habitation-saint-charles.com\/es\/restaurante-bar\/table-saint-charles\/","name":"Restaurante L\u2019Amiral\u00a0| Hotel Boutique Habitation Saint-Charles","isPartOf":{"@id":"https:\/\/www.habitation-saint-charles.com\/es\/#website"},"datePublished":"2020-04-15T09:18:39+00:00","dateModified":"2021-07-20T16:36:40+00:00","description":"Nuestro Chef y su equipo le ofrecen su visi\u00f3n contempor\u00e1nea de la cocina Cr\u00e9ole, generosa y llena de sabores, en un ambiente c\u00e1lido y con un servicio personalizado. Un placer para los amantes de la gastronom\u00eda.","breadcrumb":{"@id":"https:\/\/www.habitation-saint-charles.com\/es\/restaurante-bar\/table-saint-charles\/#breadcrumb"},"inLanguage":"es","potentialAction":[{"@type":"ReadAction","target":["https:\/\/www.habitation-saint-charles.com\/es\/restaurante-bar\/table-saint-charles\/"]}]},{"@type":"BreadcrumbList","@id":"https:\/\/www.habitation-saint-charles.com\/es\/restaurante-bar\/table-saint-charles\/#breadcrumb","itemListElement":[{"@type":"ListItem","position":1,"name":"Home","item":"https:\/\/www.habitation-saint-charles.com\/es\/"},{"@type":"ListItem","position":2,"name":"RESTAURANTE &#038; BAR","item":"https:\/\/www.habitation-saint-charles.com\/es\/restaurante-bar\/"},{"@type":"ListItem","position":3,"name":"Table Saint Charles"}]},{"@type":"WebSite","@id":"https:\/\/www.habitation-saint-charles.com\/es\/#website","url":"https:\/\/www.habitation-saint-charles.com\/es\/","name":"Habitation Saint Charles","description":"","publisher":{"@id":"https:\/\/www.habitation-saint-charles.com\/es\/#organization"},"potentialAction":[{"@type":"SearchAction","target":{"@type":"EntryPoint","urlTemplate":"https:\/\/www.habitation-saint-charles.com\/es\/?s={search_term_string}"},"query-input":{"@type":"PropertyValueSpecification","valueRequired":true,"valueName":"search_term_string"}}],"inLanguage":"es"},{"@type":"Organization","@id":"https:\/\/www.habitation-saint-charles.com\/es\/#organization","name":"Habitation Saint Charles","url":"https:\/\/www.habitation-saint-charles.com\/es\/","logo":{"@type":"ImageObject","inLanguage":"es","@id":"https:\/\/www.habitation-saint-charles.com\/es\/#\/schema\/logo\/image\/","url":"https:\/\/www.habitation-saint-charles.com\/wp-content\/uploads\/sites\/164\/2020\/08\/Logo-Habitation-Saint-Charles-2.png","contentUrl":"https:\/\/www.habitation-saint-charles.com\/wp-content\/uploads\/sites\/164\/2020\/08\/Logo-Habitation-Saint-Charles-2.png","width":799,"height":609,"caption":"Habitation Saint Charles"},"image":{"@id":"https:\/\/www.habitation-saint-charles.com\/es\/#\/schema\/logo\/image\/"}}]}},"acf":[],"_links":{"self":[{"href":"https:\/\/www.habitation-saint-charles.com\/es\/wp-json\/wp\/v2\/pages\/162","targetHints":{"allow":["GET"]}}],"collection":[{"href":"https:\/\/www.habitation-saint-charles.com\/es\/wp-json\/wp\/v2\/pages"}],"about":[{"href":"https:\/\/www.habitation-saint-charles.com\/es\/wp-json\/wp\/v2\/types\/page"}],"author":[{"embeddable":true,"href":"https:\/\/www.habitation-saint-charles.com\/es\/wp-json\/wp\/v2\/users\/137"}],"replies":[{"embeddable":true,"href":"https:\/\/www.habitation-saint-charles.com\/es\/wp-json\/wp\/v2\/comments?post=162"}],"version-history":[{"count":0,"href":"https:\/\/www.habitation-saint-charles.com\/es\/wp-json\/wp\/v2\/pages\/162\/revisions"}],"up":[{"embeddable":true,"href":"https:\/\/www.habitation-saint-charles.com\/es\/wp-json\/wp\/v2\/pages\/159"}],"wp:attachment":[{"href":"https:\/\/www.habitation-saint-charles.com\/es\/wp-json\/wp\/v2\/media?parent=162"}],"curies":[{"name":"wp","href":"https:\/\/api.w.org\/{rel}","templated":true}]}}