{"id":141,"date":"2020-04-14T13:30:18","date_gmt":"2020-04-14T13:30:18","guid":{"rendered":"http:\/\/habitation-saint-charles.ms.decms.eu\/chambres\/"},"modified":"2020-08-03T14:36:38","modified_gmt":"2020-08-03T14:36:38","slug":"habitaciones","status":"publish","type":"page","link":"https:\/\/www.habitation-saint-charles.com\/es\/habitaciones\/","title":{"rendered":"Habitaciones"},"content":{"rendered":"<p style=\"text-align: center;\">Los materiales m\u00e1s nobles han sido seleccionados para unir la eficiencia con la elegancia, como el cedro rojo, la caoba, y la dalbergia, la piedra natural de Borgo\u00f1a &#8230; que invitan a un cambio de escenario y a acercarse a la naturaleza.<\/p>\n<p style=\"text-align: center;\">Las s\u00e1banas y las esponjas han sido importadas de los Vosgos, una regi\u00f3n francesa con una tradici\u00f3n centenaria en la producci\u00f3n de textiles para el hogar. Una leyenda de los Vosgos dice que las agujas de pino dar\u00edan una ligera acidez al suelo y al agua de los Vosgos, fuentes que contribuir\u00edan al blanqueo y la delicadeza del lino &#8230;<\/p>\n<p style=\"text-align: center;\">Todas nuestras habitaciones est\u00e1n equipadas con <strong>aire acondicionado<\/strong> individual, <strong>WIFI<\/strong> gratuito y un <strong>televisor<\/strong> de pantalla grande Led HD que ofrece una amplia selecci\u00f3n de canales tanto franceses como internacionales.<\/p>\n","protected":false},"excerpt":{"rendered":"<p>Los materiales m\u00e1s nobles han sido seleccionados para unir la eficiencia con la elegancia, como el cedro rojo, la caoba, y la dalbergia, la piedra natural de Borgo\u00f1a &#8230; que invitan a un cambio de escenario y a acercarse a la naturaleza. Las s\u00e1banas y las esponjas han sido importadas de los Vosgos, una regi\u00f3n [&hellip;]<\/p>\n","protected":false},"author":137,"featured_media":0,"parent":0,"menu_order":50,"comment_status":"closed","ping_status":"closed","template":"template-rooms.php","meta":{"footnotes":""},"class_list":["post-141","page","type-page","status-publish","hentry"],"yoast_head":"<!-- This site is optimized with the Yoast SEO plugin v26.9 - https:\/\/yoast.com\/product\/yoast-seo-wordpress\/ -->\n<title>Habitaciones | 4-estrellas Hotel Boutique Habitation Saint-Charles<\/title>\n<meta name=\"description\" content=\"Exotismo, refinamiento y tradicion para su bienestar y comodidad. Eliga entre habitaciones de lujo, bungalows con Jacuzi o Villas con piscina.\" \/>\n<meta name=\"robots\" content=\"index, follow, max-snippet:-1, max-image-preview:large, max-video-preview:-1\" \/>\n<link rel=\"canonical\" href=\"https:\/\/www.habitation-saint-charles.com\/es\/habitaciones\/\" \/>\n<meta property=\"og:locale\" content=\"es_ES\" \/>\n<meta property=\"og:type\" content=\"article\" \/>\n<meta property=\"og:title\" content=\"Habitaciones | 4-estrellas Hotel Boutique Habitation Saint-Charles\" \/>\n<meta property=\"og:description\" content=\"Exotismo, refinamiento y tradicion para su bienestar y comodidad. Eliga entre habitaciones de lujo, bungalows con Jacuzi o Villas con piscina.\" \/>\n<meta property=\"og:url\" content=\"https:\/\/www.habitation-saint-charles.com\/es\/habitaciones\/\" \/>\n<meta property=\"og:site_name\" content=\"Habitation Saint Charles\" \/>\n<meta property=\"article:modified_time\" content=\"2020-08-03T14:36:38+00:00\" \/>\n<meta property=\"og:image\" content=\"https:\/\/www.habitation-saint-charles.com\/wp-content\/uploads\/sites\/164\/2023\/01\/Cohen-HABITATION-ST-CHARLES-51-2.jpg\" \/>\n\t<meta property=\"og:image:width\" content=\"2017\" \/>\n\t<meta property=\"og:image:height\" content=\"1200\" \/>\n\t<meta property=\"og:image:type\" content=\"image\/jpeg\" \/>\n<meta name=\"twitter:card\" content=\"summary_large_image\" \/>\n<meta name=\"twitter:label1\" content=\"Tiempo de lectura\" \/>\n\t<meta name=\"twitter:data1\" content=\"1 minuto\" \/>\n<script type=\"application\/ld+json\" class=\"yoast-schema-graph\">{\"@context\":\"https:\/\/schema.org\",\"@graph\":[{\"@type\":\"WebPage\",\"@id\":\"https:\/\/www.habitation-saint-charles.com\/es\/habitaciones\/\",\"url\":\"https:\/\/www.habitation-saint-charles.com\/es\/habitaciones\/\",\"name\":\"Habitaciones | 4-estrellas Hotel Boutique Habitation Saint-Charles\",\"isPartOf\":{\"@id\":\"https:\/\/www.habitation-saint-charles.com\/es\/#website\"},\"datePublished\":\"2020-04-14T13:30:18+00:00\",\"dateModified\":\"2020-08-03T14:36:38+00:00\",\"description\":\"Exotismo, refinamiento y tradicion para su bienestar y comodidad. Eliga entre habitaciones de lujo, bungalows con Jacuzi o Villas con piscina.\",\"breadcrumb\":{\"@id\":\"https:\/\/www.habitation-saint-charles.com\/es\/habitaciones\/#breadcrumb\"},\"inLanguage\":\"es\",\"potentialAction\":[{\"@type\":\"ReadAction\",\"target\":[\"https:\/\/www.habitation-saint-charles.com\/es\/habitaciones\/\"]}]},{\"@type\":\"BreadcrumbList\",\"@id\":\"https:\/\/www.habitation-saint-charles.com\/es\/habitaciones\/#breadcrumb\",\"itemListElement\":[{\"@type\":\"ListItem\",\"position\":1,\"name\":\"Home\",\"item\":\"https:\/\/www.habitation-saint-charles.com\/es\/\"},{\"@type\":\"ListItem\",\"position\":2,\"name\":\"Habitaciones\"}]},{\"@type\":\"WebSite\",\"@id\":\"https:\/\/www.habitation-saint-charles.com\/es\/#website\",\"url\":\"https:\/\/www.habitation-saint-charles.com\/es\/\",\"name\":\"Habitation Saint Charles\",\"description\":\"\",\"publisher\":{\"@id\":\"https:\/\/www.habitation-saint-charles.com\/es\/#organization\"},\"potentialAction\":[{\"@type\":\"SearchAction\",\"target\":{\"@type\":\"EntryPoint\",\"urlTemplate\":\"https:\/\/www.habitation-saint-charles.com\/es\/?s={search_term_string}\"},\"query-input\":{\"@type\":\"PropertyValueSpecification\",\"valueRequired\":true,\"valueName\":\"search_term_string\"}}],\"inLanguage\":\"es\"},{\"@type\":\"Organization\",\"@id\":\"https:\/\/www.habitation-saint-charles.com\/es\/#organization\",\"name\":\"Habitation Saint Charles\",\"url\":\"https:\/\/www.habitation-saint-charles.com\/es\/\",\"logo\":{\"@type\":\"ImageObject\",\"inLanguage\":\"es\",\"@id\":\"https:\/\/www.habitation-saint-charles.com\/es\/#\/schema\/logo\/image\/\",\"url\":\"https:\/\/www.habitation-saint-charles.com\/wp-content\/uploads\/sites\/164\/2020\/08\/Logo-Habitation-Saint-Charles-2.png\",\"contentUrl\":\"https:\/\/www.habitation-saint-charles.com\/wp-content\/uploads\/sites\/164\/2020\/08\/Logo-Habitation-Saint-Charles-2.png\",\"width\":799,\"height\":609,\"caption\":\"Habitation Saint Charles\"},\"image\":{\"@id\":\"https:\/\/www.habitation-saint-charles.com\/es\/#\/schema\/logo\/image\/\"}}]}<\/script>\n<!-- \/ Yoast SEO plugin. -->","yoast_head_json":{"title":"Habitaciones | 4-estrellas Hotel Boutique Habitation Saint-Charles","description":"Exotismo, refinamiento y tradicion para su bienestar y comodidad. Eliga entre habitaciones de lujo, bungalows con Jacuzi o Villas con piscina.","robots":{"index":"index","follow":"follow","max-snippet":"max-snippet:-1","max-image-preview":"max-image-preview:large","max-video-preview":"max-video-preview:-1"},"canonical":"https:\/\/www.habitation-saint-charles.com\/es\/habitaciones\/","og_locale":"es_ES","og_type":"article","og_title":"Habitaciones | 4-estrellas Hotel Boutique Habitation Saint-Charles","og_description":"Exotismo, refinamiento y tradicion para su bienestar y comodidad. Eliga entre habitaciones de lujo, bungalows con Jacuzi o Villas con piscina.","og_url":"https:\/\/www.habitation-saint-charles.com\/es\/habitaciones\/","og_site_name":"Habitation Saint Charles","article_modified_time":"2020-08-03T14:36:38+00:00","og_image":[{"width":2017,"height":1200,"url":"https:\/\/www.habitation-saint-charles.com\/wp-content\/uploads\/sites\/164\/2023\/01\/Cohen-HABITATION-ST-CHARLES-51-2.jpg","type":"image\/jpeg"}],"twitter_card":"summary_large_image","twitter_misc":{"Tiempo de lectura":"1 minuto"},"schema":{"@context":"https:\/\/schema.org","@graph":[{"@type":"WebPage","@id":"https:\/\/www.habitation-saint-charles.com\/es\/habitaciones\/","url":"https:\/\/www.habitation-saint-charles.com\/es\/habitaciones\/","name":"Habitaciones | 4-estrellas Hotel Boutique Habitation Saint-Charles","isPartOf":{"@id":"https:\/\/www.habitation-saint-charles.com\/es\/#website"},"datePublished":"2020-04-14T13:30:18+00:00","dateModified":"2020-08-03T14:36:38+00:00","description":"Exotismo, refinamiento y tradicion para su bienestar y comodidad. Eliga entre habitaciones de lujo, bungalows con Jacuzi o Villas con piscina.","breadcrumb":{"@id":"https:\/\/www.habitation-saint-charles.com\/es\/habitaciones\/#breadcrumb"},"inLanguage":"es","potentialAction":[{"@type":"ReadAction","target":["https:\/\/www.habitation-saint-charles.com\/es\/habitaciones\/"]}]},{"@type":"BreadcrumbList","@id":"https:\/\/www.habitation-saint-charles.com\/es\/habitaciones\/#breadcrumb","itemListElement":[{"@type":"ListItem","position":1,"name":"Home","item":"https:\/\/www.habitation-saint-charles.com\/es\/"},{"@type":"ListItem","position":2,"name":"Habitaciones"}]},{"@type":"WebSite","@id":"https:\/\/www.habitation-saint-charles.com\/es\/#website","url":"https:\/\/www.habitation-saint-charles.com\/es\/","name":"Habitation Saint Charles","description":"","publisher":{"@id":"https:\/\/www.habitation-saint-charles.com\/es\/#organization"},"potentialAction":[{"@type":"SearchAction","target":{"@type":"EntryPoint","urlTemplate":"https:\/\/www.habitation-saint-charles.com\/es\/?s={search_term_string}"},"query-input":{"@type":"PropertyValueSpecification","valueRequired":true,"valueName":"search_term_string"}}],"inLanguage":"es"},{"@type":"Organization","@id":"https:\/\/www.habitation-saint-charles.com\/es\/#organization","name":"Habitation Saint Charles","url":"https:\/\/www.habitation-saint-charles.com\/es\/","logo":{"@type":"ImageObject","inLanguage":"es","@id":"https:\/\/www.habitation-saint-charles.com\/es\/#\/schema\/logo\/image\/","url":"https:\/\/www.habitation-saint-charles.com\/wp-content\/uploads\/sites\/164\/2020\/08\/Logo-Habitation-Saint-Charles-2.png","contentUrl":"https:\/\/www.habitation-saint-charles.com\/wp-content\/uploads\/sites\/164\/2020\/08\/Logo-Habitation-Saint-Charles-2.png","width":799,"height":609,"caption":"Habitation Saint Charles"},"image":{"@id":"https:\/\/www.habitation-saint-charles.com\/es\/#\/schema\/logo\/image\/"}}]}},"acf":[],"_links":{"self":[{"href":"https:\/\/www.habitation-saint-charles.com\/es\/wp-json\/wp\/v2\/pages\/141","targetHints":{"allow":["GET"]}}],"collection":[{"href":"https:\/\/www.habitation-saint-charles.com\/es\/wp-json\/wp\/v2\/pages"}],"about":[{"href":"https:\/\/www.habitation-saint-charles.com\/es\/wp-json\/wp\/v2\/types\/page"}],"author":[{"embeddable":true,"href":"https:\/\/www.habitation-saint-charles.com\/es\/wp-json\/wp\/v2\/users\/137"}],"replies":[{"embeddable":true,"href":"https:\/\/www.habitation-saint-charles.com\/es\/wp-json\/wp\/v2\/comments?post=141"}],"version-history":[{"count":0,"href":"https:\/\/www.habitation-saint-charles.com\/es\/wp-json\/wp\/v2\/pages\/141\/revisions"}],"wp:attachment":[{"href":"https:\/\/www.habitation-saint-charles.com\/es\/wp-json\/wp\/v2\/media?parent=141"}],"curies":[{"name":"wp","href":"https:\/\/api.w.org\/{rel}","templated":true}]}}