{"id":138,"date":"2020-04-14T12:45:01","date_gmt":"2020-04-14T12:45:01","guid":{"rendered":"http:\/\/habitation-saint-charles.ms.decms.eu\/hotel\/"},"modified":"2021-07-20T12:42:21","modified_gmt":"2021-07-20T12:42:21","slug":"hotel","status":"publish","type":"page","link":"https:\/\/www.habitation-saint-charles.com\/es\/hotel\/","title":{"rendered":"Bienvenido al coraz\u00f3n de Guadalupe"},"content":{"rendered":"<div style=\"text-align: justify;\">\n<p>est\u00e1 situado en el centro de Guadalupe, rodeado de una naturaleza verde y exuberante, esto es lo que lo convierte en un punto clave desde donde podr\u00e1 visitar c\u00f3modamente cada lugar en la isla, desde Grande-Terre hasta Basse-Terre.<\/p>\n<p>Situado en medio de una exuberante vegetaci\u00f3n a lo largo de un peque\u00f1o r\u00edo que bordea campos de ca\u00f1a de az\u00facar y equipado de una piscina de piedra con cascada en un entorno natural, nuestro Hotel Boutique ha sido construido con materiales nobles distribuido en 8 bungalows con jacuzzi, 10 habitaciones de hotel y 3 villas de lujo con piscina privada.<\/p>\n<p>Ya sea por vacaciones o negocios, nuestro equipo de profesionales satisfacer\u00e1n sus necesidades para garantizarle una excelente e inolvidable estancia con nosotros.<\/p>\n<\/div>\n","protected":false},"excerpt":{"rendered":"<p>est\u00e1 situado en el centro de Guadalupe, rodeado de una naturaleza verde y exuberante, esto es lo que lo convierte en un punto clave desde donde podr\u00e1 visitar c\u00f3modamente cada lugar en la isla, desde Grande-Terre hasta Basse-Terre. Situado en medio de una exuberante vegetaci\u00f3n a lo largo de un peque\u00f1o r\u00edo que bordea campos [&hellip;]<\/p>\n","protected":false},"author":137,"featured_media":0,"parent":0,"menu_order":40,"comment_status":"closed","ping_status":"closed","template":"template-hotel.php","meta":{"footnotes":""},"class_list":["post-138","page","type-page","status-publish","hentry"],"yoast_head":"<!-- This site is optimized with the Yoast SEO plugin v26.9 - https:\/\/yoast.com\/product\/yoast-seo-wordpress\/ -->\n<title>4-estrellas Hotel en las Antillas Francesas | Habitation Saint-Charles<\/title>\n<meta name=\"description\" content=\"Ya sea por vacaciones o negocios,nuestro equipo de profesionales satisfacer\u00e1n sus necesidades paragarantizarle una excelente e inolvidable estancia con nosotros.\" \/>\n<meta name=\"robots\" content=\"index, follow, max-snippet:-1, max-image-preview:large, max-video-preview:-1\" \/>\n<link rel=\"canonical\" href=\"https:\/\/www.habitation-saint-charles.com\/es\/hotel\/\" \/>\n<meta property=\"og:locale\" content=\"es_ES\" \/>\n<meta property=\"og:type\" content=\"article\" \/>\n<meta property=\"og:title\" content=\"4-estrellas Hotel en las Antillas Francesas | Habitation Saint-Charles\" \/>\n<meta property=\"og:description\" content=\"Ya sea por vacaciones o negocios,nuestro equipo de profesionales satisfacer\u00e1n sus necesidades paragarantizarle una excelente e inolvidable estancia con nosotros.\" \/>\n<meta property=\"og:url\" content=\"https:\/\/www.habitation-saint-charles.com\/es\/hotel\/\" \/>\n<meta property=\"og:site_name\" content=\"Habitation Saint Charles\" \/>\n<meta property=\"article:modified_time\" content=\"2021-07-20T12:42:21+00:00\" \/>\n<meta property=\"og:image\" content=\"https:\/\/www.habitation-saint-charles.com\/wp-content\/uploads\/sites\/164\/2023\/01\/Cohen-HABITATION-ST-CHARLES-51-2.jpg\" \/>\n\t<meta property=\"og:image:width\" content=\"2017\" \/>\n\t<meta property=\"og:image:height\" content=\"1200\" \/>\n\t<meta property=\"og:image:type\" content=\"image\/jpeg\" \/>\n<meta name=\"twitter:card\" content=\"summary_large_image\" \/>\n<meta name=\"twitter:label1\" content=\"Tiempo de lectura\" \/>\n\t<meta name=\"twitter:data1\" content=\"1 minuto\" \/>\n<script type=\"application\/ld+json\" class=\"yoast-schema-graph\">{\"@context\":\"https:\/\/schema.org\",\"@graph\":[{\"@type\":\"WebPage\",\"@id\":\"https:\/\/www.habitation-saint-charles.com\/es\/hotel\/\",\"url\":\"https:\/\/www.habitation-saint-charles.com\/es\/hotel\/\",\"name\":\"4-estrellas Hotel en las Antillas Francesas | Habitation Saint-Charles\",\"isPartOf\":{\"@id\":\"https:\/\/www.habitation-saint-charles.com\/es\/#website\"},\"datePublished\":\"2020-04-14T12:45:01+00:00\",\"dateModified\":\"2021-07-20T12:42:21+00:00\",\"description\":\"Ya sea por vacaciones o negocios,nuestro equipo de profesionales satisfacer\u00e1n sus necesidades paragarantizarle una excelente e inolvidable estancia con nosotros.\",\"breadcrumb\":{\"@id\":\"https:\/\/www.habitation-saint-charles.com\/es\/hotel\/#breadcrumb\"},\"inLanguage\":\"es\",\"potentialAction\":[{\"@type\":\"ReadAction\",\"target\":[\"https:\/\/www.habitation-saint-charles.com\/es\/hotel\/\"]}]},{\"@type\":\"BreadcrumbList\",\"@id\":\"https:\/\/www.habitation-saint-charles.com\/es\/hotel\/#breadcrumb\",\"itemListElement\":[{\"@type\":\"ListItem\",\"position\":1,\"name\":\"Home\",\"item\":\"https:\/\/www.habitation-saint-charles.com\/es\/\"},{\"@type\":\"ListItem\",\"position\":2,\"name\":\"Bienvenido al coraz\u00f3n de Guadalupe\"}]},{\"@type\":\"WebSite\",\"@id\":\"https:\/\/www.habitation-saint-charles.com\/es\/#website\",\"url\":\"https:\/\/www.habitation-saint-charles.com\/es\/\",\"name\":\"Habitation Saint Charles\",\"description\":\"\",\"publisher\":{\"@id\":\"https:\/\/www.habitation-saint-charles.com\/es\/#organization\"},\"potentialAction\":[{\"@type\":\"SearchAction\",\"target\":{\"@type\":\"EntryPoint\",\"urlTemplate\":\"https:\/\/www.habitation-saint-charles.com\/es\/?s={search_term_string}\"},\"query-input\":{\"@type\":\"PropertyValueSpecification\",\"valueRequired\":true,\"valueName\":\"search_term_string\"}}],\"inLanguage\":\"es\"},{\"@type\":\"Organization\",\"@id\":\"https:\/\/www.habitation-saint-charles.com\/es\/#organization\",\"name\":\"Habitation Saint Charles\",\"url\":\"https:\/\/www.habitation-saint-charles.com\/es\/\",\"logo\":{\"@type\":\"ImageObject\",\"inLanguage\":\"es\",\"@id\":\"https:\/\/www.habitation-saint-charles.com\/es\/#\/schema\/logo\/image\/\",\"url\":\"https:\/\/www.habitation-saint-charles.com\/wp-content\/uploads\/sites\/164\/2020\/08\/Logo-Habitation-Saint-Charles-2.png\",\"contentUrl\":\"https:\/\/www.habitation-saint-charles.com\/wp-content\/uploads\/sites\/164\/2020\/08\/Logo-Habitation-Saint-Charles-2.png\",\"width\":799,\"height\":609,\"caption\":\"Habitation Saint Charles\"},\"image\":{\"@id\":\"https:\/\/www.habitation-saint-charles.com\/es\/#\/schema\/logo\/image\/\"}}]}<\/script>\n<!-- \/ Yoast SEO plugin. -->","yoast_head_json":{"title":"4-estrellas Hotel en las Antillas Francesas | Habitation Saint-Charles","description":"Ya sea por vacaciones o negocios,nuestro equipo de profesionales satisfacer\u00e1n sus necesidades paragarantizarle una excelente e inolvidable estancia con nosotros.","robots":{"index":"index","follow":"follow","max-snippet":"max-snippet:-1","max-image-preview":"max-image-preview:large","max-video-preview":"max-video-preview:-1"},"canonical":"https:\/\/www.habitation-saint-charles.com\/es\/hotel\/","og_locale":"es_ES","og_type":"article","og_title":"4-estrellas Hotel en las Antillas Francesas | Habitation Saint-Charles","og_description":"Ya sea por vacaciones o negocios,nuestro equipo de profesionales satisfacer\u00e1n sus necesidades paragarantizarle una excelente e inolvidable estancia con nosotros.","og_url":"https:\/\/www.habitation-saint-charles.com\/es\/hotel\/","og_site_name":"Habitation Saint Charles","article_modified_time":"2021-07-20T12:42:21+00:00","og_image":[{"width":2017,"height":1200,"url":"https:\/\/www.habitation-saint-charles.com\/wp-content\/uploads\/sites\/164\/2023\/01\/Cohen-HABITATION-ST-CHARLES-51-2.jpg","type":"image\/jpeg"}],"twitter_card":"summary_large_image","twitter_misc":{"Tiempo de lectura":"1 minuto"},"schema":{"@context":"https:\/\/schema.org","@graph":[{"@type":"WebPage","@id":"https:\/\/www.habitation-saint-charles.com\/es\/hotel\/","url":"https:\/\/www.habitation-saint-charles.com\/es\/hotel\/","name":"4-estrellas Hotel en las Antillas Francesas | Habitation Saint-Charles","isPartOf":{"@id":"https:\/\/www.habitation-saint-charles.com\/es\/#website"},"datePublished":"2020-04-14T12:45:01+00:00","dateModified":"2021-07-20T12:42:21+00:00","description":"Ya sea por vacaciones o negocios,nuestro equipo de profesionales satisfacer\u00e1n sus necesidades paragarantizarle una excelente e inolvidable estancia con nosotros.","breadcrumb":{"@id":"https:\/\/www.habitation-saint-charles.com\/es\/hotel\/#breadcrumb"},"inLanguage":"es","potentialAction":[{"@type":"ReadAction","target":["https:\/\/www.habitation-saint-charles.com\/es\/hotel\/"]}]},{"@type":"BreadcrumbList","@id":"https:\/\/www.habitation-saint-charles.com\/es\/hotel\/#breadcrumb","itemListElement":[{"@type":"ListItem","position":1,"name":"Home","item":"https:\/\/www.habitation-saint-charles.com\/es\/"},{"@type":"ListItem","position":2,"name":"Bienvenido al coraz\u00f3n de Guadalupe"}]},{"@type":"WebSite","@id":"https:\/\/www.habitation-saint-charles.com\/es\/#website","url":"https:\/\/www.habitation-saint-charles.com\/es\/","name":"Habitation Saint Charles","description":"","publisher":{"@id":"https:\/\/www.habitation-saint-charles.com\/es\/#organization"},"potentialAction":[{"@type":"SearchAction","target":{"@type":"EntryPoint","urlTemplate":"https:\/\/www.habitation-saint-charles.com\/es\/?s={search_term_string}"},"query-input":{"@type":"PropertyValueSpecification","valueRequired":true,"valueName":"search_term_string"}}],"inLanguage":"es"},{"@type":"Organization","@id":"https:\/\/www.habitation-saint-charles.com\/es\/#organization","name":"Habitation Saint Charles","url":"https:\/\/www.habitation-saint-charles.com\/es\/","logo":{"@type":"ImageObject","inLanguage":"es","@id":"https:\/\/www.habitation-saint-charles.com\/es\/#\/schema\/logo\/image\/","url":"https:\/\/www.habitation-saint-charles.com\/wp-content\/uploads\/sites\/164\/2020\/08\/Logo-Habitation-Saint-Charles-2.png","contentUrl":"https:\/\/www.habitation-saint-charles.com\/wp-content\/uploads\/sites\/164\/2020\/08\/Logo-Habitation-Saint-Charles-2.png","width":799,"height":609,"caption":"Habitation Saint Charles"},"image":{"@id":"https:\/\/www.habitation-saint-charles.com\/es\/#\/schema\/logo\/image\/"}}]}},"acf":[],"_links":{"self":[{"href":"https:\/\/www.habitation-saint-charles.com\/es\/wp-json\/wp\/v2\/pages\/138","targetHints":{"allow":["GET"]}}],"collection":[{"href":"https:\/\/www.habitation-saint-charles.com\/es\/wp-json\/wp\/v2\/pages"}],"about":[{"href":"https:\/\/www.habitation-saint-charles.com\/es\/wp-json\/wp\/v2\/types\/page"}],"author":[{"embeddable":true,"href":"https:\/\/www.habitation-saint-charles.com\/es\/wp-json\/wp\/v2\/users\/137"}],"replies":[{"embeddable":true,"href":"https:\/\/www.habitation-saint-charles.com\/es\/wp-json\/wp\/v2\/comments?post=138"}],"version-history":[{"count":0,"href":"https:\/\/www.habitation-saint-charles.com\/es\/wp-json\/wp\/v2\/pages\/138\/revisions"}],"wp:attachment":[{"href":"https:\/\/www.habitation-saint-charles.com\/es\/wp-json\/wp\/v2\/media?parent=138"}],"curies":[{"name":"wp","href":"https:\/\/api.w.org\/{rel}","templated":true}]}}