{"id":1330,"date":"2026-02-25T13:46:25","date_gmt":"2026-02-25T13:46:25","guid":{"rendered":"https:\/\/www.habitation-saint-charles.com\/?page_id=1330"},"modified":"2026-02-25T13:46:25","modified_gmt":"2026-02-25T13:46:25","slug":"informacion-util-faq","status":"publish","type":"page","link":"https:\/\/www.habitation-saint-charles.com\/es\/informacion-util-faq\/","title":{"rendered":"Informacion util &amp; FAQ"},"content":{"rendered":"<h1 data-path-to-node=\"6\"><b data-path-to-node=\"6\" data-index-in-node=\"0\">Hotel de 4 estrellas en Guadalupe \u2013 Habitation Saint Charles en Petit-Bourg<\/b><\/h1>\n<h2 data-path-to-node=\"7\"><b data-path-to-node=\"7\" data-index-in-node=\"0\">Un hotel boutique de 4 estrellas en el coraz\u00f3n de Guadalupe<\/b><\/h2>\n<p data-path-to-node=\"7\"><b data-path-to-node=\"7\" data-index-in-node=\"60\">Habitation Saint Charles<\/b> es un hotel de 4 estrellas situado en Petit-Bourg, Guadalupe, en medio de un exuberante jard\u00edn tropical. El establecimiento es reconocido por su entorno natural excepcional y su atm\u00f3sfera tranquila, cerca de los principales lugares tur\u00edsticos de la isla. Este hotel con encanto combina elegancia criolla, confort moderno y un ambiente \u00edntimo, ideal para una estancia en pareja, en familia o con amigos.<\/p>\n<p data-path-to-node=\"8\">Gracias a su posici\u00f3n central en Basse-Terre, el hotel permite llegar f\u00e1cilmente a las playas de Grande-Terre, las cascadas, las rutas de senderismo del Parque Nacional y al aeropuerto Guadeloupe P\u00f4le Cara\u00efbes en aproximadamente 15 o 20 minutos.<\/p>\n<h3 data-path-to-node=\"9\"><b data-path-to-node=\"9\" data-index-in-node=\"0\">\u00bfD\u00f3nde se ubica Habitation Saint Charles?<\/b><\/h3>\n<p data-path-to-node=\"9\">El hotel est\u00e1 situado en Petit-Bourg, en un entorno natural y apacible. Su ubicaci\u00f3n estrat\u00e9gica permite:<\/p>\n<ul data-path-to-node=\"10\">\n<li>\n<p data-path-to-node=\"10,0,0\">Visitar f\u00e1cilmente toda la isla.<\/p>\n<\/li>\n<li>\n<p data-path-to-node=\"10,1,0\">Acceder r\u00e1pidamente a las playas.<\/p>\n<\/li>\n<li>\n<p data-path-to-node=\"10,2,0\">Descubrir los r\u00edos y cascadas de Basse-Terre.<\/p>\n<\/li>\n<li>\n<p data-path-to-node=\"10,3,0\">Llegar al aeropuerto en menos de 20 minutos. Es el punto de partida ideal para explorar Guadalupe sin necesidad de cambiar de alojamiento.<\/p>\n<\/li>\n<li>\n<h3 data-path-to-node=\"6\">Ubicaci\u00f3n Estrat\u00e9gica y Actividades<\/h3>\n<ul data-path-to-node=\"7\">\n<li>\n<p data-path-to-node=\"7,0,0\"><b data-path-to-node=\"7,0,0\" data-index-in-node=\"0\">Parque Nacional de Guadalupe<\/b> \u2013 ~5 min<\/p>\n<\/li>\n<li>\n<p data-path-to-node=\"7,1,0\"><b data-path-to-node=\"7,1,0\" data-index-in-node=\"0\">Volc\u00e1n La Soufri\u00e8re<\/b> \u2013 ~40 min \/ 49 km<\/p>\n<\/li>\n<li>\n<p data-path-to-node=\"7,2,0\"><b data-path-to-node=\"7,2,0\" data-index-in-node=\"0\">Playa de Sainte-Anne<\/b> \u2013 ~40 min<\/p>\n<\/li>\n<li>\n<p data-path-to-node=\"7,3,0\"><b data-path-to-node=\"7,3,0\" data-index-in-node=\"0\">Acuario de Guadalupe<\/b> \u2013 ~25 min<\/p>\n<\/li>\n<li>\n<p data-path-to-node=\"7,4,0\"><b data-path-to-node=\"7,4,0\" data-index-in-node=\"0\">Ferry a Les Saintes<\/b> \u2013 ~30 min (desde Trois-Rivi\u00e8res)<\/p>\n<\/li>\n<li>\n<p data-path-to-node=\"7,5,0\"><b data-path-to-node=\"7,5,0\" data-index-in-node=\"0\">Reserva Cousteau (Buceo)<\/b> \u2013 ~35 min<\/p>\n<\/li>\n<li>\n<p data-path-to-node=\"7,6,0\"><b data-path-to-node=\"7,6,0\" data-index-in-node=\"0\">Cataratas del Carbet<\/b> \u2013 ~45 min<\/p>\n<\/li>\n<\/ul>\n<\/li>\n<\/ul>\n<h3 data-path-to-node=\"11\"><b data-path-to-node=\"11\" data-index-in-node=\"0\">\u00bfQu\u00e9 tipos de alojamiento ofrece?<\/b><\/h3>\n<p data-path-to-node=\"11\">Habitation Saint Charles propone varias categor\u00edas adaptadas a diferentes perfiles de viajeros.<\/p>\n<p data-path-to-node=\"12\"><b data-path-to-node=\"12\" data-index-in-node=\"0\">Habitaciones de Hotel<\/b><\/p>\n<ul data-path-to-node=\"13\">\n<li>\n<p data-path-to-node=\"13,0,0\">Aire acondicionado<\/p>\n<\/li>\n<li>\n<p data-path-to-node=\"13,1,0\">Terraza o balc\u00f3n privado<\/p>\n<\/li>\n<li>\n<p data-path-to-node=\"13,2,0\">Wi-Fi gratuito<\/p>\n<\/li>\n<li>\n<p data-path-to-node=\"13,3,0\">Ba\u00f1o privado<\/p>\n<\/li>\n<li>\n<p data-path-to-node=\"13,4,0\">Televisi\u00f3n de pantalla plana<\/p>\n<\/li>\n<\/ul>\n<p data-path-to-node=\"14\"><b data-path-to-node=\"14\" data-index-in-node=\"0\">Bungalows Premium y Prestige<\/b><\/p>\n<ul data-path-to-node=\"15\">\n<li>\n<p data-path-to-node=\"15,0,0\">1 o 2 dormitorios<\/p>\n<\/li>\n<li>\n<p data-path-to-node=\"15,1,0\">Terraza privada<\/p>\n<\/li>\n<li>\n<p data-path-to-node=\"15,2,0\">Cocina compacta (kitchenette) equipada<\/p>\n<\/li>\n<li>\n<p data-path-to-node=\"15,3,0\">Con piscina privada (excepto el Bungalow Brillant)<\/p>\n<\/li>\n<\/ul>\n<p data-path-to-node=\"16\"><b data-path-to-node=\"16\" data-index-in-node=\"0\">Suites Reales<\/b><\/p>\n<ul data-path-to-node=\"17\">\n<li>\n<p data-path-to-node=\"17,0,0\">M\u00e1s de 85 m\u00b2 de lujo, amplios espacios, vistas a la piscina y al jard\u00edn tropical.<\/p>\n<\/li>\n<li>\n<p data-path-to-node=\"17,1,0\">Piscina privada con sistema de nado contracorriente.<\/p>\n<\/li>\n<li>\n<p data-path-to-node=\"17,2,0\">Cocina compacta equipada.<\/p>\n<\/li>\n<li>\n<p data-path-to-node=\"17,3,0\">Gran cuarto de ba\u00f1o con 2 duchas interiores, una ducha exterior y ba\u00f1era.<\/p>\n<\/li>\n<li>\n<p data-path-to-node=\"17,4,0\">Aire acondicionado y sistema de sonido Bose.<\/p>\n<\/li>\n<li>\n<p data-path-to-node=\"17,5,0\">Wi-Fi gratuito y TV de pantalla plana.<\/p>\n<\/li>\n<\/ul>\n<p data-path-to-node=\"18\"><b data-path-to-node=\"18\" data-index-in-node=\"0\">Villas con piscina privada<\/b><\/p>\n<ul data-path-to-node=\"19\">\n<li>\n<p data-path-to-node=\"19,0,0\">Gran capacidad de alojamiento.<\/p>\n<\/li>\n<li>\n<p data-path-to-node=\"19,1,0\">Piscina privada y amplio jard\u00edn tropical.<\/p>\n<\/li>\n<li>\n<p data-path-to-node=\"19,2,0\">Cocina completa equipada. El hotel ofrece la posibilidad de combinar servicios hoteleros de 4 estrellas con la intimidad de una <b data-path-to-node=\"19,2,0\" data-index-in-node=\"128\">villa privada en Guadalupe<\/b>.<\/p>\n<\/li>\n<\/ul>\n<h3 data-path-to-node=\"20\"><b data-path-to-node=\"20\" data-index-in-node=\"0\">\u00bfEl hotel dispone de spa?<\/b><\/h3>\n<p data-path-to-node=\"20\">S\u00ed. Habitation Saint Charles cuenta con un espacio de bienestar dedicado a la relajaci\u00f3n donde los clientes pueden disfrutar de:<\/p>\n<ul data-path-to-node=\"21\">\n<li>\n<p data-path-to-node=\"21,0,0\">Masajes y tratamientos relajantes.<\/p>\n<\/li>\n<li>\n<p data-path-to-node=\"21,1,0\">Un entorno vegetal relajante.<\/p>\n<\/li>\n<li>\n<p data-path-to-node=\"21,2,0\">Piscina exterior con cascada.<\/p>\n<\/li>\n<li>\n<p data-path-to-node=\"21,3,0\">Circuito de salud al aire libre. Este <b data-path-to-node=\"21,3,0\" data-index-in-node=\"38\">hotel spa en Guadalupe<\/b> es especialmente valorado por su atm\u00f3sfera calma y renovadora.<\/p>\n<\/li>\n<\/ul>\n<h3 data-path-to-node=\"22\"><b data-path-to-node=\"22\" data-index-in-node=\"0\">Restaurante y experiencia culinaria<\/b><\/h3>\n<p data-path-to-node=\"22\">El establecimiento ofrece un <b data-path-to-node=\"22\" data-index-in-node=\"65\">restaurante<\/b> propio que destaca la cocina criolla renovada, elaborada con productos locales. Un <b data-path-to-node=\"22\" data-index-in-node=\"160\">Bar &amp; Rhumerie<\/b> completa la experiencia con una selecci\u00f3n de rones antillanos y c\u00f3cteles en un ambiente elegante y relajado. El desayuno se sirve cada ma\u00f1ana.<\/p>\n<p data-path-to-node=\"23\"><b data-path-to-node=\"23\" data-index-in-node=\"0\">\u00bfA qui\u00e9n se dirige este hotel?<\/b><\/p>\n<p data-path-to-node=\"23\">Habitation Saint Charles es ideal para:<\/p>\n<ul data-path-to-node=\"24\">\n<li>\n<p data-path-to-node=\"24,0,0\">Parejas en escapada rom\u00e1ntica o luna de miel.<\/p>\n<\/li>\n<li>\n<p data-path-to-node=\"24,1,0\">Familias que buscan espacio y tranquilidad.<\/p>\n<\/li>\n<li>\n<p data-path-to-node=\"24,2,0\">Viajeros que desean una estancia de bienestar en Guadalupe.<\/p>\n<\/li>\n<li>\n<p data-path-to-node=\"24,3,0\">Grupos o eventos privados.<\/p>\n<\/li>\n<li>\n<p data-path-to-node=\"24,4,0\">Viajeros con mascotas (seg\u00fan condiciones y disponibilidad).<\/p>\n<\/li>\n<\/ul>\n<h3 data-path-to-node=\"25\"><b data-path-to-node=\"25\" data-index-in-node=\"0\">Resumen<\/b><\/h3>\n<p data-path-to-node=\"25\">Habitation Saint Charles es un hotel de 4 estrellas en Petit-Bourg, Guadalupe. Ofrece habitaciones, bungalows, suites y villas con piscina privada en un entorno tropical. Cuenta con restaurante, spa y piscina exterior. Su ubicaci\u00f3n central facilita la exploraci\u00f3n de la isla. Ideal para parejas, familias y grupos.<\/p>\n","protected":false},"excerpt":{"rendered":"<p>Hotel de 4 estrellas en Guadalupe \u2013 Habitation Saint Charles en Petit-Bourg Un hotel boutique de 4 estrellas en el coraz\u00f3n de Guadalupe Habitation Saint Charles es un hotel de 4 estrellas situado en Petit-Bourg, Guadalupe, en medio de un exuberante jard\u00edn tropical. El establecimiento es reconocido por su entorno natural excepcional y su atm\u00f3sfera [&hellip;]<\/p>\n","protected":false},"author":336,"featured_media":0,"parent":0,"menu_order":0,"comment_status":"closed","ping_status":"closed","template":"","meta":{"footnotes":""},"class_list":["post-1330","page","type-page","status-publish","hentry"],"yoast_head":"<!-- This site is optimized with the Yoast SEO plugin v26.9 - https:\/\/yoast.com\/product\/yoast-seo-wordpress\/ -->\n<title>Informacion util &amp; FAQ - Habitation Saint Charles<\/title>\n<meta name=\"robots\" content=\"index, follow, max-snippet:-1, max-image-preview:large, max-video-preview:-1\" \/>\n<link rel=\"canonical\" href=\"https:\/\/www.habitation-saint-charles.com\/es\/informacion-util-faq\/\" \/>\n<meta property=\"og:locale\" content=\"es_ES\" \/>\n<meta property=\"og:type\" content=\"article\" \/>\n<meta property=\"og:title\" content=\"Informacion util &amp; FAQ - Habitation Saint Charles\" \/>\n<meta property=\"og:description\" content=\"Hotel de 4 estrellas en Guadalupe \u2013 Habitation Saint Charles en Petit-Bourg Un hotel boutique de 4 estrellas en el coraz\u00f3n de Guadalupe Habitation Saint Charles es un hotel de 4 estrellas situado en Petit-Bourg, Guadalupe, en medio de un exuberante jard\u00edn tropical. El establecimiento es reconocido por su entorno natural excepcional y su atm\u00f3sfera [&hellip;]\" \/>\n<meta property=\"og:url\" content=\"https:\/\/www.habitation-saint-charles.com\/es\/informacion-util-faq\/\" \/>\n<meta property=\"og:site_name\" content=\"Habitation Saint Charles\" \/>\n<meta property=\"og:image\" content=\"https:\/\/www.habitation-saint-charles.com\/wp-content\/uploads\/sites\/164\/2023\/01\/Cohen-HABITATION-ST-CHARLES-51-2.jpg\" \/>\n\t<meta property=\"og:image:width\" content=\"2017\" \/>\n\t<meta property=\"og:image:height\" content=\"1200\" \/>\n\t<meta property=\"og:image:type\" content=\"image\/jpeg\" \/>\n<meta name=\"twitter:card\" content=\"summary_large_image\" \/>\n<meta name=\"twitter:label1\" content=\"Tiempo de lectura\" \/>\n\t<meta name=\"twitter:data1\" content=\"3 minutos\" \/>\n<script type=\"application\/ld+json\" class=\"yoast-schema-graph\">{\"@context\":\"https:\/\/schema.org\",\"@graph\":[{\"@type\":\"WebPage\",\"@id\":\"https:\/\/www.habitation-saint-charles.com\/es\/informacion-util-faq\/\",\"url\":\"https:\/\/www.habitation-saint-charles.com\/es\/informacion-util-faq\/\",\"name\":\"Informacion util &amp; FAQ - Habitation Saint Charles\",\"isPartOf\":{\"@id\":\"https:\/\/www.habitation-saint-charles.com\/es\/#website\"},\"datePublished\":\"2026-02-25T13:46:25+00:00\",\"breadcrumb\":{\"@id\":\"https:\/\/www.habitation-saint-charles.com\/es\/informacion-util-faq\/#breadcrumb\"},\"inLanguage\":\"es\",\"potentialAction\":[{\"@type\":\"ReadAction\",\"target\":[\"https:\/\/www.habitation-saint-charles.com\/es\/informacion-util-faq\/\"]}]},{\"@type\":\"BreadcrumbList\",\"@id\":\"https:\/\/www.habitation-saint-charles.com\/es\/informacion-util-faq\/#breadcrumb\",\"itemListElement\":[{\"@type\":\"ListItem\",\"position\":1,\"name\":\"Home\",\"item\":\"https:\/\/www.habitation-saint-charles.com\/es\/\"},{\"@type\":\"ListItem\",\"position\":2,\"name\":\"Informacion util &amp; FAQ\"}]},{\"@type\":\"WebSite\",\"@id\":\"https:\/\/www.habitation-saint-charles.com\/es\/#website\",\"url\":\"https:\/\/www.habitation-saint-charles.com\/es\/\",\"name\":\"Habitation Saint Charles\",\"description\":\"\",\"publisher\":{\"@id\":\"https:\/\/www.habitation-saint-charles.com\/es\/#organization\"},\"potentialAction\":[{\"@type\":\"SearchAction\",\"target\":{\"@type\":\"EntryPoint\",\"urlTemplate\":\"https:\/\/www.habitation-saint-charles.com\/es\/?s={search_term_string}\"},\"query-input\":{\"@type\":\"PropertyValueSpecification\",\"valueRequired\":true,\"valueName\":\"search_term_string\"}}],\"inLanguage\":\"es\"},{\"@type\":\"Organization\",\"@id\":\"https:\/\/www.habitation-saint-charles.com\/es\/#organization\",\"name\":\"Habitation Saint Charles\",\"url\":\"https:\/\/www.habitation-saint-charles.com\/es\/\",\"logo\":{\"@type\":\"ImageObject\",\"inLanguage\":\"es\",\"@id\":\"https:\/\/www.habitation-saint-charles.com\/es\/#\/schema\/logo\/image\/\",\"url\":\"https:\/\/www.habitation-saint-charles.com\/wp-content\/uploads\/sites\/164\/2020\/08\/Logo-Habitation-Saint-Charles-2.png\",\"contentUrl\":\"https:\/\/www.habitation-saint-charles.com\/wp-content\/uploads\/sites\/164\/2020\/08\/Logo-Habitation-Saint-Charles-2.png\",\"width\":799,\"height\":609,\"caption\":\"Habitation Saint Charles\"},\"image\":{\"@id\":\"https:\/\/www.habitation-saint-charles.com\/es\/#\/schema\/logo\/image\/\"}}]}<\/script>\n<!-- \/ Yoast SEO plugin. -->","yoast_head_json":{"title":"Informacion util &amp; FAQ - Habitation Saint Charles","robots":{"index":"index","follow":"follow","max-snippet":"max-snippet:-1","max-image-preview":"max-image-preview:large","max-video-preview":"max-video-preview:-1"},"canonical":"https:\/\/www.habitation-saint-charles.com\/es\/informacion-util-faq\/","og_locale":"es_ES","og_type":"article","og_title":"Informacion util &amp; FAQ - Habitation Saint Charles","og_description":"Hotel de 4 estrellas en Guadalupe \u2013 Habitation Saint Charles en Petit-Bourg Un hotel boutique de 4 estrellas en el coraz\u00f3n de Guadalupe Habitation Saint Charles es un hotel de 4 estrellas situado en Petit-Bourg, Guadalupe, en medio de un exuberante jard\u00edn tropical. El establecimiento es reconocido por su entorno natural excepcional y su atm\u00f3sfera [&hellip;]","og_url":"https:\/\/www.habitation-saint-charles.com\/es\/informacion-util-faq\/","og_site_name":"Habitation Saint Charles","og_image":[{"width":2017,"height":1200,"url":"https:\/\/www.habitation-saint-charles.com\/wp-content\/uploads\/sites\/164\/2023\/01\/Cohen-HABITATION-ST-CHARLES-51-2.jpg","type":"image\/jpeg"}],"twitter_card":"summary_large_image","twitter_misc":{"Tiempo de lectura":"3 minutos"},"schema":{"@context":"https:\/\/schema.org","@graph":[{"@type":"WebPage","@id":"https:\/\/www.habitation-saint-charles.com\/es\/informacion-util-faq\/","url":"https:\/\/www.habitation-saint-charles.com\/es\/informacion-util-faq\/","name":"Informacion util &amp; FAQ - Habitation Saint Charles","isPartOf":{"@id":"https:\/\/www.habitation-saint-charles.com\/es\/#website"},"datePublished":"2026-02-25T13:46:25+00:00","breadcrumb":{"@id":"https:\/\/www.habitation-saint-charles.com\/es\/informacion-util-faq\/#breadcrumb"},"inLanguage":"es","potentialAction":[{"@type":"ReadAction","target":["https:\/\/www.habitation-saint-charles.com\/es\/informacion-util-faq\/"]}]},{"@type":"BreadcrumbList","@id":"https:\/\/www.habitation-saint-charles.com\/es\/informacion-util-faq\/#breadcrumb","itemListElement":[{"@type":"ListItem","position":1,"name":"Home","item":"https:\/\/www.habitation-saint-charles.com\/es\/"},{"@type":"ListItem","position":2,"name":"Informacion util &amp; FAQ"}]},{"@type":"WebSite","@id":"https:\/\/www.habitation-saint-charles.com\/es\/#website","url":"https:\/\/www.habitation-saint-charles.com\/es\/","name":"Habitation Saint Charles","description":"","publisher":{"@id":"https:\/\/www.habitation-saint-charles.com\/es\/#organization"},"potentialAction":[{"@type":"SearchAction","target":{"@type":"EntryPoint","urlTemplate":"https:\/\/www.habitation-saint-charles.com\/es\/?s={search_term_string}"},"query-input":{"@type":"PropertyValueSpecification","valueRequired":true,"valueName":"search_term_string"}}],"inLanguage":"es"},{"@type":"Organization","@id":"https:\/\/www.habitation-saint-charles.com\/es\/#organization","name":"Habitation Saint Charles","url":"https:\/\/www.habitation-saint-charles.com\/es\/","logo":{"@type":"ImageObject","inLanguage":"es","@id":"https:\/\/www.habitation-saint-charles.com\/es\/#\/schema\/logo\/image\/","url":"https:\/\/www.habitation-saint-charles.com\/wp-content\/uploads\/sites\/164\/2020\/08\/Logo-Habitation-Saint-Charles-2.png","contentUrl":"https:\/\/www.habitation-saint-charles.com\/wp-content\/uploads\/sites\/164\/2020\/08\/Logo-Habitation-Saint-Charles-2.png","width":799,"height":609,"caption":"Habitation Saint Charles"},"image":{"@id":"https:\/\/www.habitation-saint-charles.com\/es\/#\/schema\/logo\/image\/"}}]}},"acf":[],"_links":{"self":[{"href":"https:\/\/www.habitation-saint-charles.com\/es\/wp-json\/wp\/v2\/pages\/1330","targetHints":{"allow":["GET"]}}],"collection":[{"href":"https:\/\/www.habitation-saint-charles.com\/es\/wp-json\/wp\/v2\/pages"}],"about":[{"href":"https:\/\/www.habitation-saint-charles.com\/es\/wp-json\/wp\/v2\/types\/page"}],"author":[{"embeddable":true,"href":"https:\/\/www.habitation-saint-charles.com\/es\/wp-json\/wp\/v2\/users\/336"}],"replies":[{"embeddable":true,"href":"https:\/\/www.habitation-saint-charles.com\/es\/wp-json\/wp\/v2\/comments?post=1330"}],"version-history":[{"count":0,"href":"https:\/\/www.habitation-saint-charles.com\/es\/wp-json\/wp\/v2\/pages\/1330\/revisions"}],"wp:attachment":[{"href":"https:\/\/www.habitation-saint-charles.com\/es\/wp-json\/wp\/v2\/media?parent=1330"}],"curies":[{"name":"wp","href":"https:\/\/api.w.org\/{rel}","templated":true}]}}