{"id":128,"date":"2020-04-14T09:50:41","date_gmt":"2020-04-14T09:50:41","guid":{"rendered":"http:\/\/habitation-saint-charles.ms.decms.eu\/habitation-saint-charles\/"},"modified":"2022-02-20T11:12:52","modified_gmt":"2022-02-20T11:12:52","slug":"habitation-saint-charles","status":"publish","type":"page","link":"https:\/\/www.habitation-saint-charles.com\/es\/","title":{"rendered":"Habitation Saint Charles"},"content":{"rendered":"<p style=\"text-align: center\">Situado en el coraz\u00f3n de Guadalupe rodeado de una naturaleza extraordinaria y exuberante, nuestro Hotel-Boutique de 4 estrellas le seducir\u00e1 por la belleza del lugar, su calma, la calidad de sus servicios, su refinada cocina Cr\u00e9ole y sus c\u00f3cteles tan variados como generosos.<\/p>\n<p style=\"text-align: center\">Empapada de una rica historia, de una elegancia atemporal y un lujo discreto, la Habitation Saint-Charles le ofrece Bungalows con Spa, Villas con piscina privada o habitaciones de hotel de estilo caribe\u00f1o para un cambio de escenario y una escapada gourmet en un entorno ex\u00f3tic<\/p>\n","protected":false},"excerpt":{"rendered":"<p>Situado en el coraz\u00f3n de Guadalupe rodeado de una naturaleza extraordinaria y exuberante, nuestro Hotel-Boutique de 4 estrellas le seducir\u00e1 por la belleza del lugar, su calma, la calidad de sus servicios, su refinada cocina Cr\u00e9ole y sus c\u00f3cteles tan variados como generosos. Empapada de una rica historia, de una elegancia atemporal y un lujo [&hellip;]<\/p>\n","protected":false},"author":137,"featured_media":0,"parent":0,"menu_order":0,"comment_status":"closed","ping_status":"closed","template":"","meta":{"footnotes":""},"class_list":["post-128","page","type-page","status-publish","hentry"],"yoast_head":"<!-- This site is optimized with the Yoast SEO plugin v26.9 - https:\/\/yoast.com\/product\/yoast-seo-wordpress\/ -->\n<title>Habitation Saint-Charles | 4-estrellas Hotel Restaurante y SPA en Guadalupe<\/title>\n<meta name=\"description\" content=\"Descubra nuestro Hotel-Boutique de 4 estrellas situado en el coraz\u00f3n del exuberante y expectacular paisaje caribe\u00f1o. Le encantar\u00e1 la belleza del lugar, la calma, los servicios de calidad, nuestra nueva visi\u00f3n de la cocina Cr\u00e9ole en nuestro Restaurante el &quot;Amiral&quot;, el destacado SPA el &quot;Aliz\u00e9&quot; y nuestros c\u00f3cteles tan variados como generosos.\" \/>\n<meta name=\"robots\" content=\"index, follow, max-snippet:-1, max-image-preview:large, max-video-preview:-1\" \/>\n<link rel=\"canonical\" href=\"https:\/\/www.habitation-saint-charles.com\/es\/\" \/>\n<meta property=\"og:locale\" content=\"es_ES\" \/>\n<meta property=\"og:type\" content=\"article\" \/>\n<meta property=\"og:title\" content=\"Habitation Saint-Charles | 4-estrellas Hotel Restaurante y SPA en Guadalupe\" \/>\n<meta property=\"og:description\" content=\"Descubra nuestro Hotel-Boutique de 4 estrellas situado en el coraz\u00f3n del exuberante y expectacular paisaje caribe\u00f1o. Le encantar\u00e1 la belleza del lugar, la calma, los servicios de calidad, nuestra nueva visi\u00f3n de la cocina Cr\u00e9ole en nuestro Restaurante el &quot;Amiral&quot;, el destacado SPA el &quot;Aliz\u00e9&quot; y nuestros c\u00f3cteles tan variados como generosos.\" \/>\n<meta property=\"og:url\" content=\"https:\/\/www.habitation-saint-charles.com\/es\/\" \/>\n<meta property=\"og:site_name\" content=\"Habitation Saint Charles\" \/>\n<meta property=\"article:modified_time\" content=\"2022-02-20T11:12:52+00:00\" \/>\n<meta property=\"og:image\" content=\"https:\/\/www.habitation-saint-charles.com\/wp-content\/uploads\/sites\/164\/2023\/01\/Cohen-HABITATION-ST-CHARLES-51-2.jpg\" \/>\n\t<meta property=\"og:image:width\" content=\"2017\" \/>\n\t<meta property=\"og:image:height\" content=\"1200\" \/>\n\t<meta property=\"og:image:type\" content=\"image\/jpeg\" \/>\n<meta name=\"twitter:card\" content=\"summary_large_image\" \/>\n<script type=\"application\/ld+json\" class=\"yoast-schema-graph\">{\"@context\":\"https:\/\/schema.org\",\"@graph\":[{\"@type\":\"WebPage\",\"@id\":\"https:\/\/www.habitation-saint-charles.com\/es\/\",\"url\":\"https:\/\/www.habitation-saint-charles.com\/es\/\",\"name\":\"Habitation Saint-Charles | 4-estrellas Hotel Restaurante y SPA en Guadalupe\",\"isPartOf\":{\"@id\":\"https:\/\/www.habitation-saint-charles.com\/es\/#website\"},\"datePublished\":\"2020-04-14T09:50:41+00:00\",\"dateModified\":\"2022-02-20T11:12:52+00:00\",\"description\":\"Descubra nuestro Hotel-Boutique de 4 estrellas situado en el coraz\u00f3n del exuberante y expectacular paisaje caribe\u00f1o. Le encantar\u00e1 la belleza del lugar, la calma, los servicios de calidad, nuestra nueva visi\u00f3n de la cocina Cr\u00e9ole en nuestro Restaurante el \\\"Amiral\\\", el destacado SPA el \\\"Aliz\u00e9\\\" y nuestros c\u00f3cteles tan variados como generosos.\",\"breadcrumb\":{\"@id\":\"https:\/\/www.habitation-saint-charles.com\/es\/#breadcrumb\"},\"inLanguage\":\"es\",\"potentialAction\":[{\"@type\":\"ReadAction\",\"target\":[\"https:\/\/www.habitation-saint-charles.com\/es\/\"]}]},{\"@type\":\"BreadcrumbList\",\"@id\":\"https:\/\/www.habitation-saint-charles.com\/es\/#breadcrumb\",\"itemListElement\":[{\"@type\":\"ListItem\",\"position\":1,\"name\":\"Home\",\"item\":\"https:\/\/www.habitation-saint-charles.com\/es\/\"},{\"@type\":\"ListItem\",\"position\":2,\"name\":\"Habitation Saint Charles\"}]},{\"@type\":\"WebSite\",\"@id\":\"https:\/\/www.habitation-saint-charles.com\/es\/#website\",\"url\":\"https:\/\/www.habitation-saint-charles.com\/es\/\",\"name\":\"Habitation Saint Charles\",\"description\":\"\",\"publisher\":{\"@id\":\"https:\/\/www.habitation-saint-charles.com\/es\/#organization\"},\"potentialAction\":[{\"@type\":\"SearchAction\",\"target\":{\"@type\":\"EntryPoint\",\"urlTemplate\":\"https:\/\/www.habitation-saint-charles.com\/es\/?s={search_term_string}\"},\"query-input\":{\"@type\":\"PropertyValueSpecification\",\"valueRequired\":true,\"valueName\":\"search_term_string\"}}],\"inLanguage\":\"es\"},{\"@type\":\"Organization\",\"@id\":\"https:\/\/www.habitation-saint-charles.com\/es\/#organization\",\"name\":\"Habitation Saint Charles\",\"url\":\"https:\/\/www.habitation-saint-charles.com\/es\/\",\"logo\":{\"@type\":\"ImageObject\",\"inLanguage\":\"es\",\"@id\":\"https:\/\/www.habitation-saint-charles.com\/es\/#\/schema\/logo\/image\/\",\"url\":\"https:\/\/www.habitation-saint-charles.com\/wp-content\/uploads\/sites\/164\/2020\/08\/Logo-Habitation-Saint-Charles-2.png\",\"contentUrl\":\"https:\/\/www.habitation-saint-charles.com\/wp-content\/uploads\/sites\/164\/2020\/08\/Logo-Habitation-Saint-Charles-2.png\",\"width\":799,\"height\":609,\"caption\":\"Habitation Saint Charles\"},\"image\":{\"@id\":\"https:\/\/www.habitation-saint-charles.com\/es\/#\/schema\/logo\/image\/\"}}]}<\/script>\n<!-- \/ Yoast SEO plugin. -->","yoast_head_json":{"title":"Habitation Saint-Charles | 4-estrellas Hotel Restaurante y SPA en Guadalupe","description":"Descubra nuestro Hotel-Boutique de 4 estrellas situado en el coraz\u00f3n del exuberante y expectacular paisaje caribe\u00f1o. Le encantar\u00e1 la belleza del lugar, la calma, los servicios de calidad, nuestra nueva visi\u00f3n de la cocina Cr\u00e9ole en nuestro Restaurante el \"Amiral\", el destacado SPA el \"Aliz\u00e9\" y nuestros c\u00f3cteles tan variados como generosos.","robots":{"index":"index","follow":"follow","max-snippet":"max-snippet:-1","max-image-preview":"max-image-preview:large","max-video-preview":"max-video-preview:-1"},"canonical":"https:\/\/www.habitation-saint-charles.com\/es\/","og_locale":"es_ES","og_type":"article","og_title":"Habitation Saint-Charles | 4-estrellas Hotel Restaurante y SPA en Guadalupe","og_description":"Descubra nuestro Hotel-Boutique de 4 estrellas situado en el coraz\u00f3n del exuberante y expectacular paisaje caribe\u00f1o. Le encantar\u00e1 la belleza del lugar, la calma, los servicios de calidad, nuestra nueva visi\u00f3n de la cocina Cr\u00e9ole en nuestro Restaurante el \"Amiral\", el destacado SPA el \"Aliz\u00e9\" y nuestros c\u00f3cteles tan variados como generosos.","og_url":"https:\/\/www.habitation-saint-charles.com\/es\/","og_site_name":"Habitation Saint Charles","article_modified_time":"2022-02-20T11:12:52+00:00","og_image":[{"width":2017,"height":1200,"url":"https:\/\/www.habitation-saint-charles.com\/wp-content\/uploads\/sites\/164\/2023\/01\/Cohen-HABITATION-ST-CHARLES-51-2.jpg","type":"image\/jpeg"}],"twitter_card":"summary_large_image","schema":{"@context":"https:\/\/schema.org","@graph":[{"@type":"WebPage","@id":"https:\/\/www.habitation-saint-charles.com\/es\/","url":"https:\/\/www.habitation-saint-charles.com\/es\/","name":"Habitation Saint-Charles | 4-estrellas Hotel Restaurante y SPA en Guadalupe","isPartOf":{"@id":"https:\/\/www.habitation-saint-charles.com\/es\/#website"},"datePublished":"2020-04-14T09:50:41+00:00","dateModified":"2022-02-20T11:12:52+00:00","description":"Descubra nuestro Hotel-Boutique de 4 estrellas situado en el coraz\u00f3n del exuberante y expectacular paisaje caribe\u00f1o. Le encantar\u00e1 la belleza del lugar, la calma, los servicios de calidad, nuestra nueva visi\u00f3n de la cocina Cr\u00e9ole en nuestro Restaurante el \"Amiral\", el destacado SPA el \"Aliz\u00e9\" y nuestros c\u00f3cteles tan variados como generosos.","breadcrumb":{"@id":"https:\/\/www.habitation-saint-charles.com\/es\/#breadcrumb"},"inLanguage":"es","potentialAction":[{"@type":"ReadAction","target":["https:\/\/www.habitation-saint-charles.com\/es\/"]}]},{"@type":"BreadcrumbList","@id":"https:\/\/www.habitation-saint-charles.com\/es\/#breadcrumb","itemListElement":[{"@type":"ListItem","position":1,"name":"Home","item":"https:\/\/www.habitation-saint-charles.com\/es\/"},{"@type":"ListItem","position":2,"name":"Habitation Saint Charles"}]},{"@type":"WebSite","@id":"https:\/\/www.habitation-saint-charles.com\/es\/#website","url":"https:\/\/www.habitation-saint-charles.com\/es\/","name":"Habitation Saint Charles","description":"","publisher":{"@id":"https:\/\/www.habitation-saint-charles.com\/es\/#organization"},"potentialAction":[{"@type":"SearchAction","target":{"@type":"EntryPoint","urlTemplate":"https:\/\/www.habitation-saint-charles.com\/es\/?s={search_term_string}"},"query-input":{"@type":"PropertyValueSpecification","valueRequired":true,"valueName":"search_term_string"}}],"inLanguage":"es"},{"@type":"Organization","@id":"https:\/\/www.habitation-saint-charles.com\/es\/#organization","name":"Habitation Saint Charles","url":"https:\/\/www.habitation-saint-charles.com\/es\/","logo":{"@type":"ImageObject","inLanguage":"es","@id":"https:\/\/www.habitation-saint-charles.com\/es\/#\/schema\/logo\/image\/","url":"https:\/\/www.habitation-saint-charles.com\/wp-content\/uploads\/sites\/164\/2020\/08\/Logo-Habitation-Saint-Charles-2.png","contentUrl":"https:\/\/www.habitation-saint-charles.com\/wp-content\/uploads\/sites\/164\/2020\/08\/Logo-Habitation-Saint-Charles-2.png","width":799,"height":609,"caption":"Habitation Saint Charles"},"image":{"@id":"https:\/\/www.habitation-saint-charles.com\/es\/#\/schema\/logo\/image\/"}}]}},"acf":[],"_links":{"self":[{"href":"https:\/\/www.habitation-saint-charles.com\/es\/wp-json\/wp\/v2\/pages\/128","targetHints":{"allow":["GET"]}}],"collection":[{"href":"https:\/\/www.habitation-saint-charles.com\/es\/wp-json\/wp\/v2\/pages"}],"about":[{"href":"https:\/\/www.habitation-saint-charles.com\/es\/wp-json\/wp\/v2\/types\/page"}],"author":[{"embeddable":true,"href":"https:\/\/www.habitation-saint-charles.com\/es\/wp-json\/wp\/v2\/users\/137"}],"replies":[{"embeddable":true,"href":"https:\/\/www.habitation-saint-charles.com\/es\/wp-json\/wp\/v2\/comments?post=128"}],"version-history":[{"count":0,"href":"https:\/\/www.habitation-saint-charles.com\/es\/wp-json\/wp\/v2\/pages\/128\/revisions"}],"wp:attachment":[{"href":"https:\/\/www.habitation-saint-charles.com\/es\/wp-json\/wp\/v2\/media?parent=128"}],"curies":[{"name":"wp","href":"https:\/\/api.w.org\/{rel}","templated":true}]}}