{"id":517,"date":"2021-07-20T09:28:29","date_gmt":"2021-07-20T09:28:29","guid":{"rendered":"https:\/\/habitation-saint-charles.ms.decms.eu\/services\/parcours-sportif\/"},"modified":"2026-01-07T00:07:20","modified_gmt":"2026-01-07T00:07:20","slug":"fitness-trail-outdoor-wellness","status":"publish","type":"page","link":"https:\/\/www.habitation-saint-charles.com\/en\/services\/fitness-trail-outdoor-wellness\/","title":{"rendered":"Fitness trail"},"content":{"rendered":"<p data-path-to-node=\"3\"><b data-path-to-node=\"3\" data-index-in-node=\"0\">Fitness Trail &amp; Outdoor Wellness<\/b><\/p>\n<p data-path-to-node=\"4\">Much more than just a place to relax, <a href=\"https:\/\/www.habitation-saint-charles.com\/en\/boutique-hotel-guadeloupe-spa\/\">Habitation Saint Charles<\/a> invites you to recharge through physical activity on our exceptional <b data-path-to-node=\"4\" data-index-in-node=\"132\">fitness trail<\/b>. Designed for <b data-path-to-node=\"4\" data-index-in-node=\"160\">outdoor training<\/b> and escape, our <b data-path-to-node=\"4\" data-index-in-node=\"193\">fitness trail in <a href=\"https:\/\/en.wikipedia.org\/wiki\/Guadeloupe\">Guadeloupe<\/a><\/b> stretches through the heart of a magnificent <b data-path-to-node=\"4\" data-index-in-node=\"266\">tropical garden<\/b>. Whether you enjoy <b data-path-to-node=\"4\" data-index-in-node=\"301\">jogging<\/b>, wish to complete an <b data-path-to-node=\"4\" data-index-in-node=\"330\">outdoor fitness<\/b> session on our dedicated equipment, or prefer a <b data-path-to-node=\"4\" data-index-in-node=\"394\">beach volleyball<\/b> match under the sun, you will find the perfect setting here for your physical <b data-path-to-node=\"4\" data-index-in-node=\"489\">well-being<\/b>.<\/p>\n<p data-path-to-node=\"5\">This fitness trail is accessible to everyone within the magnificent park of our hotel, featuring cardio-training and fitness equipment in a natural decor. Enjoy a beach volleyball match, a morning run, or a peaceful stroll along a small stream, surrounded by a lush green landscape of tall trees, palms, bamboo, and wild tropical flowers.<\/p>\n","protected":false},"excerpt":{"rendered":"<p>Fitness Trail &amp; Outdoor Wellness Much more than just a place to relax, Habitation Saint Charles invites you to recharge through physical activity on our exceptional fitness trail. Designed for outdoor training and escape, our fitness trail in Guadeloupe stretches through the heart of a magnificent tropical garden. Whether you enjoy jogging, wish to complete [&hellip;]<\/p>\n","protected":false},"author":8,"featured_media":1225,"parent":163,"menu_order":190,"comment_status":"closed","ping_status":"closed","template":"","meta":{"footnotes":""},"class_list":["post-517","page","type-page","status-publish","has-post-thumbnail","hentry"],"yoast_head":"<!-- This site is optimized with the Yoast SEO plugin v26.9 - https:\/\/yoast.com\/product\/yoast-seo-wordpress\/ -->\n<title>`Fitness Trail &amp; Outdoor Wellness I Habitation Saint CHarles<\/title>\n<meta name=\"description\" content=\"Stay active at Habitation Saint Charles with our outdoor fitness trail in Guadeloupe. Cardio equipment, beach volleyball, and jogging paths in a lush tropical garden.\" \/>\n<meta name=\"robots\" content=\"index, follow, max-snippet:-1, max-image-preview:large, max-video-preview:-1\" \/>\n<link rel=\"canonical\" href=\"https:\/\/www.habitation-saint-charles.com\/en\/services\/fitness-trail-outdoor-wellness\/\" \/>\n<meta property=\"og:locale\" content=\"en_US\" \/>\n<meta property=\"og:type\" content=\"article\" \/>\n<meta property=\"og:title\" content=\"`Fitness Trail &amp; Outdoor Wellness I Habitation Saint CHarles\" \/>\n<meta property=\"og:description\" content=\"Stay active at Habitation Saint Charles with our outdoor fitness trail in Guadeloupe. Cardio equipment, beach volleyball, and jogging paths in a lush tropical garden.\" \/>\n<meta property=\"og:url\" content=\"https:\/\/www.habitation-saint-charles.com\/en\/services\/fitness-trail-outdoor-wellness\/\" \/>\n<meta property=\"og:site_name\" content=\"Habitation Saint Charles\" \/>\n<meta property=\"article:modified_time\" content=\"2026-01-07T00:07:20+00:00\" \/>\n<meta property=\"og:image\" content=\"https:\/\/www.habitation-saint-charles.com\/wp-content\/uploads\/sites\/164\/2025\/11\/PARCOURS-SPORT_IMG_4202.jpg\" \/>\n\t<meta property=\"og:image:width\" content=\"1200\" \/>\n\t<meta property=\"og:image:height\" content=\"800\" \/>\n\t<meta property=\"og:image:type\" content=\"image\/jpeg\" \/>\n<meta name=\"twitter:card\" content=\"summary_large_image\" \/>\n<meta name=\"twitter:label1\" content=\"Est. reading time\" \/>\n\t<meta name=\"twitter:data1\" content=\"1 minute\" \/>\n<script type=\"application\/ld+json\" class=\"yoast-schema-graph\">{\"@context\":\"https:\/\/schema.org\",\"@graph\":[{\"@type\":\"WebPage\",\"@id\":\"https:\/\/www.habitation-saint-charles.com\/en\/services\/fitness-trail-outdoor-wellness\/\",\"url\":\"https:\/\/www.habitation-saint-charles.com\/en\/services\/fitness-trail-outdoor-wellness\/\",\"name\":\"`Fitness Trail & Outdoor Wellness I Habitation Saint CHarles\",\"isPartOf\":{\"@id\":\"https:\/\/www.habitation-saint-charles.com\/en\/#website\"},\"primaryImageOfPage\":{\"@id\":\"https:\/\/www.habitation-saint-charles.com\/en\/services\/fitness-trail-outdoor-wellness\/#primaryimage\"},\"image\":{\"@id\":\"https:\/\/www.habitation-saint-charles.com\/en\/services\/fitness-trail-outdoor-wellness\/#primaryimage\"},\"thumbnailUrl\":\"https:\/\/www.habitation-saint-charles.com\/wp-content\/uploads\/sites\/164\/2025\/11\/PARCOURS-SPORT_IMG_4202.jpg\",\"datePublished\":\"2021-07-20T09:28:29+00:00\",\"dateModified\":\"2026-01-07T00:07:20+00:00\",\"description\":\"Stay active at Habitation Saint Charles with our outdoor fitness trail in Guadeloupe. Cardio equipment, beach volleyball, and jogging paths in a lush tropical garden.\",\"breadcrumb\":{\"@id\":\"https:\/\/www.habitation-saint-charles.com\/en\/services\/fitness-trail-outdoor-wellness\/#breadcrumb\"},\"inLanguage\":\"en-US\",\"potentialAction\":[{\"@type\":\"ReadAction\",\"target\":[\"https:\/\/www.habitation-saint-charles.com\/en\/services\/fitness-trail-outdoor-wellness\/\"]}]},{\"@type\":\"ImageObject\",\"inLanguage\":\"en-US\",\"@id\":\"https:\/\/www.habitation-saint-charles.com\/en\/services\/fitness-trail-outdoor-wellness\/#primaryimage\",\"url\":\"https:\/\/www.habitation-saint-charles.com\/wp-content\/uploads\/sites\/164\/2025\/11\/PARCOURS-SPORT_IMG_4202.jpg\",\"contentUrl\":\"https:\/\/www.habitation-saint-charles.com\/wp-content\/uploads\/sites\/164\/2025\/11\/PARCOURS-SPORT_IMG_4202.jpg\",\"width\":1200,\"height\":800,\"caption\":\"Une femme utilise une machine de fitness de type v\u00e9lo elliptique en plein air, au milieu d'une pelouse verte et d'une v\u00e9g\u00e9tation tropicale. Un homme utilise un autre \u00e9quipement en arri\u00e8re-plan, soulignant les options du parcours sportif en Guadeloupe.\"},{\"@type\":\"BreadcrumbList\",\"@id\":\"https:\/\/www.habitation-saint-charles.com\/en\/services\/fitness-trail-outdoor-wellness\/#breadcrumb\",\"itemListElement\":[{\"@type\":\"ListItem\",\"position\":1,\"name\":\"Home\",\"item\":\"https:\/\/www.habitation-saint-charles.com\/en\/\"},{\"@type\":\"ListItem\",\"position\":2,\"name\":\"Services\",\"item\":\"https:\/\/www.habitation-saint-charles.com\/en\/services\/\"},{\"@type\":\"ListItem\",\"position\":3,\"name\":\"Fitness trail\"}]},{\"@type\":\"WebSite\",\"@id\":\"https:\/\/www.habitation-saint-charles.com\/en\/#website\",\"url\":\"https:\/\/www.habitation-saint-charles.com\/en\/\",\"name\":\"Habitation Saint Charles\",\"description\":\"\",\"publisher\":{\"@id\":\"https:\/\/www.habitation-saint-charles.com\/en\/#organization\"},\"potentialAction\":[{\"@type\":\"SearchAction\",\"target\":{\"@type\":\"EntryPoint\",\"urlTemplate\":\"https:\/\/www.habitation-saint-charles.com\/en\/?s={search_term_string}\"},\"query-input\":{\"@type\":\"PropertyValueSpecification\",\"valueRequired\":true,\"valueName\":\"search_term_string\"}}],\"inLanguage\":\"en-US\"},{\"@type\":\"Organization\",\"@id\":\"https:\/\/www.habitation-saint-charles.com\/en\/#organization\",\"name\":\"Habitation Saint Charles\",\"url\":\"https:\/\/www.habitation-saint-charles.com\/en\/\",\"logo\":{\"@type\":\"ImageObject\",\"inLanguage\":\"en-US\",\"@id\":\"https:\/\/www.habitation-saint-charles.com\/en\/#\/schema\/logo\/image\/\",\"url\":\"https:\/\/www.habitation-saint-charles.com\/wp-content\/uploads\/sites\/164\/2020\/08\/Logo-Habitation-Saint-Charles-2.png\",\"contentUrl\":\"https:\/\/www.habitation-saint-charles.com\/wp-content\/uploads\/sites\/164\/2020\/08\/Logo-Habitation-Saint-Charles-2.png\",\"width\":799,\"height\":609,\"caption\":\"Habitation Saint Charles\"},\"image\":{\"@id\":\"https:\/\/www.habitation-saint-charles.com\/en\/#\/schema\/logo\/image\/\"}}]}<\/script>\n<!-- \/ Yoast SEO plugin. -->","yoast_head_json":{"title":"`Fitness Trail & Outdoor Wellness I Habitation Saint CHarles","description":"Stay active at Habitation Saint Charles with our outdoor fitness trail in Guadeloupe. Cardio equipment, beach volleyball, and jogging paths in a lush tropical garden.","robots":{"index":"index","follow":"follow","max-snippet":"max-snippet:-1","max-image-preview":"max-image-preview:large","max-video-preview":"max-video-preview:-1"},"canonical":"https:\/\/www.habitation-saint-charles.com\/en\/services\/fitness-trail-outdoor-wellness\/","og_locale":"en_US","og_type":"article","og_title":"`Fitness Trail & Outdoor Wellness I Habitation Saint CHarles","og_description":"Stay active at Habitation Saint Charles with our outdoor fitness trail in Guadeloupe. Cardio equipment, beach volleyball, and jogging paths in a lush tropical garden.","og_url":"https:\/\/www.habitation-saint-charles.com\/en\/services\/fitness-trail-outdoor-wellness\/","og_site_name":"Habitation Saint Charles","article_modified_time":"2026-01-07T00:07:20+00:00","og_image":[{"width":1200,"height":800,"url":"https:\/\/www.habitation-saint-charles.com\/wp-content\/uploads\/sites\/164\/2025\/11\/PARCOURS-SPORT_IMG_4202.jpg","type":"image\/jpeg"}],"twitter_card":"summary_large_image","twitter_misc":{"Est. reading time":"1 minute"},"schema":{"@context":"https:\/\/schema.org","@graph":[{"@type":"WebPage","@id":"https:\/\/www.habitation-saint-charles.com\/en\/services\/fitness-trail-outdoor-wellness\/","url":"https:\/\/www.habitation-saint-charles.com\/en\/services\/fitness-trail-outdoor-wellness\/","name":"`Fitness Trail & Outdoor Wellness I Habitation Saint CHarles","isPartOf":{"@id":"https:\/\/www.habitation-saint-charles.com\/en\/#website"},"primaryImageOfPage":{"@id":"https:\/\/www.habitation-saint-charles.com\/en\/services\/fitness-trail-outdoor-wellness\/#primaryimage"},"image":{"@id":"https:\/\/www.habitation-saint-charles.com\/en\/services\/fitness-trail-outdoor-wellness\/#primaryimage"},"thumbnailUrl":"https:\/\/www.habitation-saint-charles.com\/wp-content\/uploads\/sites\/164\/2025\/11\/PARCOURS-SPORT_IMG_4202.jpg","datePublished":"2021-07-20T09:28:29+00:00","dateModified":"2026-01-07T00:07:20+00:00","description":"Stay active at Habitation Saint Charles with our outdoor fitness trail in Guadeloupe. Cardio equipment, beach volleyball, and jogging paths in a lush tropical garden.","breadcrumb":{"@id":"https:\/\/www.habitation-saint-charles.com\/en\/services\/fitness-trail-outdoor-wellness\/#breadcrumb"},"inLanguage":"en-US","potentialAction":[{"@type":"ReadAction","target":["https:\/\/www.habitation-saint-charles.com\/en\/services\/fitness-trail-outdoor-wellness\/"]}]},{"@type":"ImageObject","inLanguage":"en-US","@id":"https:\/\/www.habitation-saint-charles.com\/en\/services\/fitness-trail-outdoor-wellness\/#primaryimage","url":"https:\/\/www.habitation-saint-charles.com\/wp-content\/uploads\/sites\/164\/2025\/11\/PARCOURS-SPORT_IMG_4202.jpg","contentUrl":"https:\/\/www.habitation-saint-charles.com\/wp-content\/uploads\/sites\/164\/2025\/11\/PARCOURS-SPORT_IMG_4202.jpg","width":1200,"height":800,"caption":"Une femme utilise une machine de fitness de type v\u00e9lo elliptique en plein air, au milieu d'une pelouse verte et d'une v\u00e9g\u00e9tation tropicale. Un homme utilise un autre \u00e9quipement en arri\u00e8re-plan, soulignant les options du parcours sportif en Guadeloupe."},{"@type":"BreadcrumbList","@id":"https:\/\/www.habitation-saint-charles.com\/en\/services\/fitness-trail-outdoor-wellness\/#breadcrumb","itemListElement":[{"@type":"ListItem","position":1,"name":"Home","item":"https:\/\/www.habitation-saint-charles.com\/en\/"},{"@type":"ListItem","position":2,"name":"Services","item":"https:\/\/www.habitation-saint-charles.com\/en\/services\/"},{"@type":"ListItem","position":3,"name":"Fitness trail"}]},{"@type":"WebSite","@id":"https:\/\/www.habitation-saint-charles.com\/en\/#website","url":"https:\/\/www.habitation-saint-charles.com\/en\/","name":"Habitation Saint Charles","description":"","publisher":{"@id":"https:\/\/www.habitation-saint-charles.com\/en\/#organization"},"potentialAction":[{"@type":"SearchAction","target":{"@type":"EntryPoint","urlTemplate":"https:\/\/www.habitation-saint-charles.com\/en\/?s={search_term_string}"},"query-input":{"@type":"PropertyValueSpecification","valueRequired":true,"valueName":"search_term_string"}}],"inLanguage":"en-US"},{"@type":"Organization","@id":"https:\/\/www.habitation-saint-charles.com\/en\/#organization","name":"Habitation Saint Charles","url":"https:\/\/www.habitation-saint-charles.com\/en\/","logo":{"@type":"ImageObject","inLanguage":"en-US","@id":"https:\/\/www.habitation-saint-charles.com\/en\/#\/schema\/logo\/image\/","url":"https:\/\/www.habitation-saint-charles.com\/wp-content\/uploads\/sites\/164\/2020\/08\/Logo-Habitation-Saint-Charles-2.png","contentUrl":"https:\/\/www.habitation-saint-charles.com\/wp-content\/uploads\/sites\/164\/2020\/08\/Logo-Habitation-Saint-Charles-2.png","width":799,"height":609,"caption":"Habitation Saint Charles"},"image":{"@id":"https:\/\/www.habitation-saint-charles.com\/en\/#\/schema\/logo\/image\/"}}]}},"acf":[],"_links":{"self":[{"href":"https:\/\/www.habitation-saint-charles.com\/en\/wp-json\/wp\/v2\/pages\/517","targetHints":{"allow":["GET"]}}],"collection":[{"href":"https:\/\/www.habitation-saint-charles.com\/en\/wp-json\/wp\/v2\/pages"}],"about":[{"href":"https:\/\/www.habitation-saint-charles.com\/en\/wp-json\/wp\/v2\/types\/page"}],"author":[{"embeddable":true,"href":"https:\/\/www.habitation-saint-charles.com\/en\/wp-json\/wp\/v2\/users\/8"}],"replies":[{"embeddable":true,"href":"https:\/\/www.habitation-saint-charles.com\/en\/wp-json\/wp\/v2\/comments?post=517"}],"version-history":[{"count":0,"href":"https:\/\/www.habitation-saint-charles.com\/en\/wp-json\/wp\/v2\/pages\/517\/revisions"}],"up":[{"embeddable":true,"href":"https:\/\/www.habitation-saint-charles.com\/en\/wp-json\/wp\/v2\/pages\/163"}],"wp:featuredmedia":[{"embeddable":true,"href":"https:\/\/www.habitation-saint-charles.com\/en\/wp-json\/wp\/v2\/media\/1225"}],"wp:attachment":[{"href":"https:\/\/www.habitation-saint-charles.com\/en\/wp-json\/wp\/v2\/media?parent=517"}],"curies":[{"name":"wp","href":"https:\/\/api.w.org\/{rel}","templated":true}]}}