{"id":196,"date":"2020-04-15T10:58:08","date_gmt":"2020-04-15T10:58:08","guid":{"rendered":"http:\/\/habitation-saint-charles.ms.decms.eu\/mentions-legales\/"},"modified":"2025-11-05T12:26:18","modified_gmt":"2025-11-05T12:26:18","slug":"mentions-legales","status":"publish","type":"page","link":"https:\/\/www.habitation-saint-charles.com\/en\/mentions-legales\/","title":{"rendered":"Legal Notice"},"content":{"rendered":"<p style=\"text-align: left\">Conform\u00e9ment aux dispositions des Articles 6-III et 19 de la Loi n\u00b02004-575 du 21 juin 2004 pour la Confiance dans l\u2019\u00e9conomie num\u00e9rique, dite L.C.E.N., il est port\u00e9 \u00e0 la connaissance des Utilisateurs du site www.habitation-saint-charles.com les pr\u00e9sentes mentions l\u00e9gales.<\/p>\n<p style=\"text-align: left\">La connexion et la navigation sur le site par l\u2019Utilisateur implique acceptation int\u00e9grale et sans r\u00e9serve des pr\u00e9sentes mentions l\u00e9gales.<\/p>\n<p style=\"text-align: left\">Ces derni\u00e8res sont accessibles sur le site \u00e0 la rubrique \u00ab Mentions l\u00e9gales \u00bb.<\/p>\n<h3 style=\"text-align: left\">ARTICLE 1 : L\u2019\u00e9diteur<\/h3>\n<p style=\"text-align: left\">L&#8217;\u00e9dition du site www.habitation-saint-charles.com est assur\u00e9e par la Soci\u00e9t\u00e9 SAS Les Villas de Grippiere au capital de 600 euros, immatricul\u00e9e au RCS de Pointe-a-pitre sous le num\u00e9ro 829321645 dont le si\u00e8ge social est situ\u00e9 \u00e0 l\u2019Habitation Jaula, 97 129 Lamentin &#8211; Guadeloupe, num\u00e9ro de t\u00e9l\u00e9phone +(33) 06 90 41 28 74, adresse e-mail : contact@habitation-saint-charles.com<\/p>\n<p style=\"text-align: left\">N\u00b0 de TVA intracommunautaire : FR016829321645<br \/>\nLe Directeur de la publication est Christophe Sans<\/p>\n<h3 style=\"text-align: left\">ARTICLE 2 : L\u2019h\u00e9bergeur<\/h3>\n<p style=\"text-align: left\">L&#8217;h\u00e9bergeur du site www.habitation-saint-charles.com est la Soci\u00e9t\u00e9 :<br \/>\nWPEngine, Inc.<br \/>\nIrongate House, 22-30 Duke\u2019s Place<br \/>\nLondon, EC3A 7LP, United Kingdom<br \/>\nT\u00e9l\u00e9phone: 08 00 50 53 049<\/p>\n<h3 style=\"text-align: left\">ARTICLE 3 : Conception, D\u00e9veloppement et Acc\u00e8s au site<\/h3>\n<p style=\"text-align: left\">La conception et le d\u00e9veloppement du site sont assur\u00e9s par la soci\u00e9t\u00e9 D-EDGE :<\/p>\n<blockquote class=\"wp-embedded-content\" data-secret=\"KtaCqFUxLF\"><p><a href=\"https:\/\/www.d-edge.com\/fr\/\">Accueil<\/a><\/p><\/blockquote>\n<p><iframe loading=\"lazy\" title=\"\u00ab\u00a0Accueil\u00a0\u00bb &#8212; D-EDGE Hospitality Solutions\" sandbox=\"allow-scripts\" security=\"restricted\" src=\"https:\/\/www.d-edge.com\/fr\/embed\/#?secret=KtaCqFUxLF\" width=\"500\" height=\"282\" data-secret=\"KtaCqFUxLF\" frameborder=\"0\" marginwidth=\"0\" marginheight=\"0\" scrolling=\"no\" class=\"wp-embedded-content\"><\/iframe><script type=\"text\/javascript\">\/* <![CDATA[ *\/\/*! This file is auto-generated *\/!function(d,l){\"use strict\";l.querySelector&#038;&#038;d.addEventListener&#038;&#038;\"undefined\"!=typeof URL&#038;&#038;(d.wp=d.wp||{},d.wp.receiveEmbedMessage||(d.wp.receiveEmbedMessage=function(e){var t=e.data;if((t||t.secret||t.message||t.value)&#038;&#038;!\/[^a-zA-Z0-9]\/.test(t.secret)){for(var s,r,n,a=l.querySelectorAll('iframe[data-secret=\"'+t.secret+'\"]'),o=l.querySelectorAll('blockquote[data-secret=\"'+t.secret+'\"]'),c=new RegExp(\"^https?:$\",\"i\"),i=0;i<o.length;i++)o[i].style.display=\"none\";for(i=0;i<a.length;i++)s=a[i],e.source===s.contentWindow&#038;&#038;(s.removeAttribute(\"style\"),\"height\"===t.message?(1e3<(r=parseInt(t.value,10))?r=1e3:~~r<200&#038;&#038;(r=200),s.height=r):\"link\"===t.message&#038;&#038;(r=new URL(s.getAttribute(\"src\")),n=new URL(t.value),c.test(n.protocol))&#038;&#038;n.host===r.host&#038;&#038;l.activeElement===s&#038;&#038;(d.top.location.href=t.value))}},d.addEventListener(\"message\",d.wp.receiveEmbedMessage,!1),l.addEventListener(\"DOMContentLoaded\",function(){for(var e,t,s=l.querySelectorAll(\"iframe.wp-embedded-content\"),r=0;r<s.length;r++)(t=(e=s[r]).getAttribute(\"data-secret\"))||(t=Math.random().toString(36).substring(2,12),e.src+=\"#?secret=\"+t,e.setAttribute(\"data-secret\",t)),e.contentWindow.postMessage({message:\"ready\",secret:t},\"*\")},!1)))}(window,document);\/* ]]> *\/<\/script><br \/>\nAdresse postale : 14\/16, boulevard Poissonni\u00e8re, 75 009 Paris<br \/>\nT\u00e9l\u00e9phone : +33 1 44 71 05 05<br \/>\nSIREN : 431 513 852<\/p>\n<p style=\"text-align: left\">Le site est accessible par tout endroit, 7j\/7, 24h\/24 sauf cas de force majeure, interruption programm\u00e9e ou non et pouvant d\u00e9coulant d\u2019une n\u00e9cessit\u00e9 de maintenance.<br \/>\nEn cas de modification, interruption ou suspension des services le site www.habitation-saint-charles.com ne saurait \u00eatre tenu responsable.<\/p>\n<h3 style=\"text-align: left\">ARTICLE 4 : Collecte des donn\u00e9es<\/h3>\n<p style=\"text-align: left\">Le site est exempt\u00e9 de d\u00e9claration \u00e0 la Commission Nationale Informatique et Libert\u00e9s (CNIL) dans la mesure o\u00f9 il ne collecte aucune donn\u00e9e concernant les utilisateurs.<\/p>\n<h3 style=\"text-align: left\">ARTICLE 5 : Cookies<\/h3>\n<p style=\"text-align: left\">L\u2019Utilisateur est inform\u00e9 que lors de ses visites sur le site, un cookie peut s\u2019installer automatiquement sur son logiciel de navigation.<br \/>\nEn naviguant sur le site, il les accepte.<br \/>\nUn cookie est un \u00e9l\u00e9ment qui ne permet pas d\u2019identifier l\u2019Utilisateur mais sert \u00e0 enregistrer des informations relatives \u00e0 la navigation de celui-ci sur le site Internet. L\u2019Utilisateur pourra d\u00e9sactiver ce cookie par l\u2019interm\u00e9diaire des param\u00e8tres figurant au sein de son logiciel de navigation.<\/p>\n<h3 style=\"text-align: left\">ARTICLE 6 : Propri\u00e9t\u00e9 intellectuelle<\/h3>\n<p style=\"text-align: left\">Toute utilisation, reproduction, diffusion, commercialisation, modification de toute ou partie du site www.habitation-saint-charles.com, sans autorisation de l\u2019\u00c9diteur est prohib\u00e9e et pourra entra\u00een\u00e9e des actions et poursuites judiciaires telles que notamment pr\u00e9vues par le Code de la propri\u00e9t\u00e9 intellectuelle et le Code civil.<\/p>\n","protected":false},"excerpt":{"rendered":"<p>Conform\u00e9ment aux dispositions des Articles 6-III et 19 de la Loi n\u00b02004-575 du 21 juin 2004 pour la Confiance dans l\u2019\u00e9conomie num\u00e9rique, dite L.C.E.N., il est port\u00e9 \u00e0 la connaissance des Utilisateurs du site www.habitation-saint-charles.com les pr\u00e9sentes mentions l\u00e9gales. La connexion et la navigation sur le site par l\u2019Utilisateur implique acceptation int\u00e9grale et sans r\u00e9serve [&hellip;]<\/p>\n","protected":false},"author":137,"featured_media":0,"parent":0,"menu_order":350,"comment_status":"closed","ping_status":"closed","template":"","meta":{"footnotes":""},"class_list":["post-196","page","type-page","status-publish","hentry"],"yoast_head":"<!-- This site is optimized with the Yoast SEO plugin v26.9 - https:\/\/yoast.com\/product\/yoast-seo-wordpress\/ -->\n<title>Legal Notice - Habitation Saint Charles<\/title>\n<meta name=\"robots\" content=\"noindex, follow\" \/>\n<meta property=\"og:locale\" content=\"en_US\" \/>\n<meta property=\"og:type\" content=\"article\" \/>\n<meta property=\"og:title\" content=\"Legal Notice - Habitation Saint Charles\" \/>\n<meta property=\"og:description\" content=\"Conform\u00e9ment aux dispositions des Articles 6-III et 19 de la Loi n\u00b02004-575 du 21 juin 2004 pour la Confiance dans l\u2019\u00e9conomie num\u00e9rique, dite L.C.E.N., il est port\u00e9 \u00e0 la connaissance des Utilisateurs du site www.habitation-saint-charles.com les pr\u00e9sentes mentions l\u00e9gales. La connexion et la navigation sur le site par l\u2019Utilisateur implique acceptation int\u00e9grale et sans r\u00e9serve [&hellip;]\" \/>\n<meta property=\"og:url\" content=\"https:\/\/www.habitation-saint-charles.com\/en\/mentions-legales\/\" \/>\n<meta property=\"og:site_name\" content=\"Habitation Saint Charles\" \/>\n<meta property=\"article:modified_time\" content=\"2025-11-05T12:26:18+00:00\" \/>\n<meta property=\"og:image\" content=\"https:\/\/www.habitation-saint-charles.com\/wp-content\/uploads\/sites\/164\/2023\/01\/Cohen-HABITATION-ST-CHARLES-51-2.jpg\" \/>\n\t<meta property=\"og:image:width\" content=\"2017\" \/>\n\t<meta property=\"og:image:height\" content=\"1200\" \/>\n\t<meta property=\"og:image:type\" content=\"image\/jpeg\" \/>\n<meta name=\"twitter:card\" content=\"summary_large_image\" \/>\n<meta name=\"twitter:label1\" content=\"Est. reading time\" \/>\n\t<meta name=\"twitter:data1\" content=\"2 minutes\" \/>\n<script type=\"application\/ld+json\" class=\"yoast-schema-graph\">{\"@context\":\"https:\/\/schema.org\",\"@graph\":[{\"@type\":\"WebPage\",\"@id\":\"https:\/\/www.habitation-saint-charles.com\/en\/mentions-legales\/\",\"url\":\"https:\/\/www.habitation-saint-charles.com\/en\/mentions-legales\/\",\"name\":\"Legal Notice - Habitation Saint Charles\",\"isPartOf\":{\"@id\":\"https:\/\/www.habitation-saint-charles.com\/en\/#website\"},\"datePublished\":\"2020-04-15T10:58:08+00:00\",\"dateModified\":\"2025-11-05T12:26:18+00:00\",\"breadcrumb\":{\"@id\":\"https:\/\/www.habitation-saint-charles.com\/en\/mentions-legales\/#breadcrumb\"},\"inLanguage\":\"en-US\",\"potentialAction\":[{\"@type\":\"ReadAction\",\"target\":[\"https:\/\/www.habitation-saint-charles.com\/en\/mentions-legales\/\"]}]},{\"@type\":\"BreadcrumbList\",\"@id\":\"https:\/\/www.habitation-saint-charles.com\/en\/mentions-legales\/#breadcrumb\",\"itemListElement\":[{\"@type\":\"ListItem\",\"position\":1,\"name\":\"Home\",\"item\":\"https:\/\/www.habitation-saint-charles.com\/en\/\"},{\"@type\":\"ListItem\",\"position\":2,\"name\":\"Legal Notice\"}]},{\"@type\":\"WebSite\",\"@id\":\"https:\/\/www.habitation-saint-charles.com\/en\/#website\",\"url\":\"https:\/\/www.habitation-saint-charles.com\/en\/\",\"name\":\"Habitation Saint Charles\",\"description\":\"\",\"publisher\":{\"@id\":\"https:\/\/www.habitation-saint-charles.com\/en\/#organization\"},\"potentialAction\":[{\"@type\":\"SearchAction\",\"target\":{\"@type\":\"EntryPoint\",\"urlTemplate\":\"https:\/\/www.habitation-saint-charles.com\/en\/?s={search_term_string}\"},\"query-input\":{\"@type\":\"PropertyValueSpecification\",\"valueRequired\":true,\"valueName\":\"search_term_string\"}}],\"inLanguage\":\"en-US\"},{\"@type\":\"Organization\",\"@id\":\"https:\/\/www.habitation-saint-charles.com\/en\/#organization\",\"name\":\"Habitation Saint Charles\",\"url\":\"https:\/\/www.habitation-saint-charles.com\/en\/\",\"logo\":{\"@type\":\"ImageObject\",\"inLanguage\":\"en-US\",\"@id\":\"https:\/\/www.habitation-saint-charles.com\/en\/#\/schema\/logo\/image\/\",\"url\":\"https:\/\/www.habitation-saint-charles.com\/wp-content\/uploads\/sites\/164\/2020\/08\/Logo-Habitation-Saint-Charles-2.png\",\"contentUrl\":\"https:\/\/www.habitation-saint-charles.com\/wp-content\/uploads\/sites\/164\/2020\/08\/Logo-Habitation-Saint-Charles-2.png\",\"width\":799,\"height\":609,\"caption\":\"Habitation Saint Charles\"},\"image\":{\"@id\":\"https:\/\/www.habitation-saint-charles.com\/en\/#\/schema\/logo\/image\/\"}}]}<\/script>\n<!-- \/ Yoast SEO plugin. -->","yoast_head_json":{"title":"Legal Notice - Habitation Saint Charles","robots":{"index":"noindex","follow":"follow"},"og_locale":"en_US","og_type":"article","og_title":"Legal Notice - Habitation Saint Charles","og_description":"Conform\u00e9ment aux dispositions des Articles 6-III et 19 de la Loi n\u00b02004-575 du 21 juin 2004 pour la Confiance dans l\u2019\u00e9conomie num\u00e9rique, dite L.C.E.N., il est port\u00e9 \u00e0 la connaissance des Utilisateurs du site www.habitation-saint-charles.com les pr\u00e9sentes mentions l\u00e9gales. La connexion et la navigation sur le site par l\u2019Utilisateur implique acceptation int\u00e9grale et sans r\u00e9serve [&hellip;]","og_url":"https:\/\/www.habitation-saint-charles.com\/en\/mentions-legales\/","og_site_name":"Habitation Saint Charles","article_modified_time":"2025-11-05T12:26:18+00:00","og_image":[{"width":2017,"height":1200,"url":"https:\/\/www.habitation-saint-charles.com\/wp-content\/uploads\/sites\/164\/2023\/01\/Cohen-HABITATION-ST-CHARLES-51-2.jpg","type":"image\/jpeg"}],"twitter_card":"summary_large_image","twitter_misc":{"Est. reading time":"2 minutes"},"schema":{"@context":"https:\/\/schema.org","@graph":[{"@type":"WebPage","@id":"https:\/\/www.habitation-saint-charles.com\/en\/mentions-legales\/","url":"https:\/\/www.habitation-saint-charles.com\/en\/mentions-legales\/","name":"Legal Notice - Habitation Saint Charles","isPartOf":{"@id":"https:\/\/www.habitation-saint-charles.com\/en\/#website"},"datePublished":"2020-04-15T10:58:08+00:00","dateModified":"2025-11-05T12:26:18+00:00","breadcrumb":{"@id":"https:\/\/www.habitation-saint-charles.com\/en\/mentions-legales\/#breadcrumb"},"inLanguage":"en-US","potentialAction":[{"@type":"ReadAction","target":["https:\/\/www.habitation-saint-charles.com\/en\/mentions-legales\/"]}]},{"@type":"BreadcrumbList","@id":"https:\/\/www.habitation-saint-charles.com\/en\/mentions-legales\/#breadcrumb","itemListElement":[{"@type":"ListItem","position":1,"name":"Home","item":"https:\/\/www.habitation-saint-charles.com\/en\/"},{"@type":"ListItem","position":2,"name":"Legal Notice"}]},{"@type":"WebSite","@id":"https:\/\/www.habitation-saint-charles.com\/en\/#website","url":"https:\/\/www.habitation-saint-charles.com\/en\/","name":"Habitation Saint Charles","description":"","publisher":{"@id":"https:\/\/www.habitation-saint-charles.com\/en\/#organization"},"potentialAction":[{"@type":"SearchAction","target":{"@type":"EntryPoint","urlTemplate":"https:\/\/www.habitation-saint-charles.com\/en\/?s={search_term_string}"},"query-input":{"@type":"PropertyValueSpecification","valueRequired":true,"valueName":"search_term_string"}}],"inLanguage":"en-US"},{"@type":"Organization","@id":"https:\/\/www.habitation-saint-charles.com\/en\/#organization","name":"Habitation Saint Charles","url":"https:\/\/www.habitation-saint-charles.com\/en\/","logo":{"@type":"ImageObject","inLanguage":"en-US","@id":"https:\/\/www.habitation-saint-charles.com\/en\/#\/schema\/logo\/image\/","url":"https:\/\/www.habitation-saint-charles.com\/wp-content\/uploads\/sites\/164\/2020\/08\/Logo-Habitation-Saint-Charles-2.png","contentUrl":"https:\/\/www.habitation-saint-charles.com\/wp-content\/uploads\/sites\/164\/2020\/08\/Logo-Habitation-Saint-Charles-2.png","width":799,"height":609,"caption":"Habitation Saint Charles"},"image":{"@id":"https:\/\/www.habitation-saint-charles.com\/en\/#\/schema\/logo\/image\/"}}]}},"acf":[],"_links":{"self":[{"href":"https:\/\/www.habitation-saint-charles.com\/en\/wp-json\/wp\/v2\/pages\/196","targetHints":{"allow":["GET"]}}],"collection":[{"href":"https:\/\/www.habitation-saint-charles.com\/en\/wp-json\/wp\/v2\/pages"}],"about":[{"href":"https:\/\/www.habitation-saint-charles.com\/en\/wp-json\/wp\/v2\/types\/page"}],"author":[{"embeddable":true,"href":"https:\/\/www.habitation-saint-charles.com\/en\/wp-json\/wp\/v2\/users\/137"}],"replies":[{"embeddable":true,"href":"https:\/\/www.habitation-saint-charles.com\/en\/wp-json\/wp\/v2\/comments?post=196"}],"version-history":[{"count":0,"href":"https:\/\/www.habitation-saint-charles.com\/en\/wp-json\/wp\/v2\/pages\/196\/revisions"}],"wp:attachment":[{"href":"https:\/\/www.habitation-saint-charles.com\/en\/wp-json\/wp\/v2\/media?parent=196"}],"curies":[{"name":"wp","href":"https:\/\/api.w.org\/{rel}","templated":true}]}}