{"id":181,"date":"2020-04-15T09:26:12","date_gmt":"2020-04-15T09:26:12","guid":{"rendered":"http:\/\/habitation-saint-charles.ms.decms.eu\/spa\/l-alize\/"},"modified":"2026-03-19T08:36:22","modified_gmt":"2026-03-19T08:36:22","slug":"spa-booking-guadeloupe-planity","status":"publish","type":"page","link":"https:\/\/www.habitation-saint-charles.com\/en\/spa-guadeloupe-petit-bourg\/spa-booking-guadeloupe-planity\/","title":{"rendered":"Book Your Spa Experience in Guadeloupe"},"content":{"rendered":"<h2 data-section-id=\"4ssecn\" data-start=\"730\" data-end=\"781\">Book Your Spa Experience in Guadeloupe with Ease<\/h2>\n<p data-start=\"783\" data-end=\"919\">For your comfort and to offer seamless access to our therapists\u2019 schedules, <strong data-start=\"859\" data-end=\"918\">Spa Les Aliz\u00e9s uses the online booking platform Planity<\/strong>.<\/p>\n<p data-start=\"921\" data-end=\"1031\">Easily plan your wellness experience in just a few clicks and enjoy a smooth and flexible reservation process.<\/p>\n<h3 data-section-id=\"xlmxbt\" data-start=\"1038\" data-end=\"1078\">Easy Online Spa Booking in Guadeloupe<\/h3>\n<h4 data-section-id=\"13lfu8b\" data-start=\"1080\" data-end=\"1108\">Quick Account Creation<\/h4>\n<p data-start=\"1109\" data-end=\"1203\">Create your personal account in just a few clicks and manage your future treatments with ease.<\/p>\n<h3 data-section-id=\"1deq6k5\" data-start=\"1210\" data-end=\"1238\">Real-Time Availability<\/h3>\n<p data-start=\"1239\" data-end=\"1411\">Access our schedule <strong data-start=\"1259\" data-end=\"1267\">24\/7<\/strong> and check the availability of massages and couples treatments.<br data-start=\"1330\" data-end=\"1333\" \/>Book your ideal time slot instantly at our spa in <strong data-start=\"1383\" data-end=\"1410\">Petit-Bourg, Guadeloupe<\/strong>.<\/p>\n<h3 data-section-id=\"dh0m22\" data-start=\"1418\" data-end=\"1448\">Manage Your Appointments<\/h3>\n<p data-start=\"1449\" data-end=\"1473\">Once logged in, you can:<\/p>\n<ul>\n<li data-start=\"1477\" data-end=\"1497\">view your bookings<\/li>\n<li data-start=\"1500\" data-end=\"1555\">modify the date or time (according to our conditions)<\/li>\n<li data-start=\"1558\" data-end=\"1590\">cancel your appointment easily<\/li>\n<\/ul>\n<h3 data-section-id=\"yxen5b\" data-start=\"1597\" data-end=\"1636\">Gift Cards &amp; Wellness Experiences<\/h3>\n<p data-start=\"1637\" data-end=\"1681\">Offer a moment of relaxation and well-being.<\/p>\n<p data-start=\"1683\" data-end=\"1705\">With Planity, you can:<\/p>\n<ul>\n<li data-start=\"1709\" data-end=\"1737\">purchase gift cards online<\/li>\n<li data-start=\"1740\" data-end=\"1769\">personalize your experience<\/li>\n<li data-start=\"1772\" data-end=\"1830\">offer a spa treatment in Guadeloupe in just a few clicks<\/li>\n<\/ul>\n<h2 data-section-id=\"bojj1b\" data-start=\"1837\" data-end=\"1878\">A Wellness Escape in a Tropical Garden<\/h2>\n<p data-start=\"1880\" data-end=\"1991\">Click below to book your moment of serenity in our tropical garden spa, located in <strong data-start=\"1963\" data-end=\"1990\">Petit-Bourg, Guadeloupe<\/strong>.<\/p>\n<p data-start=\"1993\" data-end=\"2128\">Enhance your experience with our <strong data-start=\"2026\" data-end=\"2053\">Spa &amp; Flavours packages<\/strong>, and enjoy access to the facilities of <strong data-start=\"2093\" data-end=\"2127\">Habitation Saint Charles hotel<\/strong>.<\/p>\n","protected":false},"excerpt":{"rendered":"<p>Book Your Spa Experience in Guadeloupe with Ease For your comfort and to offer seamless access to our therapists\u2019 schedules, Spa Les Aliz\u00e9s uses the online booking platform Planity. Easily plan your wellness experience in just a few clicks and enjoy a smooth and flexible reservation process. Easy Online Spa Booking in Guadeloupe Quick Account [&hellip;]<\/p>\n","protected":false},"author":137,"featured_media":1208,"parent":178,"menu_order":170,"comment_status":"closed","ping_status":"closed","template":"","meta":{"footnotes":""},"class_list":["post-181","page","type-page","status-publish","has-post-thumbnail","hentry"],"yoast_head":"<!-- This site is optimized with the Yoast SEO plugin v26.9 - https:\/\/yoast.com\/product\/yoast-seo-wordpress\/ -->\n<title>SPA Les Aliz\u00e9s | Hotel-boutique Habitation Saint-Charles<\/title>\n<meta name=\"description\" content=\"Massages and rituals, solo or as a duo, for a relaxing break or to recover from an intense activity, ideal to recharge your batteries with the benefits of the \u201caliz\u00e9\u201d (trade winds) and tropical fragrances.\" \/>\n<meta name=\"robots\" content=\"index, follow, max-snippet:-1, max-image-preview:large, max-video-preview:-1\" \/>\n<link rel=\"canonical\" href=\"https:\/\/www.habitation-saint-charles.com\/en\/spa-guadeloupe-petit-bourg\/spa-booking-guadeloupe-planity\/\" \/>\n<meta property=\"og:locale\" content=\"en_US\" \/>\n<meta property=\"og:type\" content=\"article\" \/>\n<meta property=\"og:title\" content=\"SPA Les Aliz\u00e9s | Hotel-boutique Habitation Saint-Charles\" \/>\n<meta property=\"og:description\" content=\"Massages and rituals, solo or as a duo, for a relaxing break or to recover from an intense activity, ideal to recharge your batteries with the benefits of the \u201caliz\u00e9\u201d (trade winds) and tropical fragrances.\" \/>\n<meta property=\"og:url\" content=\"https:\/\/www.habitation-saint-charles.com\/en\/spa-guadeloupe-petit-bourg\/spa-booking-guadeloupe-planity\/\" \/>\n<meta property=\"og:site_name\" content=\"Habitation Saint Charles\" \/>\n<meta property=\"article:modified_time\" content=\"2026-03-19T08:36:22+00:00\" \/>\n<meta property=\"og:image\" content=\"https:\/\/www.habitation-saint-charles.com\/wp-content\/uploads\/sites\/164\/2025\/11\/SPA_Cohen-HABITATION-ST-CHARLES-54-1.jpg\" \/>\n\t<meta property=\"og:image:width\" content=\"1100\" \/>\n\t<meta property=\"og:image:height\" content=\"734\" \/>\n\t<meta property=\"og:image:type\" content=\"image\/jpeg\" \/>\n<meta name=\"twitter:card\" content=\"summary_large_image\" \/>\n<meta name=\"twitter:label1\" content=\"Est. reading time\" \/>\n\t<meta name=\"twitter:data1\" content=\"1 minute\" \/>\n<script type=\"application\/ld+json\" class=\"yoast-schema-graph\">{\"@context\":\"https:\/\/schema.org\",\"@graph\":[{\"@type\":\"WebPage\",\"@id\":\"https:\/\/www.habitation-saint-charles.com\/en\/spa-guadeloupe-petit-bourg\/spa-booking-guadeloupe-planity\/\",\"url\":\"https:\/\/www.habitation-saint-charles.com\/en\/spa-guadeloupe-petit-bourg\/spa-booking-guadeloupe-planity\/\",\"name\":\"SPA Les Aliz\u00e9s | Hotel-boutique Habitation Saint-Charles\",\"isPartOf\":{\"@id\":\"https:\/\/www.habitation-saint-charles.com\/en\/#website\"},\"primaryImageOfPage\":{\"@id\":\"https:\/\/www.habitation-saint-charles.com\/en\/spa-guadeloupe-petit-bourg\/spa-booking-guadeloupe-planity\/#primaryimage\"},\"image\":{\"@id\":\"https:\/\/www.habitation-saint-charles.com\/en\/spa-guadeloupe-petit-bourg\/spa-booking-guadeloupe-planity\/#primaryimage\"},\"thumbnailUrl\":\"https:\/\/www.habitation-saint-charles.com\/wp-content\/uploads\/sites\/164\/2025\/11\/SPA_Cohen-HABITATION-ST-CHARLES-54-1.jpg\",\"datePublished\":\"2020-04-15T09:26:12+00:00\",\"dateModified\":\"2026-03-19T08:36:22+00:00\",\"description\":\"Massages and rituals, solo or as a duo, for a relaxing break or to recover from an intense activity, ideal to recharge your batteries with the benefits of the \u201caliz\u00e9\u201d (trade winds) and tropical fragrances.\",\"breadcrumb\":{\"@id\":\"https:\/\/www.habitation-saint-charles.com\/en\/spa-guadeloupe-petit-bourg\/spa-booking-guadeloupe-planity\/#breadcrumb\"},\"inLanguage\":\"en-US\",\"potentialAction\":[{\"@type\":\"ReadAction\",\"target\":[\"https:\/\/www.habitation-saint-charles.com\/en\/spa-guadeloupe-petit-bourg\/spa-booking-guadeloupe-planity\/\"]}]},{\"@type\":\"ImageObject\",\"inLanguage\":\"en-US\",\"@id\":\"https:\/\/www.habitation-saint-charles.com\/en\/spa-guadeloupe-petit-bourg\/spa-booking-guadeloupe-planity\/#primaryimage\",\"url\":\"https:\/\/www.habitation-saint-charles.com\/wp-content\/uploads\/sites\/164\/2025\/11\/SPA_Cohen-HABITATION-ST-CHARLES-54-1.jpg\",\"contentUrl\":\"https:\/\/www.habitation-saint-charles.com\/wp-content\/uploads\/sites\/164\/2025\/11\/SPA_Cohen-HABITATION-ST-CHARLES-54-1.jpg\",\"width\":1100,\"height\":734,\"caption\":\"Vue int\u00e9rieure d'un carbet traditionnel en bois du Spa Les Aliz\u00e9s \u00e0 Petit-Bourg, Guadeloupe, abritant deux tables de massage pr\u00eates pour des soins en duo. La lumi\u00e8re naturelle filtre \u00e0 travers des rideaux jaunes, s'ouvrant sur un luxuriant jardin tropical, cr\u00e9ant un havre de paix et de d\u00e9tente.\"},{\"@type\":\"BreadcrumbList\",\"@id\":\"https:\/\/www.habitation-saint-charles.com\/en\/spa-guadeloupe-petit-bourg\/spa-booking-guadeloupe-planity\/#breadcrumb\",\"itemListElement\":[{\"@type\":\"ListItem\",\"position\":1,\"name\":\"Home\",\"item\":\"https:\/\/www.habitation-saint-charles.com\/en\/\"},{\"@type\":\"ListItem\",\"position\":2,\"name\":\"Spa Les Aliz\u00e9s\",\"item\":\"https:\/\/www.habitation-saint-charles.com\/en\/spa-guadeloupe-petit-bourg\/\"},{\"@type\":\"ListItem\",\"position\":3,\"name\":\"Book Your Spa Experience in Guadeloupe\"}]},{\"@type\":\"WebSite\",\"@id\":\"https:\/\/www.habitation-saint-charles.com\/en\/#website\",\"url\":\"https:\/\/www.habitation-saint-charles.com\/en\/\",\"name\":\"Habitation Saint Charles\",\"description\":\"\",\"publisher\":{\"@id\":\"https:\/\/www.habitation-saint-charles.com\/en\/#organization\"},\"potentialAction\":[{\"@type\":\"SearchAction\",\"target\":{\"@type\":\"EntryPoint\",\"urlTemplate\":\"https:\/\/www.habitation-saint-charles.com\/en\/?s={search_term_string}\"},\"query-input\":{\"@type\":\"PropertyValueSpecification\",\"valueRequired\":true,\"valueName\":\"search_term_string\"}}],\"inLanguage\":\"en-US\"},{\"@type\":\"Organization\",\"@id\":\"https:\/\/www.habitation-saint-charles.com\/en\/#organization\",\"name\":\"Habitation Saint Charles\",\"url\":\"https:\/\/www.habitation-saint-charles.com\/en\/\",\"logo\":{\"@type\":\"ImageObject\",\"inLanguage\":\"en-US\",\"@id\":\"https:\/\/www.habitation-saint-charles.com\/en\/#\/schema\/logo\/image\/\",\"url\":\"https:\/\/www.habitation-saint-charles.com\/wp-content\/uploads\/sites\/164\/2020\/08\/Logo-Habitation-Saint-Charles-2.png\",\"contentUrl\":\"https:\/\/www.habitation-saint-charles.com\/wp-content\/uploads\/sites\/164\/2020\/08\/Logo-Habitation-Saint-Charles-2.png\",\"width\":799,\"height\":609,\"caption\":\"Habitation Saint Charles\"},\"image\":{\"@id\":\"https:\/\/www.habitation-saint-charles.com\/en\/#\/schema\/logo\/image\/\"}}]}<\/script>\n<!-- \/ Yoast SEO plugin. -->","yoast_head_json":{"title":"SPA Les Aliz\u00e9s | Hotel-boutique Habitation Saint-Charles","description":"Massages and rituals, solo or as a duo, for a relaxing break or to recover from an intense activity, ideal to recharge your batteries with the benefits of the \u201caliz\u00e9\u201d (trade winds) and tropical fragrances.","robots":{"index":"index","follow":"follow","max-snippet":"max-snippet:-1","max-image-preview":"max-image-preview:large","max-video-preview":"max-video-preview:-1"},"canonical":"https:\/\/www.habitation-saint-charles.com\/en\/spa-guadeloupe-petit-bourg\/spa-booking-guadeloupe-planity\/","og_locale":"en_US","og_type":"article","og_title":"SPA Les Aliz\u00e9s | Hotel-boutique Habitation Saint-Charles","og_description":"Massages and rituals, solo or as a duo, for a relaxing break or to recover from an intense activity, ideal to recharge your batteries with the benefits of the \u201caliz\u00e9\u201d (trade winds) and tropical fragrances.","og_url":"https:\/\/www.habitation-saint-charles.com\/en\/spa-guadeloupe-petit-bourg\/spa-booking-guadeloupe-planity\/","og_site_name":"Habitation Saint Charles","article_modified_time":"2026-03-19T08:36:22+00:00","og_image":[{"width":1100,"height":734,"url":"https:\/\/www.habitation-saint-charles.com\/wp-content\/uploads\/sites\/164\/2025\/11\/SPA_Cohen-HABITATION-ST-CHARLES-54-1.jpg","type":"image\/jpeg"}],"twitter_card":"summary_large_image","twitter_misc":{"Est. reading time":"1 minute"},"schema":{"@context":"https:\/\/schema.org","@graph":[{"@type":"WebPage","@id":"https:\/\/www.habitation-saint-charles.com\/en\/spa-guadeloupe-petit-bourg\/spa-booking-guadeloupe-planity\/","url":"https:\/\/www.habitation-saint-charles.com\/en\/spa-guadeloupe-petit-bourg\/spa-booking-guadeloupe-planity\/","name":"SPA Les Aliz\u00e9s | Hotel-boutique Habitation Saint-Charles","isPartOf":{"@id":"https:\/\/www.habitation-saint-charles.com\/en\/#website"},"primaryImageOfPage":{"@id":"https:\/\/www.habitation-saint-charles.com\/en\/spa-guadeloupe-petit-bourg\/spa-booking-guadeloupe-planity\/#primaryimage"},"image":{"@id":"https:\/\/www.habitation-saint-charles.com\/en\/spa-guadeloupe-petit-bourg\/spa-booking-guadeloupe-planity\/#primaryimage"},"thumbnailUrl":"https:\/\/www.habitation-saint-charles.com\/wp-content\/uploads\/sites\/164\/2025\/11\/SPA_Cohen-HABITATION-ST-CHARLES-54-1.jpg","datePublished":"2020-04-15T09:26:12+00:00","dateModified":"2026-03-19T08:36:22+00:00","description":"Massages and rituals, solo or as a duo, for a relaxing break or to recover from an intense activity, ideal to recharge your batteries with the benefits of the \u201caliz\u00e9\u201d (trade winds) and tropical fragrances.","breadcrumb":{"@id":"https:\/\/www.habitation-saint-charles.com\/en\/spa-guadeloupe-petit-bourg\/spa-booking-guadeloupe-planity\/#breadcrumb"},"inLanguage":"en-US","potentialAction":[{"@type":"ReadAction","target":["https:\/\/www.habitation-saint-charles.com\/en\/spa-guadeloupe-petit-bourg\/spa-booking-guadeloupe-planity\/"]}]},{"@type":"ImageObject","inLanguage":"en-US","@id":"https:\/\/www.habitation-saint-charles.com\/en\/spa-guadeloupe-petit-bourg\/spa-booking-guadeloupe-planity\/#primaryimage","url":"https:\/\/www.habitation-saint-charles.com\/wp-content\/uploads\/sites\/164\/2025\/11\/SPA_Cohen-HABITATION-ST-CHARLES-54-1.jpg","contentUrl":"https:\/\/www.habitation-saint-charles.com\/wp-content\/uploads\/sites\/164\/2025\/11\/SPA_Cohen-HABITATION-ST-CHARLES-54-1.jpg","width":1100,"height":734,"caption":"Vue int\u00e9rieure d'un carbet traditionnel en bois du Spa Les Aliz\u00e9s \u00e0 Petit-Bourg, Guadeloupe, abritant deux tables de massage pr\u00eates pour des soins en duo. La lumi\u00e8re naturelle filtre \u00e0 travers des rideaux jaunes, s'ouvrant sur un luxuriant jardin tropical, cr\u00e9ant un havre de paix et de d\u00e9tente."},{"@type":"BreadcrumbList","@id":"https:\/\/www.habitation-saint-charles.com\/en\/spa-guadeloupe-petit-bourg\/spa-booking-guadeloupe-planity\/#breadcrumb","itemListElement":[{"@type":"ListItem","position":1,"name":"Home","item":"https:\/\/www.habitation-saint-charles.com\/en\/"},{"@type":"ListItem","position":2,"name":"Spa Les Aliz\u00e9s","item":"https:\/\/www.habitation-saint-charles.com\/en\/spa-guadeloupe-petit-bourg\/"},{"@type":"ListItem","position":3,"name":"Book Your Spa Experience in Guadeloupe"}]},{"@type":"WebSite","@id":"https:\/\/www.habitation-saint-charles.com\/en\/#website","url":"https:\/\/www.habitation-saint-charles.com\/en\/","name":"Habitation Saint Charles","description":"","publisher":{"@id":"https:\/\/www.habitation-saint-charles.com\/en\/#organization"},"potentialAction":[{"@type":"SearchAction","target":{"@type":"EntryPoint","urlTemplate":"https:\/\/www.habitation-saint-charles.com\/en\/?s={search_term_string}"},"query-input":{"@type":"PropertyValueSpecification","valueRequired":true,"valueName":"search_term_string"}}],"inLanguage":"en-US"},{"@type":"Organization","@id":"https:\/\/www.habitation-saint-charles.com\/en\/#organization","name":"Habitation Saint Charles","url":"https:\/\/www.habitation-saint-charles.com\/en\/","logo":{"@type":"ImageObject","inLanguage":"en-US","@id":"https:\/\/www.habitation-saint-charles.com\/en\/#\/schema\/logo\/image\/","url":"https:\/\/www.habitation-saint-charles.com\/wp-content\/uploads\/sites\/164\/2020\/08\/Logo-Habitation-Saint-Charles-2.png","contentUrl":"https:\/\/www.habitation-saint-charles.com\/wp-content\/uploads\/sites\/164\/2020\/08\/Logo-Habitation-Saint-Charles-2.png","width":799,"height":609,"caption":"Habitation Saint Charles"},"image":{"@id":"https:\/\/www.habitation-saint-charles.com\/en\/#\/schema\/logo\/image\/"}}]}},"acf":[],"_links":{"self":[{"href":"https:\/\/www.habitation-saint-charles.com\/en\/wp-json\/wp\/v2\/pages\/181","targetHints":{"allow":["GET"]}}],"collection":[{"href":"https:\/\/www.habitation-saint-charles.com\/en\/wp-json\/wp\/v2\/pages"}],"about":[{"href":"https:\/\/www.habitation-saint-charles.com\/en\/wp-json\/wp\/v2\/types\/page"}],"author":[{"embeddable":true,"href":"https:\/\/www.habitation-saint-charles.com\/en\/wp-json\/wp\/v2\/users\/137"}],"replies":[{"embeddable":true,"href":"https:\/\/www.habitation-saint-charles.com\/en\/wp-json\/wp\/v2\/comments?post=181"}],"version-history":[{"count":0,"href":"https:\/\/www.habitation-saint-charles.com\/en\/wp-json\/wp\/v2\/pages\/181\/revisions"}],"up":[{"embeddable":true,"href":"https:\/\/www.habitation-saint-charles.com\/en\/wp-json\/wp\/v2\/pages\/178"}],"wp:featuredmedia":[{"embeddable":true,"href":"https:\/\/www.habitation-saint-charles.com\/en\/wp-json\/wp\/v2\/media\/1208"}],"wp:attachment":[{"href":"https:\/\/www.habitation-saint-charles.com\/en\/wp-json\/wp\/v2\/media?parent=181"}],"curies":[{"name":"wp","href":"https:\/\/api.w.org\/{rel}","templated":true}]}}