{"id":148,"date":"2020-04-14T13:43:47","date_gmt":"2020-04-14T13:43:47","guid":{"rendered":"http:\/\/habitation-saint-charles.ms.decms.eu\/chambres\/bungalows-prestige\/"},"modified":"2026-03-19T00:23:32","modified_gmt":"2026-03-19T00:23:32","slug":"bungalows-prestige-with-jacuzzi","status":"publish","type":"page","link":"https:\/\/www.habitation-saint-charles.com\/en\/charming-rooms-bungalows-guadeloupe\/bungalows-prestige-with-jacuzzi\/","title":{"rendered":"Bungalows premium 2 bedrooms"},"content":{"rendered":"<p><em><strong>Bungalows Premium 2 bedrooms : La Cr\u00e9ole, Le Formidable, L\u2019Esp\u00e9rance, la Santa Maria<\/strong><\/em><\/p>\n<div style=\"text-align: justify\">\n<p>Premium Bungalows with private pool, in our charming <a href=\"https:\/\/www.habitation-saint-charles.com\/en\/hotel-guadeloupe\/\">4* Hotel in Guadeloupe<\/a>, are designed for families and stays with friends. They combine space, comfort and elegance, in the heart of a lush environment in <a href=\"https:\/\/en.wikipedia.org\/wiki\/Petit-Bourg\">Petit-Bourg<\/a>. Here, nature and refinement come together to offer a unique stay experience.<\/p>\n<p>Built from precious woods and natural stones of Burgundy, each bungalow embodies the authenticity of the West Indies. Noble materials and soft tones create a peaceful atmosphere. The whole exudes serenity and well-being. From the entrance, natural light and careful decoration immerse visitors in a soothing tropical atmosphere.<\/p>\n<p>Each Premium Bungalow has two comfortable bedrooms: one with a bed 180&#215;200, the other with two beds 90&#215;200. The two bathrooms, equipped with walk-in showers, guarantee comfort and privacy. The spacious and bright living room, extended by a kitchenette, invites you to share convivial moments in complete autonomy.<\/p>\n<p>The outdoor terrace, lined with tropical vegetation, offers a real living space. You will find a natural stone basin, an outdoor shower, a summer lounge under pergola and a dining area. It is the ideal place to savor a breakfast or enjoy the sweetness of the evening.<\/p>\n<p>In addition, our guests benefit from all the services of the establishment: landscaped swimming pool, restaurant La <a href=\"https:\/\/www.habitation-saint-charles.com\/en\/restaurant-bar\/\">Table Saint Charles<\/a>, <a href=\"https:\/\/www.habitation-saint-charles.com\/en\/spa\/\">Spa Les Aliz\u00e9s<\/a> and concierge. Finally, for total relaxation, an exclusive 20% discount applies to spa treatments.<\/p>\n<p>Premium Bungalows with private pool in Guadeloupe offer a rare experience: that of an elegant, comfortable stay deeply rooted in tropical nature.<\/p>\n<\/div>\n","protected":false},"excerpt":{"rendered":"<p>Bungalows Premium 2 bedrooms : La Cr\u00e9ole, Le Formidable, L\u2019Esp\u00e9rance, la Santa Maria Premium Bungalows with private pool, in our charming 4* Hotel in Guadeloupe, are designed for families and stays with friends. They combine space, comfort and elegance, in the heart of a lush environment in Petit-Bourg. Here, nature and refinement come together to [&hellip;]<\/p>\n","protected":false},"author":137,"featured_media":930,"parent":139,"menu_order":100,"comment_status":"closed","ping_status":"closed","template":"template-single-room.php","meta":{"footnotes":""},"class_list":["post-148","page","type-page","status-publish","has-post-thumbnail","hentry"],"yoast_head":"<!-- This site is optimized with the Yoast SEO plugin v26.9 - https:\/\/yoast.com\/product\/yoast-seo-wordpress\/ -->\n<title>Bungalows Prestige | H\u00f4tel-boutique 4 \u00e9toiles Habitation Saint-Charles<\/title>\n<meta name=\"robots\" content=\"index, follow, max-snippet:-1, max-image-preview:large, max-video-preview:-1\" \/>\n<link rel=\"canonical\" href=\"https:\/\/www.habitation-saint-charles.com\/en\/charming-rooms-bungalows-guadeloupe\/bungalows-prestige-with-jacuzzi\/\" \/>\n<meta property=\"og:locale\" content=\"en_US\" \/>\n<meta property=\"og:type\" content=\"article\" \/>\n<meta property=\"og:title\" content=\"Bungalows Prestige | H\u00f4tel-boutique 4 \u00e9toiles Habitation Saint-Charles\" \/>\n<meta property=\"og:description\" content=\"Bungalows Premium 2 bedrooms : La Cr\u00e9ole, Le Formidable, L\u2019Esp\u00e9rance, la Santa Maria Premium Bungalows with private pool, in our charming 4* Hotel in Guadeloupe, are designed for families and stays with friends. They combine space, comfort and elegance, in the heart of a lush environment in Petit-Bourg. Here, nature and refinement come together to [&hellip;]\" \/>\n<meta property=\"og:url\" content=\"https:\/\/www.habitation-saint-charles.com\/en\/charming-rooms-bungalows-guadeloupe\/bungalows-prestige-with-jacuzzi\/\" \/>\n<meta property=\"og:site_name\" content=\"Habitation Saint Charles\" \/>\n<meta property=\"article:modified_time\" content=\"2026-03-19T00:23:32+00:00\" \/>\n<meta property=\"og:image\" content=\"https:\/\/www.habitation-saint-charles.com\/wp-content\/uploads\/sites\/164\/2023\/01\/Cohen-HABITATION-ST-CHARLES-27-2.jpg\" \/>\n\t<meta property=\"og:image:width\" content=\"1798\" \/>\n\t<meta property=\"og:image:height\" content=\"1200\" \/>\n\t<meta property=\"og:image:type\" content=\"image\/jpeg\" \/>\n<meta name=\"twitter:card\" content=\"summary_large_image\" \/>\n<meta name=\"twitter:label1\" content=\"Est. reading time\" \/>\n\t<meta name=\"twitter:data1\" content=\"1 minute\" \/>\n<script type=\"application\/ld+json\" class=\"yoast-schema-graph\">{\"@context\":\"https:\/\/schema.org\",\"@graph\":[{\"@type\":\"WebPage\",\"@id\":\"https:\/\/www.habitation-saint-charles.com\/en\/charming-rooms-bungalows-guadeloupe\/bungalows-prestige-with-jacuzzi\/\",\"url\":\"https:\/\/www.habitation-saint-charles.com\/en\/charming-rooms-bungalows-guadeloupe\/bungalows-prestige-with-jacuzzi\/\",\"name\":\"Bungalows Prestige | H\u00f4tel-boutique 4 \u00e9toiles Habitation Saint-Charles\",\"isPartOf\":{\"@id\":\"https:\/\/www.habitation-saint-charles.com\/en\/#website\"},\"primaryImageOfPage\":{\"@id\":\"https:\/\/www.habitation-saint-charles.com\/en\/charming-rooms-bungalows-guadeloupe\/bungalows-prestige-with-jacuzzi\/#primaryimage\"},\"image\":{\"@id\":\"https:\/\/www.habitation-saint-charles.com\/en\/charming-rooms-bungalows-guadeloupe\/bungalows-prestige-with-jacuzzi\/#primaryimage\"},\"thumbnailUrl\":\"https:\/\/www.habitation-saint-charles.com\/wp-content\/uploads\/sites\/164\/2023\/01\/Cohen-HABITATION-ST-CHARLES-27-2.jpg\",\"datePublished\":\"2020-04-14T13:43:47+00:00\",\"dateModified\":\"2026-03-19T00:23:32+00:00\",\"breadcrumb\":{\"@id\":\"https:\/\/www.habitation-saint-charles.com\/en\/charming-rooms-bungalows-guadeloupe\/bungalows-prestige-with-jacuzzi\/#breadcrumb\"},\"inLanguage\":\"en-US\",\"potentialAction\":[{\"@type\":\"ReadAction\",\"target\":[\"https:\/\/www.habitation-saint-charles.com\/en\/charming-rooms-bungalows-guadeloupe\/bungalows-prestige-with-jacuzzi\/\"]}]},{\"@type\":\"ImageObject\",\"inLanguage\":\"en-US\",\"@id\":\"https:\/\/www.habitation-saint-charles.com\/en\/charming-rooms-bungalows-guadeloupe\/bungalows-prestige-with-jacuzzi\/#primaryimage\",\"url\":\"https:\/\/www.habitation-saint-charles.com\/wp-content\/uploads\/sites\/164\/2023\/01\/Cohen-HABITATION-ST-CHARLES-27-2.jpg\",\"contentUrl\":\"https:\/\/www.habitation-saint-charles.com\/wp-content\/uploads\/sites\/164\/2023\/01\/Cohen-HABITATION-ST-CHARLES-27-2.jpg\",\"width\":1798,\"height\":1200,\"caption\":\"Bungalow avec piscine priv\u00e9e et terrasse\"},{\"@type\":\"BreadcrumbList\",\"@id\":\"https:\/\/www.habitation-saint-charles.com\/en\/charming-rooms-bungalows-guadeloupe\/bungalows-prestige-with-jacuzzi\/#breadcrumb\",\"itemListElement\":[{\"@type\":\"ListItem\",\"position\":1,\"name\":\"Home\",\"item\":\"https:\/\/www.habitation-saint-charles.com\/en\/\"},{\"@type\":\"ListItem\",\"position\":2,\"name\":\"Rooms, Bungalows &amp; Suites\",\"item\":\"https:\/\/www.habitation-saint-charles.com\/en\/charming-rooms-bungalows-guadeloupe\/\"},{\"@type\":\"ListItem\",\"position\":3,\"name\":\"Bungalows premium 2 bedrooms\"}]},{\"@type\":\"WebSite\",\"@id\":\"https:\/\/www.habitation-saint-charles.com\/en\/#website\",\"url\":\"https:\/\/www.habitation-saint-charles.com\/en\/\",\"name\":\"Habitation Saint Charles\",\"description\":\"\",\"publisher\":{\"@id\":\"https:\/\/www.habitation-saint-charles.com\/en\/#organization\"},\"potentialAction\":[{\"@type\":\"SearchAction\",\"target\":{\"@type\":\"EntryPoint\",\"urlTemplate\":\"https:\/\/www.habitation-saint-charles.com\/en\/?s={search_term_string}\"},\"query-input\":{\"@type\":\"PropertyValueSpecification\",\"valueRequired\":true,\"valueName\":\"search_term_string\"}}],\"inLanguage\":\"en-US\"},{\"@type\":\"Organization\",\"@id\":\"https:\/\/www.habitation-saint-charles.com\/en\/#organization\",\"name\":\"Habitation Saint Charles\",\"url\":\"https:\/\/www.habitation-saint-charles.com\/en\/\",\"logo\":{\"@type\":\"ImageObject\",\"inLanguage\":\"en-US\",\"@id\":\"https:\/\/www.habitation-saint-charles.com\/en\/#\/schema\/logo\/image\/\",\"url\":\"https:\/\/www.habitation-saint-charles.com\/wp-content\/uploads\/sites\/164\/2020\/08\/Logo-Habitation-Saint-Charles-2.png\",\"contentUrl\":\"https:\/\/www.habitation-saint-charles.com\/wp-content\/uploads\/sites\/164\/2020\/08\/Logo-Habitation-Saint-Charles-2.png\",\"width\":799,\"height\":609,\"caption\":\"Habitation Saint Charles\"},\"image\":{\"@id\":\"https:\/\/www.habitation-saint-charles.com\/en\/#\/schema\/logo\/image\/\"}}]}<\/script>\n<!-- \/ Yoast SEO plugin. -->","yoast_head_json":{"title":"Bungalows Prestige | H\u00f4tel-boutique 4 \u00e9toiles Habitation Saint-Charles","robots":{"index":"index","follow":"follow","max-snippet":"max-snippet:-1","max-image-preview":"max-image-preview:large","max-video-preview":"max-video-preview:-1"},"canonical":"https:\/\/www.habitation-saint-charles.com\/en\/charming-rooms-bungalows-guadeloupe\/bungalows-prestige-with-jacuzzi\/","og_locale":"en_US","og_type":"article","og_title":"Bungalows Prestige | H\u00f4tel-boutique 4 \u00e9toiles Habitation Saint-Charles","og_description":"Bungalows Premium 2 bedrooms : La Cr\u00e9ole, Le Formidable, L\u2019Esp\u00e9rance, la Santa Maria Premium Bungalows with private pool, in our charming 4* Hotel in Guadeloupe, are designed for families and stays with friends. They combine space, comfort and elegance, in the heart of a lush environment in Petit-Bourg. Here, nature and refinement come together to [&hellip;]","og_url":"https:\/\/www.habitation-saint-charles.com\/en\/charming-rooms-bungalows-guadeloupe\/bungalows-prestige-with-jacuzzi\/","og_site_name":"Habitation Saint Charles","article_modified_time":"2026-03-19T00:23:32+00:00","og_image":[{"width":1798,"height":1200,"url":"https:\/\/www.habitation-saint-charles.com\/wp-content\/uploads\/sites\/164\/2023\/01\/Cohen-HABITATION-ST-CHARLES-27-2.jpg","type":"image\/jpeg"}],"twitter_card":"summary_large_image","twitter_misc":{"Est. reading time":"1 minute"},"schema":{"@context":"https:\/\/schema.org","@graph":[{"@type":"WebPage","@id":"https:\/\/www.habitation-saint-charles.com\/en\/charming-rooms-bungalows-guadeloupe\/bungalows-prestige-with-jacuzzi\/","url":"https:\/\/www.habitation-saint-charles.com\/en\/charming-rooms-bungalows-guadeloupe\/bungalows-prestige-with-jacuzzi\/","name":"Bungalows Prestige | H\u00f4tel-boutique 4 \u00e9toiles Habitation Saint-Charles","isPartOf":{"@id":"https:\/\/www.habitation-saint-charles.com\/en\/#website"},"primaryImageOfPage":{"@id":"https:\/\/www.habitation-saint-charles.com\/en\/charming-rooms-bungalows-guadeloupe\/bungalows-prestige-with-jacuzzi\/#primaryimage"},"image":{"@id":"https:\/\/www.habitation-saint-charles.com\/en\/charming-rooms-bungalows-guadeloupe\/bungalows-prestige-with-jacuzzi\/#primaryimage"},"thumbnailUrl":"https:\/\/www.habitation-saint-charles.com\/wp-content\/uploads\/sites\/164\/2023\/01\/Cohen-HABITATION-ST-CHARLES-27-2.jpg","datePublished":"2020-04-14T13:43:47+00:00","dateModified":"2026-03-19T00:23:32+00:00","breadcrumb":{"@id":"https:\/\/www.habitation-saint-charles.com\/en\/charming-rooms-bungalows-guadeloupe\/bungalows-prestige-with-jacuzzi\/#breadcrumb"},"inLanguage":"en-US","potentialAction":[{"@type":"ReadAction","target":["https:\/\/www.habitation-saint-charles.com\/en\/charming-rooms-bungalows-guadeloupe\/bungalows-prestige-with-jacuzzi\/"]}]},{"@type":"ImageObject","inLanguage":"en-US","@id":"https:\/\/www.habitation-saint-charles.com\/en\/charming-rooms-bungalows-guadeloupe\/bungalows-prestige-with-jacuzzi\/#primaryimage","url":"https:\/\/www.habitation-saint-charles.com\/wp-content\/uploads\/sites\/164\/2023\/01\/Cohen-HABITATION-ST-CHARLES-27-2.jpg","contentUrl":"https:\/\/www.habitation-saint-charles.com\/wp-content\/uploads\/sites\/164\/2023\/01\/Cohen-HABITATION-ST-CHARLES-27-2.jpg","width":1798,"height":1200,"caption":"Bungalow avec piscine priv\u00e9e et terrasse"},{"@type":"BreadcrumbList","@id":"https:\/\/www.habitation-saint-charles.com\/en\/charming-rooms-bungalows-guadeloupe\/bungalows-prestige-with-jacuzzi\/#breadcrumb","itemListElement":[{"@type":"ListItem","position":1,"name":"Home","item":"https:\/\/www.habitation-saint-charles.com\/en\/"},{"@type":"ListItem","position":2,"name":"Rooms, Bungalows &amp; Suites","item":"https:\/\/www.habitation-saint-charles.com\/en\/charming-rooms-bungalows-guadeloupe\/"},{"@type":"ListItem","position":3,"name":"Bungalows premium 2 bedrooms"}]},{"@type":"WebSite","@id":"https:\/\/www.habitation-saint-charles.com\/en\/#website","url":"https:\/\/www.habitation-saint-charles.com\/en\/","name":"Habitation Saint Charles","description":"","publisher":{"@id":"https:\/\/www.habitation-saint-charles.com\/en\/#organization"},"potentialAction":[{"@type":"SearchAction","target":{"@type":"EntryPoint","urlTemplate":"https:\/\/www.habitation-saint-charles.com\/en\/?s={search_term_string}"},"query-input":{"@type":"PropertyValueSpecification","valueRequired":true,"valueName":"search_term_string"}}],"inLanguage":"en-US"},{"@type":"Organization","@id":"https:\/\/www.habitation-saint-charles.com\/en\/#organization","name":"Habitation Saint Charles","url":"https:\/\/www.habitation-saint-charles.com\/en\/","logo":{"@type":"ImageObject","inLanguage":"en-US","@id":"https:\/\/www.habitation-saint-charles.com\/en\/#\/schema\/logo\/image\/","url":"https:\/\/www.habitation-saint-charles.com\/wp-content\/uploads\/sites\/164\/2020\/08\/Logo-Habitation-Saint-Charles-2.png","contentUrl":"https:\/\/www.habitation-saint-charles.com\/wp-content\/uploads\/sites\/164\/2020\/08\/Logo-Habitation-Saint-Charles-2.png","width":799,"height":609,"caption":"Habitation Saint Charles"},"image":{"@id":"https:\/\/www.habitation-saint-charles.com\/en\/#\/schema\/logo\/image\/"}}]}},"acf":[],"_links":{"self":[{"href":"https:\/\/www.habitation-saint-charles.com\/en\/wp-json\/wp\/v2\/pages\/148","targetHints":{"allow":["GET"]}}],"collection":[{"href":"https:\/\/www.habitation-saint-charles.com\/en\/wp-json\/wp\/v2\/pages"}],"about":[{"href":"https:\/\/www.habitation-saint-charles.com\/en\/wp-json\/wp\/v2\/types\/page"}],"author":[{"embeddable":true,"href":"https:\/\/www.habitation-saint-charles.com\/en\/wp-json\/wp\/v2\/users\/137"}],"replies":[{"embeddable":true,"href":"https:\/\/www.habitation-saint-charles.com\/en\/wp-json\/wp\/v2\/comments?post=148"}],"version-history":[{"count":0,"href":"https:\/\/www.habitation-saint-charles.com\/en\/wp-json\/wp\/v2\/pages\/148\/revisions"}],"up":[{"embeddable":true,"href":"https:\/\/www.habitation-saint-charles.com\/en\/wp-json\/wp\/v2\/pages\/139"}],"wp:featuredmedia":[{"embeddable":true,"href":"https:\/\/www.habitation-saint-charles.com\/en\/wp-json\/wp\/v2\/media\/930"}],"wp:attachment":[{"href":"https:\/\/www.habitation-saint-charles.com\/en\/wp-json\/wp\/v2\/media?parent=148"}],"curies":[{"name":"wp","href":"https:\/\/api.w.org\/{rel}","templated":true}]}}